{"id":1481,"date":"2023-07-06T13:18:41","date_gmt":"2023-07-06T12:18:41","guid":{"rendered":"https:\/\/oliverlehmann.com\/?page_id=1481"},"modified":"2024-12-16T19:19:05","modified_gmt":"2024-12-16T18:19:05","slug":"impressum-copyright","status":"publish","type":"page","link":"https:\/\/oliverlehmann.com\/de\/legal\/impressum-copyright\/","title":{"rendered":"Impressum &amp; Copyright"},"content":{"rendered":"<div class=\"wp-block-cover alignfull is-light\"><span aria-hidden=\"true\" class=\"wp-block-cover__background has-background-dim\"><\/span><img loading=\"lazy\" decoding=\"async\" width=\"2560\" height=\"1006\" class=\"wp-block-cover__image-background wp-image-1522\" alt=\"\" src=\"https:\/\/oliverlehmann.com\/wp-content\/uploads\/2023\/07\/getty-images-3qvhDhV-ugQ-unsplash-scaled.jpg\" style=\"object-position:27% 28%\" data-object-fit=\"cover\" data-object-position=\"27% 28%\" srcset=\"https:\/\/oliverlehmann.com\/wp-content\/uploads\/2023\/07\/getty-images-3qvhDhV-ugQ-unsplash-scaled.jpg 2560w, https:\/\/oliverlehmann.com\/wp-content\/uploads\/2023\/07\/getty-images-3qvhDhV-ugQ-unsplash-300x118.jpg 300w, https:\/\/oliverlehmann.com\/wp-content\/uploads\/2023\/07\/getty-images-3qvhDhV-ugQ-unsplash-1024x402.jpg 1024w, https:\/\/oliverlehmann.com\/wp-content\/uploads\/2023\/07\/getty-images-3qvhDhV-ugQ-unsplash-768x302.jpg 768w, https:\/\/oliverlehmann.com\/wp-content\/uploads\/2023\/07\/getty-images-3qvhDhV-ugQ-unsplash-1536x604.jpg 1536w, https:\/\/oliverlehmann.com\/wp-content\/uploads\/2023\/07\/getty-images-3qvhDhV-ugQ-unsplash-2048x805.jpg 2048w\" sizes=\"auto, (max-width: 2560px) 100vw, 2560px\" \/><div class=\"wp-block-cover__inner-container is-layout-flow wp-block-cover-is-layout-flow\">\n<h1 class=\"gutenakitid-c1345716-5d17-4f46-947a-01b6cef590b2  wp-block-heading has-text-align-center has-base-color has-text-color has-large-font-size\">Gesch\u00e4ftsdaten, Impressum und Urheberrecht<\/h1>\n<\/div><\/div>\n\n\n\n<p class=\"gutenakitid-aede4ee6-9ce9-45ec-8612-a74d469b0299  has-text-align-center\">Auf dieser Seite: <a href=\"#impressum\" title=\"\">Gesch\u00e4ftsdaten &amp; Impressum<\/a> | <a href=\"#ip\" title=\"\">Geistiges Eigentum<\/a><\/p>\n\n\n\n<h2 class=\"wp-block-heading has-text-align-center\" id=\"impressum\">Gesch\u00e4ftsdaten und Impressum<\/h2>\n\n\n\n<p class=\"gutenakitid-f5b3e3aa-e200-4dfa-bdf8-d41d31b5d330\" > Gem\u00e4\u00df \u00a75 Dt. Telemediengesetz<\/p>\n\n\n\n<div class=\"wp-block-columns is-layout-flex wp-container-core-columns-is-layout-28f84493 wp-block-columns-is-layout-flex\">\n<div class=\"wp-block-column is-layout-flow wp-block-column-is-layout-flow\" style=\"flex-basis:33.33%\">\n<p class=\"gutenakitid-322466ae-5cc9-4fea-881a-da2e432157e5\" > Name Adresse:<\/p>\n<\/div>\n\n\n\n<div class=\"wp-block-column is-layout-flow wp-block-column-is-layout-flow\" style=\"flex-basis:66.66%\">\n<p>Oliver F. Lehmann<br>Training f\u00fcr Projektgesch\u00e4ft<br>Trollblumenstra\u00dfe 39g<br>80995 M\u00fcnchen<strong><br><\/strong>Bayern, Deutschland<\/p>\n<\/div>\n<\/div>\n\n\n\n<div class=\"wp-block-columns is-layout-flex wp-container-core-columns-is-layout-28f84493 wp-block-columns-is-layout-flex\">\n<div class=\"wp-block-column is-layout-flow wp-block-column-is-layout-flow\" style=\"flex-basis:33.33%\">\n<p class=\"gutenakitid-118bf4e9-2ae3-4512-b550-4a2a23d347a6\" > Schneller Kontakt:<\/p>\n<\/div>\n\n\n\n<div class=\"wp-block-column is-layout-flow wp-block-column-is-layout-flow\" style=\"flex-basis:66.66%\">\n<p class=\"gutenakitid-e5893c6a-9353-4c3a-baf7-56a151e297da\" > <a href=\"\/de\/contact\/\" title=\"\">Kontaktformular<\/a><\/p>\n\n\n\n<p class=\"gutenakitid-e5893c6a-9353-4c3a-baf7-56a151e297da\" > Email:&nbsp;<a href=\"mailto:oliver@oliverlehmann.com\">oliver@oliverlehmann.com<\/a><br>Telefon:&nbsp;<a href=\"tel:+498996049560\">+49 89 &#8211; 96 04 95 60<\/a><br><\/p>\n<\/div>\n<\/div>\n\n\n\n<div class=\"wp-block-columns is-layout-flex wp-container-core-columns-is-layout-28f84493 wp-block-columns-is-layout-flex\">\n<div class=\"wp-block-column is-layout-flow wp-block-column-is-layout-flow\" style=\"flex-basis:33.33%\">\n<p class=\"gutenakitid-118bf4e9-2ae3-4512-b550-4a2a23d347a6\" > Verantwortlich:<\/p>\n<\/div>\n\n\n\n<div class=\"wp-block-column is-layout-flow wp-block-column-is-layout-flow\" style=\"flex-basis:66.66%\">\n<p>Oliver F. Lehmann, MSc, ACE, PMP<\/p>\n<\/div>\n<\/div>\n\n\n\n<div class=\"wp-block-columns is-layout-flex wp-container-core-columns-is-layout-28f84493 wp-block-columns-is-layout-flex\">\n<div class=\"wp-block-column is-layout-flow wp-block-column-is-layout-flow\" style=\"flex-basis:33.33%\">\n<p class=\"gutenakitid-118bf4e9-2ae3-4512-b550-4a2a23d347a6\" > Best\u00e4tigung der Qualifikation:<\/p>\n<\/div>\n\n\n\n<div class=\"wp-block-column is-layout-flow wp-block-column-is-layout-flow\" style=\"flex-basis:66.66%\">\n<p>Abschl\u00fcsse &amp; Zertifikate:<\/p>\n\n\n\n<ul class=\"wp-block-list\">\n<li>Master of Science in Projektmanagement (MSc), mit Auszeichnung<br>Universit\u00e4t Liverpool, #00084268<br>Liverpool, UK<\/li>\n\n\n\n<li>Anerkannter Berater und Ausbilder (ACE\u00ae)<br>Project Business Foundation, #003<br>Sisseln, Schweiz<br>Hinweis: Seit dem 1. Juli 2022 ist die Project Business Foundation eine professionelle Plattform im Besitz von Oliver F. Lehmann, M\u00fcnchen, Deutschland.<\/li>\n\n\n\n<li>Autorisierter Ausbilder f\u00fcr Schulungsanbieter<br>Project Management Institute (PMI\u00ae)<br>Newtown Square, PA, USA<\/li>\n\n\n\n<li>Project Management Professional<br>Project Management Institute (PMI\u00ae), #31045<br>Newtown Square, PA, USA<\/li>\n\n\n\n<li>PPM.APMP \u2013 Zertifizierter Proposal Management Professional und Trainer<br>Association for Proposal Management Professionals (APMP), #100358<br>Washington D.C., USA<\/li>\n\n\n\n<li>Microsoft-zertifizierter Trainer<br>Microsoft, #337366<br>Redmond, WA, USA<\/li>\n<\/ul>\n<\/div>\n<\/div>\n\n\n\n<div class=\"wp-block-columns is-layout-flex wp-container-core-columns-is-layout-28f84493 wp-block-columns-is-layout-flex\">\n<div class=\"wp-block-column is-layout-flow wp-block-column-is-layout-flow\" style=\"flex-basis:33.33%\">\n<p class=\"gutenakitid-118bf4e9-2ae3-4512-b550-4a2a23d347a6\" > USt-Id (gem. \u00a7 27a UStG):<\/p>\n<\/div>\n\n\n\n<div class=\"wp-block-column is-layout-flow wp-block-column-is-layout-flow\" style=\"flex-basis:66.66%\">\n<p>DE175431111<\/p>\n<\/div>\n<\/div>\n\n\n\n<div class=\"wp-block-columns is-layout-flex wp-container-core-columns-is-layout-28f84493 wp-block-columns-is-layout-flex\">\n<div class=\"wp-block-column is-layout-flow wp-block-column-is-layout-flow\" style=\"flex-basis:33.33%\">\n<p class=\"gutenakitid-6e7c15ac-4ea8-4d87-9b7d-6ce71fbdb442\" > SAP Ariba ANIDs:<\/p>\n<\/div>\n\n\n\n<div class=\"wp-block-column is-layout-flow wp-block-column-is-layout-flow\" style=\"flex-basis:66.66%\">\n<p>AN11215113141<br><a href=\"https:\/\/mu.ariba.com\/profile\/public?anId=AN11187784305\" target=\"_blank\" rel=\"noreferrer noopener\">AN11187784305<\/a><\/p>\n<\/div>\n<\/div>\n\n\n\n<div class=\"wp-block-columns is-layout-flex wp-container-core-columns-is-layout-28f84493 wp-block-columns-is-layout-flex\">\n<div class=\"wp-block-column is-layout-flow wp-block-column-is-layout-flow\" style=\"flex-basis:33.33%\">\n<p class=\"gutenakitid-6e7c15ac-4ea8-4d87-9b7d-6ce71fbdb442\" > LinkedIn-Profil:<\/p>\n<\/div>\n\n\n\n<div class=\"wp-block-column is-layout-flow wp-block-column-is-layout-flow\" style=\"flex-basis:66.66%\">\n<p class=\"gutenakitid-a61fcfdb-73bc-46e0-a4d7-c532a3d4c4f8\" > <a href=\"https:\/\/www.linkedin.com\/in\/oliverlehmann\/\" target=\"_blank\" rel=\"noopener\" title=\"\">https:\/\/www.linkedin.com\/in\/oliverlehmann<\/a><\/p>\n<\/div>\n<\/div>\n\n\n\n<div class=\"wp-block-columns is-layout-flex wp-container-core-columns-is-layout-28f84493 wp-block-columns-is-layout-flex\">\n<div class=\"wp-block-column is-layout-flow wp-block-column-is-layout-flow\" style=\"flex-basis:33.33%\">\n<p class=\"gutenakitid-118bf4e9-2ae3-4512-b550-4a2a23d347a6\" > Externe Links:<\/p>\n<\/div>\n\n\n\n<div class=\"gutenakitid-b209f423-5a37-4c72-9b87-9922cadb420c  wp-block-column is-layout-flow wp-block-column-is-layout-flow\" style=\"flex-basis:66.66%\">\n<p>Diese Website bietet Hyperlink-Zugriff auf eine Vielzahl von Internetseiten und Ressourcen Dritter. Obwohl wir alle angemessenen Anstrengungen unternehmen, um ihre Eignung sicherzustellen, haben wir keine Kontrolle \u00fcber sie und k\u00f6nnen nicht f\u00fcr Sch\u00e4den haftbar gemacht werden, die sich aus ihrem Zugriff oder ihrer Nutzung ergeben. Dar\u00fcber hinaus sind wir nicht f\u00fcr die Datenschutzpraktiken und Datenerfassungsrichtlinien der Drittanbieter verantwortlich, die diese Websites betreiben.<\/p>\n\n\n\n<p>Einzelheiten hierzu finden Sie in den Datenschutzerkl\u00e4rungen dieser Drittanbieterdienste und Sie sollten dieselbe Vorsicht walten lassen, die Sie auch anderswo im Internet anwenden sollten.<\/p>\n\n\n\n<p>Wenn Sie feststellen, dass eine externe Website Ihre Benutzerrechte verletzt oder auf andere Weise sch\u00e4dlich ist, w\u00e4ren wir Ihnen dankbar, wenn Sie <a href=\"https:\/\/oliverlehmann.com\/de\/contact\/\" target=\"_blank\" rel=\"noopener\" title=\"Kontakt\">uns informieren<\/a>. Wir werden den Link umgehend entfernen.<\/p>\n<\/div>\n<\/div>\n\n\n\n<h2 class=\"wp-block-heading has-text-align-center\" id=\"ip\">Geistiges Eigentum<\/h2>\n\n\n\n<div class=\"wp-block-columns is-layout-flex wp-container-core-columns-is-layout-28f84493 wp-block-columns-is-layout-flex\">\n<div class=\"wp-block-column is-layout-flow wp-block-column-is-layout-flow\" style=\"flex-basis:33.33%\">\n<p class=\"gutenakitid-118bf4e9-2ae3-4512-b550-4a2a23d347a6\" > Urheberrechte \u00a9:<\/p>\n<\/div>\n\n\n\n<div class=\"gutenakitid-2f3f1b4f-f24a-4329-998f-084c0aa9fac8  wp-block-column is-layout-flow wp-block-column-is-layout-flow\" style=\"flex-basis:66.66%\">\n<p>Text und Gestaltung:<\/p>\n\n\n\n<ul class=\"wp-block-list\">\n<li>Oliver F. Lehmann<\/li>\n<\/ul>\n\n\n\n<p>Bilder:<\/p>\n\n\n\n<ul class=\"wp-block-list\">\n<li>Oliver F. Lehmann<\/li>\n\n\n\n<li>Project Business Foundation<\/li>\n\n\n\n<li>Shutterstock + assoziierte Bildautoren<\/li>\n\n\n\n<li>Pixabay + zugeh\u00f6rige Bildautoren<\/li>\n\n\n\n<li>Unsplash + zugeh\u00f6rige Bildautoren<\/li>\n<\/ul>\n\n\n\n<p>Hero-Video unter <a href=\"https:\/\/oliverlehmann.com\/de\/\" title=\"\">https:\/\/oliverlehmann.com<\/a> <\/p>\n\n\n\n<ul class=\"wp-block-list\">\n<li>Pexels, Rodnae Productions<\/li>\n<\/ul>\n<\/div>\n<\/div>\n\n\n\n<div class=\"wp-block-columns is-layout-flex wp-container-core-columns-is-layout-28f84493 wp-block-columns-is-layout-flex\">\n<div class=\"wp-block-column is-layout-flow wp-block-column-is-layout-flow\" style=\"flex-basis:33.33%\">\n<p class=\"gutenakitid-118bf4e9-2ae3-4512-b550-4a2a23d347a6\" > Eingetragene Marken:<\/p>\n<\/div>\n\n\n\n<div class=\"wp-block-column is-layout-flow wp-block-column-is-layout-flow\" style=\"flex-basis:66.66%\">\n<p>Alle genannten Marken sind Eigentum ihrer jeweiligen Inhaber, insbesondere:<\/p>\n\n\n\n<ul class=\"wp-block-list\">\n<li>Project Business Foundation, ACE, PBP und die zugeh\u00f6rigen Logos und Abzeichen sind eingetragene Marken von Oliver F. Lehmann, Project Business Foundation, M\u00fcnchen, Deutschland.<\/li>\n\n\n\n<li>PM World Journal, PM World Library und die zugeh\u00f6rigen Logos und Abzeichen sind eingetragene Marken von PM World Inc, Addison, TX, USA<\/li>\n\n\n\n<li>PMI, PMP, CAPM und die zugeh\u00f6rigen Logos und Abzeichen sind eingetragene Marken des Project Management Institute, Newtown Square, PA, USA.<\/li>\n\n\n\n<li>Professional Scrum Master, Professional Product Owner, PSM und PSPO sowie die zugeh\u00f6rigen Logos und Abzeichen sind eingetragene Marken von Advanced Development Methods, Burlington, MA, USA.<\/li>\n<\/ul>\n<\/div>\n<\/div>","protected":false},"excerpt":{"rendered":"<p>Auf dieser Seite: Unternehmensdaten &amp; Impressum | Angaben zum geistigen Eigentum und Impressum gem\u00e4\u00df \u00a7 5 Dt. Telemediengesetz Name, Anschrift: Oliver F. LehmannProject Business TrainingTrollblumenstra\u00dfe 39g80995 M\u00fcnchenBayern, Deutschland Schneller Kontakt: Kontaktformular E-Mail: oliver@oliverlehmann.comTelefon: +49 89 \u2013 96 04 95 60 Verantwortlich: Oliver F. Lehmann, MSc, ACE, PMP Qualifikationsnachweis: Abschl\u00fcsse &amp; Zertifikate: USt-IdNr. [\u2026]<\/p>","protected":false},"author":1,"featured_media":2548,"parent":1478,"menu_order":0,"comment_status":"closed","ping_status":"closed","template":"","meta":{"footnotes":""},"class_list":["post-1481","page","type-page","status-publish","has-post-thumbnail","hentry"],"aioseo_notices":[],"_links":{"self":[{"href":"https:\/\/oliverlehmann.com\/de\/wp-json\/wp\/v2\/pages\/1481","targetHints":{"allow":["GET"]}}],"collection":[{"href":"https:\/\/oliverlehmann.com\/de\/wp-json\/wp\/v2\/pages"}],"about":[{"href":"https:\/\/oliverlehmann.com\/de\/wp-json\/wp\/v2\/types\/page"}],"author":[{"embeddable":true,"href":"https:\/\/oliverlehmann.com\/de\/wp-json\/wp\/v2\/users\/1"}],"replies":[{"embeddable":true,"href":"https:\/\/oliverlehmann.com\/de\/wp-json\/wp\/v2\/comments?post=1481"}],"version-history":[{"count":26,"href":"https:\/\/oliverlehmann.com\/de\/wp-json\/wp\/v2\/pages\/1481\/revisions"}],"predecessor-version":[{"id":4165,"href":"https:\/\/oliverlehmann.com\/de\/wp-json\/wp\/v2\/pages\/1481\/revisions\/4165"}],"up":[{"embeddable":true,"href":"https:\/\/oliverlehmann.com\/de\/wp-json\/wp\/v2\/pages\/1478"}],"wp:featuredmedia":[{"embeddable":true,"href":"https:\/\/oliverlehmann.com\/de\/wp-json\/wp\/v2\/media\/2548"}],"wp:attachment":[{"href":"https:\/\/oliverlehmann.com\/de\/wp-json\/wp\/v2\/media?parent=1481"}],"curies":[{"name":"wp","href":"https:\/\/api.w.org\/{rel}","templated":true}]}}