{"id":2087,"date":"2023-07-12T11:33:50","date_gmt":"2023-07-12T10:33:50","guid":{"rendered":"https:\/\/oliverlehmann.com\/?page_id=2087"},"modified":"2023-08-06T20:23:00","modified_gmt":"2023-08-06T19:23:00","slug":"healing_days","status":"publish","type":"page","link":"https:\/\/oliverlehmann.com\/de\/support\/healing_days\/","title":{"rendered":"Healing Days"},"content":{"rendered":"<div class=\"wp-block-cover alignfull is-light\"><span aria-hidden=\"true\" class=\"wp-block-cover__background has-background-dim\"><\/span><img loading=\"lazy\" decoding=\"async\" width=\"1200\" height=\"412\" class=\"wp-block-cover__image-background wp-image-2088\" alt=\"\" src=\"https:\/\/oliverlehmann.com\/wp-content\/uploads\/2023\/07\/Background-People.jpg\" style=\"object-position:58% 13%\" data-object-fit=\"cover\" data-object-position=\"58% 13%\" srcset=\"https:\/\/oliverlehmann.com\/wp-content\/uploads\/2023\/07\/Background-People.jpg 1200w, https:\/\/oliverlehmann.com\/wp-content\/uploads\/2023\/07\/Background-People-300x103.jpg 300w, https:\/\/oliverlehmann.com\/wp-content\/uploads\/2023\/07\/Background-People-1024x352.jpg 1024w, https:\/\/oliverlehmann.com\/wp-content\/uploads\/2023\/07\/Background-People-768x264.jpg 768w\" sizes=\"auto, (max-width: 1200px) 100vw, 1200px\" \/><div class=\"wp-block-cover__inner-container is-layout-flow wp-block-cover-is-layout-flow\">\n<h1 class=\"gutenakitid-6540f702-7c78-41be-a2b1-87b22b37f93e  wp-block-heading has-text-align-center has-large-font-size\">Krisen im Projektgesch\u00e4ft schnell beenden mit<\/h1>\n\n\n\n<h1 class=\"gutenakitid-41f6aaa5-ae60-47dd-9617-9de68032f6cb  wp-block-heading has-text-align-center has-large-font-size\">Healing Days<\/h1>\n<\/div><\/div>\n\n\n\n<p class=\"gutenakitid-1fa17d80-b772-4299-bcfb-fd5cd2a01f45  has-text-align-center\">Auf dieser Seite: <a href=\"#business_case\" title=\"Business Case\">Business Case<\/a> | <a href=\"#prerequisites\" title=\"Voraussetzungen\">Voraussetzungen<\/a> | <a href=\"#agenda\" title=\"Grundlegende Agenda\">Grundlegende Agenda<\/a> | <a href=\"#outcome\" title=\"\">Ergebnis<\/a><\/p>\n\n\n\n<div class=\"wp-block-columns is-layout-flex wp-container-core-columns-is-layout-28f84493 wp-block-columns-is-layout-flex\">\n<div class=\"wp-block-column is-layout-flow wp-block-column-is-layout-flow\">\n<div class=\"wp-block-columns is-layout-flex wp-container-core-columns-is-layout-7466b548 wp-block-columns-is-layout-flex\" style=\"padding-top:var(--wp--preset--spacing--30);padding-right:var(--wp--preset--spacing--30);padding-bottom:var(--wp--preset--spacing--30);padding-left:var(--wp--preset--spacing--30)\">\n<div class=\"wp-block-column is-layout-flow wp-block-column-is-layout-flow\" style=\"flex-basis:100%\">\n<figure class=\"wp-block-image aligncenter size-large is-resized has-custom-border\"><img loading=\"lazy\" decoding=\"async\" src=\"\/wp-content\/uploads\/2023\/06\/Logo-sphere-1024x743.png\" alt=\"\" class=\"wp-image-998\" style=\"border-top-style:none;border-top-width:0px;border-bottom-style:none;border-bottom-width:0px\" width=\"110\" height=\"80\" srcset=\"https:\/\/oliverlehmann.com\/wp-content\/uploads\/2023\/06\/Logo-sphere-1024x743.png 1024w, https:\/\/oliverlehmann.com\/wp-content\/uploads\/2023\/06\/Logo-sphere-300x218.png 300w, https:\/\/oliverlehmann.com\/wp-content\/uploads\/2023\/06\/Logo-sphere-768x557.png 768w, https:\/\/oliverlehmann.com\/wp-content\/uploads\/2023\/06\/Logo-sphere.png 1059w\" sizes=\"auto, (max-width: 110px) 100vw, 110px\" \/><\/figure>\n<\/div>\n<\/div>\n<\/div>\n<\/div>\n\n\n\n<h2 class=\"wp-block-heading has-text-align-center\" id=\"business_case\">Healing Day \u2013 Der Business Case<\/h2>\n\n\n\n<div class=\"wp-block-columns is-layout-flex wp-container-core-columns-is-layout-28f84493 wp-block-columns-is-layout-flex\">\n<div class=\"wp-block-column is-layout-flow wp-block-column-is-layout-flow\" style=\"flex-basis:33%\">\n<figure class=\"wp-block-image size-full\"><img loading=\"lazy\" decoding=\"async\" width=\"1000\" height=\"667\" src=\"\/wp-content\/uploads\/2023\/07\/image-38.png\" alt=\"Someone cannot cope alone with the problems at hand and needs help.\" class=\"wp-image-2103\" srcset=\"https:\/\/oliverlehmann.com\/wp-content\/uploads\/2023\/07\/image-38.png 1000w, https:\/\/oliverlehmann.com\/wp-content\/uploads\/2023\/07\/image-38-300x200.png 300w, https:\/\/oliverlehmann.com\/wp-content\/uploads\/2023\/07\/image-38-768x512.png 768w\" sizes=\"auto, (max-width: 1000px) 100vw, 1000px\" \/><\/figure>\n<\/div>\n\n\n\n<div class=\"gutenakitid-897d4821-b46a-446e-a8d6-c4eefaf1e38d  wp-block-column is-layout-flow wp-block-column-is-layout-flow\" style=\"flex-basis:67%\">\n<blockquote class=\"wp-block-quote is-layout-flow wp-block-quote-is-layout-flow\" style=\"font-style:normal;font-weight:700\">\n<p class=\"gutenakitid-079d025e-1c8c-4493-9fda-fc7d4063d73d\" > Im Falle einer Krise im Projektgesch\u00e4ft mit Kunden und Auftragnehmern kann es erforderlich sein, einen Dritten einzubinden, um die Krise zu l\u00f6sen und das unternehmens\u00fcbergreifende Projekt zum Erfolg zu f\u00fchren.<\/p>\n<\/blockquote>\n\n\n\n<p>Projektgesch\u00e4ft kann f\u00fcr Kunden und Auftragnehmer eine erf\u00fcllende und freudige Erfahrung sein. Um dies zu erreichen, m\u00fcssen alle Parteien auf der Grundlage von Vertrauen, gegenseitigem Respekt und intensivem Engagement f\u00fcr die Erreichung gemeinsamer Ziele zusammenarbeiten.<\/p>\n\n\n\n<p>Leider ist dies bei unternehmens\u00fcbergreifenden Projekten nicht immer der Fall, deren Erfolg stark von Zusammenarbeit und gegenseitigem Verst\u00e4ndnis abh\u00e4ngt. <\/p>\n\n\n\n<p>Die Ursachen? Jede an dem Projekt arbeitende Partei hat unterschiedliche Gesch\u00e4ftsinteressen, w\u00e4hrend der Erfolg einer Partei vom Arbeitsstil und den Ergebnissen der anderen Partei abh\u00e4ngt. F\u00fcr einige Parteien ist das Projekt ein Element in einem Portfolio, in dem es mit anderen Projekten um Verm\u00f6genswerte, Ressourcen und Aufmerksamkeit des Managements konkurriert. Andere Spieler konzentrieren sich ganz auf das Projekt.<\/p>\n\n\n\n<p>Die entscheidende Grundlage des Projektgesch\u00e4fts ist das Gleichgewicht zwischen Verantwortlichkeiten und Anspr\u00fcchen, da selbst geringf\u00fcgige St\u00f6rungen eine Kette von Ereignissen ausl\u00f6sen k\u00f6nnen, die die Gesamtmission des Projekts gef\u00e4hrden.<\/p>\n\n\n\n<p>Und scheinbar kleine Pannen l\u00f6sen eine schnell eskalierende Spirale aus Zwietracht, Misstrauen, Frustration und Schuldzuweisungen aus. Bei internationalen Projekten spielen kulturelle Unterschiede ebenso eine Rolle wie Diskrepanzen in den Rechtssystemen. Dann leidet das Projekt und damit auch der Gesch\u00e4ftswert, den es den beitragenden Parteien bietet.<\/p>\n\n\n\n<p>Bemerkenswert ist auch die emotionale Dynamik: Misstrauen und Uneinigkeit in einem Projekt f\u00fchren zu Verzweiflung bei den beteiligten Menschen, deren Wohlergehen f\u00fcr den Projekterfolg von entscheidender Bedeutung ist.<\/p>\n\n\n\n<p>In diesen F\u00e4llen, in denen die Akteure die Probleme nicht mehr alleine l\u00f6sen k\u00f6nnen, kann ein erfahrener Dritter das Projekt schnell wieder auf Kurs bringen. Mit Einf\u00fchlungsverm\u00f6gen, \u00c4quidistanz und geradezu therapeutischen F\u00e4higkeiten heilt die Person das Projekt, indem sie Vertragsparteien zu Projektpartnern macht, die das Vollenden \u00fcber den Wettbewerb stellen und daf\u00fcr sorgen, dass der Erfolg der Mission an erster Stelle steht.<\/p>\n<\/div>\n<\/div>\n\n\n\n<div class=\"wp-block-columns is-layout-flex wp-container-core-columns-is-layout-28f84493 wp-block-columns-is-layout-flex\">\n<div class=\"gutenakitid-c66c8a13-5134-4dd8-b135-9380f7c5ffc5  wp-block-column is-layout-flow wp-block-column-is-layout-flow\">\n<p class=\"gutenakitid-8f65b6ac-da4b-42ea-98ee-2daa8839bc00  has-text-align-center\"><a href=\"\/de\/contact\/\" target=\"_blank\" rel=\"noopener\" title=\"Kontakt\">Hier anfragen<\/a><\/p>\n<\/div>\n<\/div>\n\n\n\n<hr class=\"wp-block-separator has-text-color has-pale-pink-color has-alpha-channel-opacity has-pale-pink-background-color has-background is-style-wide\"\/>\n\n\n\n<div class=\"wp-block-columns is-layout-flex wp-container-core-columns-is-layout-7466b548 wp-block-columns-is-layout-flex\" style=\"padding-top:var(--wp--preset--spacing--30);padding-right:var(--wp--preset--spacing--30);padding-bottom:var(--wp--preset--spacing--30);padding-left:var(--wp--preset--spacing--30)\">\n<div class=\"wp-block-column is-layout-flow wp-block-column-is-layout-flow\" style=\"flex-basis:100%\">\n<figure class=\"wp-block-image aligncenter size-large is-resized has-custom-border\"><img loading=\"lazy\" decoding=\"async\" src=\"\/wp-content\/uploads\/2023\/06\/Logo-sphere-1024x743.png\" alt=\"\" class=\"wp-image-998\" style=\"border-top-style:none;border-top-width:0px;border-bottom-style:none;border-bottom-width:0px\" width=\"110\" height=\"80\" srcset=\"https:\/\/oliverlehmann.com\/wp-content\/uploads\/2023\/06\/Logo-sphere-1024x743.png 1024w, https:\/\/oliverlehmann.com\/wp-content\/uploads\/2023\/06\/Logo-sphere-300x218.png 300w, https:\/\/oliverlehmann.com\/wp-content\/uploads\/2023\/06\/Logo-sphere-768x557.png 768w, https:\/\/oliverlehmann.com\/wp-content\/uploads\/2023\/06\/Logo-sphere.png 1059w\" sizes=\"auto, (max-width: 110px) 100vw, 110px\" \/><\/figure>\n<\/div>\n<\/div>\n\n\n\n<h2 class=\"wp-block-heading has-text-align-center\" id=\"prerequisites\">Die Voraussetzungen<\/h2>\n\n\n\n<div class=\"wp-block-columns is-layout-flex wp-container-core-columns-is-layout-28f84493 wp-block-columns-is-layout-flex\">\n<div class=\"wp-block-column is-layout-flow wp-block-column-is-layout-flow\" style=\"flex-basis:33%\">\n<figure class=\"wp-block-image size-large\"><img loading=\"lazy\" decoding=\"async\" width=\"880\" height=\"1024\" src=\"\/wp-content\/uploads\/2023\/07\/image-42-880x1024.png\" alt=\"\" class=\"wp-image-2118\" srcset=\"https:\/\/oliverlehmann.com\/wp-content\/uploads\/2023\/07\/image-42-880x1024.png 880w, https:\/\/oliverlehmann.com\/wp-content\/uploads\/2023\/07\/image-42-258x300.png 258w, https:\/\/oliverlehmann.com\/wp-content\/uploads\/2023\/07\/image-42-768x894.png 768w, https:\/\/oliverlehmann.com\/wp-content\/uploads\/2023\/07\/image-42-1319x1536.png 1319w, https:\/\/oliverlehmann.com\/wp-content\/uploads\/2023\/07\/image-42.png 1438w\" sizes=\"auto, (max-width: 880px) 100vw, 880px\" \/><\/figure>\n<\/div>\n\n\n\n<div class=\"gutenakitid-897d4821-b46a-446e-a8d6-c4eefaf1e38d  wp-block-column is-layout-flow wp-block-column-is-layout-flow\" style=\"flex-basis:67%\">\n<blockquote class=\"wp-block-quote is-layout-flow wp-block-quote-is-layout-flow\">\n<p class=\"gutenakitid-7a11521e-685b-48d2-96d8-f855379f2130\" > \u201eProject Business Healing Day: Eine moderierte Veranstaltung, die Kunden und Auftragnehmer zusammenbringt, wobei der Schwerpunkt auf Probleml\u00f6sung und Leistungsverbesserung liegt.\u201c<\/p>\n\n\n\n<p><span style=\"font-family: var(--wp--preset--font-family--inter); font-size: revert; color: var(--wp--preset--color--tertiary);\">- Das <\/span><a style=\"font-family: var(--wp--preset--font-family--inter); font-size: revert;\" href=\"https:\/\/www.project-business.org\/tools\/project-business-glossary\" target=\"_blank\" rel=\"noopener\" title=\"\">Project Business Glossary<\/a><\/p>\n<\/blockquote>\n\n\n\n<p class=\"gutenakitid-2b011a2e-c275-47e8-b49b-878b83cc86d7\" > Colocation<\/p>\n\n\n\n<p>Pers\u00f6nliche Zusammenk\u00fcnfte sind im Allgemeinen effektiver und Videokonferenzen vorzuziehen, wenn sie organisiert werden k\u00f6nnen.<\/p>\n\n\n\n<p class=\"gutenakitid-9c8e263f-1a54-4be0-baef-27e2fefe4fcd\" > Vertraulichkeit<\/p>\n\n\n\n<p>Um sicherzustellen, dass alle Teilnehmer ihre Meinung \u00e4u\u00dfern k\u00f6nnen, ist es zwingend erforderlich, dass jeder Parteivertreter eine schriftliche Best\u00e4tigung vorlegt, dass die Veranstaltung absolut vertraulich behandelt wird.<\/p>\n\n\n\n<p class=\"gutenakitid-579b3d95-e000-4006-8095-c4ca6b210610\" > Erfahrener Moderator<\/p>\n\n\n\n<p>Die Moderation der Veranstaltung kann eine Herausforderung sein, und es ist wichtig, verschiedene Faktoren wie organisatorische, zwischenmenschliche und rechtliche Aspekte zu ber\u00fccksichtigen, um potenzielle Probleme zu vermeiden. Die Veranstaltung sollte von einem kompetenten und einf\u00fchlsamen Moderator geleitet werden, der \u00fcber umfassende Kenntnisse des Projektgesch\u00e4fts und Erfahrung mit \u00e4hnlichen Veranstaltungen verf\u00fcgt und Warnzeichen f\u00fcr potenzielle Probleme sowie Verbesserungsm\u00f6glichkeiten erkennen kann.<\/p>\n\n\n\n<p class=\"gutenakitid-e1387308-f054-4324-ad5b-28b06d03b26e\" > Wohlwollen aller Parteien<\/p>\n\n\n\n<p>In seltenen F\u00e4llen kann es vorkommen, dass eine Partei nicht bereit ist, eine f\u00fcr beide Seiten vorteilhafte L\u00f6sung zu finden. In solchen Situationen kann es sinnvoller sein, eine L\u00f6sung zu finden, um das Projekt ohne ihre Beteiligung abzuschlie\u00dfen.<\/p>\n\n\n\n<p class=\"gutenakitid-fc69719e-4403-4c6c-9c08-41f418e1f60a\" > Gr\u00f6\u00dfenbeschr\u00e4nkung<\/p>\n\n\n\n<p>Die Erfahrung zeigt, dass an der Veranstaltung bis zu 7 teilnehmende Organisationen teilnehmen k\u00f6nnen, z. B. 1 Kunde und 6 Auftragnehmer, inkl. Subunternehmer mit bis zu 2 Vertretern jeder Organisation. F\u00fcr gr\u00f6\u00dfere Anbieternetzwerke sollten andere Formate genutzt werden, beispielsweise mehrt\u00e4gige Workshops<\/p>\n\n\n\n<p class=\"gutenakitid-124b5e30-2da0-4766-bd3e-b6cfbbe9296f\" > Teilnehmer mit Entscheidungsbefugnis<\/p>\n\n\n\n<p>Als Vertreter f\u00fcr den unternehmens\u00fcbergreifenden Projektworkshop sind zum Abschluss verbindlicher Vereinbarungen befugte Personen erforderlich, darunter Sprecher sowohl der Kundenorganisation als auch der Auftragnehmer. Dies ist notwendig, um die Wirksamkeit des Workshops f\u00fcr das Projekt sicherzustellen.<\/p>\n<\/div>\n<\/div>\n\n\n\n<div class=\"wp-block-columns is-layout-flex wp-container-core-columns-is-layout-28f84493 wp-block-columns-is-layout-flex\">\n<div class=\"gutenakitid-c66c8a13-5134-4dd8-b135-9380f7c5ffc5  wp-block-column is-layout-flow wp-block-column-is-layout-flow\">\n<p class=\"gutenakitid-8f65b6ac-da4b-42ea-98ee-2daa8839bc00  has-text-align-center\"><a href=\"\/de\/contact\/\" target=\"_blank\" rel=\"noopener\" title=\"Kontakt\">Hier anfragen<\/a><\/p>\n<\/div>\n<\/div>\n\n\n\n<hr class=\"wp-block-separator has-text-color has-pale-pink-color has-alpha-channel-opacity has-pale-pink-background-color has-background is-style-wide\"\/>\n\n\n\n<div class=\"wp-block-columns is-layout-flex wp-container-core-columns-is-layout-7466b548 wp-block-columns-is-layout-flex\" style=\"padding-top:var(--wp--preset--spacing--30);padding-right:var(--wp--preset--spacing--30);padding-bottom:var(--wp--preset--spacing--30);padding-left:var(--wp--preset--spacing--30)\">\n<div class=\"wp-block-column is-layout-flow wp-block-column-is-layout-flow\" style=\"flex-basis:100%\">\n<figure class=\"wp-block-image aligncenter size-large is-resized has-custom-border\"><img loading=\"lazy\" decoding=\"async\" src=\"\/wp-content\/uploads\/2023\/06\/Logo-sphere-1024x743.png\" alt=\"\" class=\"wp-image-998\" style=\"border-top-style:none;border-top-width:0px;border-bottom-style:none;border-bottom-width:0px\" width=\"110\" height=\"80\" srcset=\"https:\/\/oliverlehmann.com\/wp-content\/uploads\/2023\/06\/Logo-sphere-1024x743.png 1024w, https:\/\/oliverlehmann.com\/wp-content\/uploads\/2023\/06\/Logo-sphere-300x218.png 300w, https:\/\/oliverlehmann.com\/wp-content\/uploads\/2023\/06\/Logo-sphere-768x557.png 768w, https:\/\/oliverlehmann.com\/wp-content\/uploads\/2023\/06\/Logo-sphere.png 1059w\" sizes=\"auto, (max-width: 110px) 100vw, 110px\" \/><\/figure>\n<\/div>\n<\/div>\n\n\n\n<h2 class=\"wp-block-heading has-text-align-center\" id=\"agenda\">Die grundlegende Agenda<\/h2>\n\n\n\n<div class=\"wp-block-columns is-layout-flex wp-container-core-columns-is-layout-28f84493 wp-block-columns-is-layout-flex\">\n<div class=\"wp-block-column is-layout-flow wp-block-column-is-layout-flow\" style=\"flex-basis:33%\">\n<figure class=\"wp-block-image size-large\"><img loading=\"lazy\" decoding=\"async\" width=\"1024\" height=\"683\" src=\"\/wp-content\/uploads\/2023\/07\/image-45-1024x683.png\" alt=\"The Ishikawa diagram (aka fishbone or cause-&amp;-effect diagram) used as a team tool.\" class=\"wp-image-2123\" srcset=\"https:\/\/oliverlehmann.com\/wp-content\/uploads\/2023\/07\/image-45-1024x683.png 1024w, https:\/\/oliverlehmann.com\/wp-content\/uploads\/2023\/07\/image-45-300x200.png 300w, https:\/\/oliverlehmann.com\/wp-content\/uploads\/2023\/07\/image-45-768x513.png 768w, https:\/\/oliverlehmann.com\/wp-content\/uploads\/2023\/07\/image-45.png 1242w\" sizes=\"auto, (max-width: 1024px) 100vw, 1024px\" \/><\/figure>\n<\/div>\n\n\n\n<div class=\"gutenakitid-897d4821-b46a-446e-a8d6-c4eefaf1e38d  wp-block-column is-layout-flow wp-block-column-is-layout-flow\" style=\"flex-basis:67%\">\n<blockquote class=\"wp-block-quote is-layout-flow wp-block-quote-is-layout-flow\" style=\"font-style:normal;font-weight:700\">\n<p class=\"gutenakitid-079d025e-1c8c-4493-9fda-fc7d4063d73d\" > Der Healing Day ist ein eint\u00e4giger Workshop, der einer Familientherapie \u00e4hnelt. Es besteht aus drei Phasen.<\/p>\n<\/blockquote>\n\n\n\n<p class=\"gutenakitid-9c8e263f-1a54-4be0-baef-27e2fefe4fcd\" > 1<sup>st<\/sup> Phase: Dampf ablassen<\/p>\n\n\n\n<p>Die beteiligten Parteien tauschen offen ihre Erfahrungen aus und diskutieren die Ursachen f\u00fcr Missverst\u00e4ndnisse und Frustration, die zur aktuellen Krise im Projekt gef\u00fchrt haben.<\/p>\n\n\n\n<p class=\"gutenakitid-124b5e30-2da0-4766-bd3e-b6cfbbe9296f\" > 2<sup>nd<\/sup> Phase: Gemeinsamkeiten suchen<\/p>\n\n\n\n<p>Die Parteien finden Gemeinsamkeiten, die sie zusammenbringen, die verbindenden Kr\u00e4fte, die gef\u00f6rdert werden sollten, damit sie st\u00e4rker werden als die trennenden Kr\u00e4fte. Sie verteilen die Rollen und Kommunikationskan\u00e4le neu.<\/p>\n\n\n\n<p class=\"gutenakitid-579b3d95-e000-4006-8095-c4ca6b210610\" > 3<sup>rd<\/sup> Phase: Einigung auf eine Teaming-Charta<\/p>\n\n\n\n<p>Die beteiligten Organisationen legen die neuen Regeln der Zusammenarbeit fest. Dabei entwickeln sie eine Roadmap f\u00fcr Verbesserungen innerhalb der Organisationen und an den Schnittstellen zwischen ihnen.<\/p>\n\n\n\n<p>Hinweis: Diese Agenda kann an die individuellen Bed\u00fcrfnisse des Projekts und der beteiligten Organisationen angepasst werden.<\/p>\n<\/div>\n<\/div>\n\n\n\n<div class=\"wp-block-columns is-layout-flex wp-container-core-columns-is-layout-28f84493 wp-block-columns-is-layout-flex\">\n<div class=\"gutenakitid-c66c8a13-5134-4dd8-b135-9380f7c5ffc5  wp-block-column is-layout-flow wp-block-column-is-layout-flow\">\n<p class=\"gutenakitid-8f65b6ac-da4b-42ea-98ee-2daa8839bc00  has-text-align-center\"><a href=\"\/de\/contact\/\" target=\"_blank\" rel=\"noopener\" title=\"Kontakt\">Hier anfragen<\/a><\/p>\n<\/div>\n<\/div>\n\n\n\n<hr class=\"wp-block-separator has-text-color has-pale-pink-color has-alpha-channel-opacity has-pale-pink-background-color has-background is-style-wide\"\/>\n\n\n\n<div class=\"wp-block-columns is-layout-flex wp-container-core-columns-is-layout-7466b548 wp-block-columns-is-layout-flex\" style=\"padding-top:var(--wp--preset--spacing--30);padding-right:var(--wp--preset--spacing--30);padding-bottom:var(--wp--preset--spacing--30);padding-left:var(--wp--preset--spacing--30)\">\n<div class=\"wp-block-column is-layout-flow wp-block-column-is-layout-flow\" style=\"flex-basis:100%\">\n<figure class=\"wp-block-image aligncenter size-large is-resized has-custom-border\"><img loading=\"lazy\" decoding=\"async\" src=\"\/wp-content\/uploads\/2023\/06\/Logo-sphere-1024x743.png\" alt=\"\" class=\"wp-image-998\" style=\"border-top-style:none;border-top-width:0px;border-bottom-style:none;border-bottom-width:0px\" width=\"110\" height=\"80\" srcset=\"https:\/\/oliverlehmann.com\/wp-content\/uploads\/2023\/06\/Logo-sphere-1024x743.png 1024w, https:\/\/oliverlehmann.com\/wp-content\/uploads\/2023\/06\/Logo-sphere-300x218.png 300w, https:\/\/oliverlehmann.com\/wp-content\/uploads\/2023\/06\/Logo-sphere-768x557.png 768w, https:\/\/oliverlehmann.com\/wp-content\/uploads\/2023\/06\/Logo-sphere.png 1059w\" sizes=\"auto, (max-width: 110px) 100vw, 110px\" \/><\/figure>\n<\/div>\n<\/div>\n\n\n\n<h2 class=\"wp-block-heading has-text-align-center\" id=\"outcome\">Das Ergebnis<\/h2>\n\n\n\n<figure class=\"wp-block-image aligncenter size-large\"><img loading=\"lazy\" decoding=\"async\" width=\"1024\" height=\"683\" src=\"\/wp-content\/uploads\/2023\/07\/image-47-1024x683.png\" alt=\"Elements of successful Project Business\" class=\"wp-image-2136\" srcset=\"https:\/\/oliverlehmann.com\/wp-content\/uploads\/2023\/07\/image-47-1024x683.png 1024w, https:\/\/oliverlehmann.com\/wp-content\/uploads\/2023\/07\/image-47-300x200.png 300w, https:\/\/oliverlehmann.com\/wp-content\/uploads\/2023\/07\/image-47-768x512.png 768w, https:\/\/oliverlehmann.com\/wp-content\/uploads\/2023\/07\/image-47.png 1200w\" sizes=\"auto, (max-width: 1024px) 100vw, 1024px\" \/><\/figure>\n\n\n\n<div class=\"wp-block-columns is-layout-flex wp-container-core-columns-is-layout-28f84493 wp-block-columns-is-layout-flex\">\n<div class=\"gutenakitid-7f7dc4ef-e6f2-4e0e-8f25-64d5ec7ecdba  wp-block-column is-layout-flow wp-block-column-is-layout-flow\">\n<blockquote class=\"wp-block-quote is-style-default is-layout-flow wp-block-quote-is-layout-flow\" style=\"font-style:normal;font-weight:700\">\n<p class=\"gutenakitid-6ed340bc-032d-4d0d-a150-269d810f6ad8\" > \u201eTeam: Eine Gruppe von Menschen, die mit dem Willen zusammenarbeiten, sich gegenseitig zu helfen und ein gemeinsames Ziel zu erreichen.\u201c<\/p>\n\n\n\n<p class=\"gutenakitid-affe9c4c-0c6c-42f3-acf2-525ac2ea6e0a\" > \u201eTeaming: Zusammenarbeit von zwei oder mehr Anbietern, um gemeinsam ein Kundenprojekt durchzuf\u00fchren, das einer allein nicht bew\u00e4ltigen k\u00f6nnte.\u201c<\/p>\n\n\n\n<p>- Das <a href=\"https:\/\/www.project-business.org\/tools\/project-business-glossary\" target=\"_blank\" rel=\"noopener\" title=\"\">Project Business Glossary<\/a><\/p>\n<\/blockquote>\n<\/div>\n\n\n\n<div class=\"gutenakitid-b8533c5c-0e55-4bba-83cf-7854362cf698  wp-block-column is-layout-flow wp-block-column-is-layout-flow\">\n<p>Wenn Organisationen und Einzelpersonen mit einem gemeinsamen Ziel vor Augen zusammenkommen, entsteht ein Gemeinschaftsgef\u00fchl, von dem alle Beteiligten profitieren k\u00f6nnen.<\/p>\n\n\n\n<p>Die Veranstaltung \u201eHealing Day\u201c ist ein Paradebeispiel f\u00fcr dieses Konzept. Es bringt Kunden und Auftragnehmer in einer erleichterten Zusammenarbeit zusammen, die auf Verst\u00e4ndnis und Respekt f\u00fcr die unterschiedlichen Erfolgskriterien der Parteien aufbaut.<\/p>\n\n\n\n<p>Durch die Nutzung der individuellen St\u00e4rken und Ressourcen des anderen ist das Team in der Lage, auf die Erreichung der Projektziele hinzuarbeiten und letztendlich positive Ver\u00e4nderungen herbeizuf\u00fchren. Durch die Zusammenarbeit k\u00f6nnen sie viel mehr erreichen, als sie es alleine k\u00f6nnten, und die Ergebnisse k\u00f6nnen wirklich transformativ sein.<\/p>\n<\/div>\n<\/div>\n\n\n\n<div class=\"wp-block-columns is-layout-flex wp-container-core-columns-is-layout-28f84493 wp-block-columns-is-layout-flex\">\n<div class=\"gutenakitid-c66c8a13-5134-4dd8-b135-9380f7c5ffc5  wp-block-column is-layout-flow wp-block-column-is-layout-flow\">\n<p class=\"gutenakitid-8f65b6ac-da4b-42ea-98ee-2daa8839bc00  has-text-align-center\"><a href=\"\/de\/contact\/\" target=\"_blank\" rel=\"noopener\" title=\"Kontakt\">Hier anfragen<\/a><\/p>\n<\/div>\n<\/div>","protected":false},"excerpt":{"rendered":"<p>Auf dieser Seite: Business Case | Voraussetzungen | Grundlegende Agenda | Outcome Healing Day \u2013 Der Business Case Im Falle einer Krise im Projektgesch\u00e4ft mit Kunden und Auftragnehmern kann es notwendig sein, einen Dritten einzubinden, um die Krise zu l\u00f6sen und das unternehmens\u00fcbergreifende Projekt zum Erfolg zu f\u00fchren. Projektgesch\u00e4ft kann ein [\u2026]<\/p>","protected":false},"author":1,"featured_media":2555,"parent":2165,"menu_order":2,"comment_status":"closed","ping_status":"closed","template":"","meta":{"footnotes":""},"class_list":["post-2087","page","type-page","status-publish","has-post-thumbnail","hentry"],"aioseo_notices":[],"_links":{"self":[{"href":"https:\/\/oliverlehmann.com\/de\/wp-json\/wp\/v2\/pages\/2087","targetHints":{"allow":["GET"]}}],"collection":[{"href":"https:\/\/oliverlehmann.com\/de\/wp-json\/wp\/v2\/pages"}],"about":[{"href":"https:\/\/oliverlehmann.com\/de\/wp-json\/wp\/v2\/types\/page"}],"author":[{"embeddable":true,"href":"https:\/\/oliverlehmann.com\/de\/wp-json\/wp\/v2\/users\/1"}],"replies":[{"embeddable":true,"href":"https:\/\/oliverlehmann.com\/de\/wp-json\/wp\/v2\/comments?post=2087"}],"version-history":[{"count":61,"href":"https:\/\/oliverlehmann.com\/de\/wp-json\/wp\/v2\/pages\/2087\/revisions"}],"predecessor-version":[{"id":3083,"href":"https:\/\/oliverlehmann.com\/de\/wp-json\/wp\/v2\/pages\/2087\/revisions\/3083"}],"up":[{"embeddable":true,"href":"https:\/\/oliverlehmann.com\/de\/wp-json\/wp\/v2\/pages\/2165"}],"wp:featuredmedia":[{"embeddable":true,"href":"https:\/\/oliverlehmann.com\/de\/wp-json\/wp\/v2\/media\/2555"}],"wp:attachment":[{"href":"https:\/\/oliverlehmann.com\/de\/wp-json\/wp\/v2\/media?parent=2087"}],"curies":[{"name":"wp","href":"https:\/\/api.w.org\/{rel}","templated":true}]}}