{"id":2163,"date":"2023-07-12T18:56:26","date_gmt":"2023-07-12T17:56:26","guid":{"rendered":"https:\/\/oliverlehmann.com\/?page_id=2163"},"modified":"2023-07-18T15:51:09","modified_gmt":"2023-07-18T14:51:09","slug":"coaching","status":"publish","type":"page","link":"https:\/\/oliverlehmann.com\/de\/support\/coaching\/","title":{"rendered":"Coaching"},"content":{"rendered":"<div class=\"wp-block-cover alignfull is-light\"><span aria-hidden=\"true\" class=\"wp-block-cover__background has-background-dim-40 has-background-dim\"><\/span><img loading=\"lazy\" decoding=\"async\" width=\"1000\" height=\"378\" class=\"wp-block-cover__image-background wp-image-2195\" alt=\"\" src=\"https:\/\/oliverlehmann.com\/wp-content\/uploads\/2023\/07\/201130-Lehmann-Hero-Image.png\" style=\"object-position:77% 25%\" data-object-fit=\"cover\" data-object-position=\"77% 25%\" srcset=\"https:\/\/oliverlehmann.com\/wp-content\/uploads\/2023\/07\/201130-Lehmann-Hero-Image.png 1000w, https:\/\/oliverlehmann.com\/wp-content\/uploads\/2023\/07\/201130-Lehmann-Hero-Image-300x113.png 300w, https:\/\/oliverlehmann.com\/wp-content\/uploads\/2023\/07\/201130-Lehmann-Hero-Image-768x290.png 768w\" sizes=\"auto, (max-width: 1000px) 100vw, 1000px\" \/><div class=\"wp-block-cover__inner-container is-layout-flow wp-block-cover-is-layout-flow\">\n<h1 class=\"gutenakitid-41cd1d4e-29b4-423e-b764-99cecf6bc7e1  wp-block-heading has-text-align-center has-large-font-size\">Steigerung der Professionalit\u00e4t im Projektgesch\u00e4ft durch<\/h1>\n\n\n\n<h1 class=\"gutenakitid-e9db8940-fedb-40d4-a8c0-4af79d156159  wp-block-heading has-text-align-center has-large-font-size\">Coaching<\/h1>\n\n\n\n<p><\/p>\n\n\n\n<p>F\u00fcr<\/p>\n<\/div><\/div>\n\n\n\n<p class=\"gutenakitid-a3110258-01b3-4ec7-9abd-9fdb5fcef9a0  has-text-align-center\">Auf dieser Seite: <a href=\"#coaching\" title=\"Coaching\">Coaching<\/a> | <a href=\"#process\" title=\"Process\">Process<\/a> | <a href=\"#outcome\" title=\"Ergebnis\">Ergebnis<\/a><\/p>\n\n\n\n<div class=\"wp-block-columns is-layout-flex wp-container-core-columns-is-layout-7466b548 wp-block-columns-is-layout-flex\" style=\"padding-top:var(--wp--preset--spacing--30);padding-right:var(--wp--preset--spacing--30);padding-bottom:var(--wp--preset--spacing--30);padding-left:var(--wp--preset--spacing--30)\">\n<div class=\"wp-block-column is-layout-flow wp-block-column-is-layout-flow\" style=\"flex-basis:100%\">\n<figure class=\"wp-block-image aligncenter size-large is-resized has-custom-border\"><img loading=\"lazy\" decoding=\"async\" src=\"\/wp-content\/uploads\/2023\/06\/Logo-sphere-1024x743.png\" alt=\"\" class=\"wp-image-998\" style=\"border-top-style:none;border-top-width:0px;border-bottom-style:none;border-bottom-width:0px\" width=\"110\" height=\"80\" srcset=\"https:\/\/oliverlehmann.com\/wp-content\/uploads\/2023\/06\/Logo-sphere-1024x743.png 1024w, https:\/\/oliverlehmann.com\/wp-content\/uploads\/2023\/06\/Logo-sphere-300x218.png 300w, https:\/\/oliverlehmann.com\/wp-content\/uploads\/2023\/06\/Logo-sphere-768x557.png 768w, https:\/\/oliverlehmann.com\/wp-content\/uploads\/2023\/06\/Logo-sphere.png 1059w\" sizes=\"auto, (max-width: 110px) 100vw, 110px\" \/><\/figure>\n<\/div>\n<\/div>\n\n\n\n<h2 class=\"wp-block-heading alignwide has-text-align-center\" id=\"coaching\">Coaching<\/h2>\n\n\n\n<div class=\"wp-block-columns is-layout-flex wp-container-core-columns-is-layout-28f84493 wp-block-columns-is-layout-flex\">\n<div class=\"wp-block-column is-layout-flow wp-block-column-is-layout-flow\" style=\"flex-basis:33.33%\">\n<figure class=\"wp-block-image size-full\"><img loading=\"lazy\" decoding=\"async\" width=\"1000\" height=\"667\" src=\"\/wp-content\/uploads\/2023\/07\/Handshake-in-business-setting-1000.jpg\" alt=\"\" class=\"wp-image-2310\" srcset=\"https:\/\/oliverlehmann.com\/wp-content\/uploads\/2023\/07\/Handshake-in-business-setting-1000.jpg 1000w, https:\/\/oliverlehmann.com\/wp-content\/uploads\/2023\/07\/Handshake-in-business-setting-1000-300x200.jpg 300w, https:\/\/oliverlehmann.com\/wp-content\/uploads\/2023\/07\/Handshake-in-business-setting-1000-768x512.jpg 768w\" sizes=\"auto, (max-width: 1000px) 100vw, 1000px\" \/><\/figure>\n<\/div>\n\n\n\n<div class=\"gutenakitid-b9e4613a-09c7-4d3d-998c-58f7783d7145  wp-block-column is-layout-flow wp-block-column-is-layout-flow\" style=\"flex-basis:66.66%\">\n<p>Die Erfahrung hat gezeigt, dass Einzelcoaching manchmal effektiver ist als Gruppentrainingsmethoden und daher eine ausgezeichnete Wahl f\u00fcr Organisationen ist, die die beruflichen F\u00e4higkeiten ihrer Projektmanager verbessern m\u00f6chten.<\/p>\n\n\n\n<p>Coaching kann eine bahnbrechende Erfahrung f\u00fcr die pers\u00f6nliche Weiterentwicklung sein, egal ob es vor Ort oder virtuell durchgef\u00fchrt wird. Als Coach achte ich darauf, aktiv zuzuh\u00f6ren und zu beobachten, um f\u00fcr jeden Einzelnen ein individuelles Lernerlebnis zu schaffen. <\/p>\n\n\n\n<p>Ich verf\u00fcge \u00fcber umfassende Erfahrung in zwei Coaching-Formaten und freue mich, meine Kunden und deren Projektmanager auf ihrem Lernweg zu unterst\u00fctzen:<\/p>\n\n\n\n<div class=\"wp-block-gutena-accordion gutena-accordion-block gutena-accordion-block-4a87d8-0d is-layout-flow wp-block-accordion-is-layout-flow\" data-single=\"true\">\n<div class=\"wp-block-gutena-accordion-panel gutena-accordion-block__panel\">\n<div class=\"wp-block-gutena-accordion-panel-title gutena-accordion-block__panel-title\"><div class=\"gutena-accordion-block__panel-title-inner\">\n<div class=\"wp-block-group is-vertical is-layout-flex wp-container-core-group-is-layout-fe9cc265 wp-block-group-is-layout-flex\">\n<h4 class=\"gutenakitid-c017bdf1-9afa-4b11-9aef-2f99e66bddc8  wp-block-heading has-text-align-left\" style=\"margin-top:0px;margin-right:0px;margin-bottom:0px;margin-left:0px\">Coaching am Arbeitsplatz<\/h4>\n<\/div>\n<div class=\"trigger-up-down\"><div class=\"horizontal\"><\/div><div class=\"vertical\"><\/div><\/div><\/div><\/div>\n\n\n\n<div class=\"wp-block-gutena-accordion-panel-content gutena-accordion-block__panel-content\"><div class=\"gutena-accordion-block__panel-content-inner\">\n<blockquote class=\"wp-block-quote has-medium-font-size is-layout-flow wp-block-quote-is-layout-flow\">\n<p class=\"gutenakitid-8421f408-e585-4935-a9d5-d01174ee82b7\" > Im Einzelgespr\u00e4ch helfe ich Ihren Mitarbeitern, aktuelle Herausforderungen zu meistern und sich beruflich weiterzuentwickeln.<\/p>\n<\/blockquote>\n\n\n\n<p class=\"gutenakitid-5ccfe1d6-567c-4053-9fbc-7ce934a4dea1 has-medium-font-size\" > Das Coaching am Arbeitsplatz findet in einer sicheren Umgebung statt, in der Coach und Coachee zusammenarbeiten, um die Praktiken des Coachee zu verbessern. Die Coaching-Sitzungen nutzen reale Aufgaben, um die F\u00e4higkeiten des Coachee anzusprechen und zu verbessern. <\/p>\n\n\n\n<p class=\"gutenakitid-5ccfe1d6-567c-4053-9fbc-7ce934a4dea1 has-medium-font-size\" > Dieser Ansatz hat den Vorteil, direkt auf die tats\u00e4chlichen Herausforderungen des Coachees einzugehen. Ein weiterer Vorteil besteht darin, dass w\u00e4hrend des Lernens des Coachees tats\u00e4chliche Herausforderungen gel\u00f6st werden, so dass die Coaching-Sitzungen keine zus\u00e4tzliche Zeit in Anspruch nehmen.<\/p>\n<\/div><\/div>\n<\/div>\n\n\n\n<div class=\"wp-block-gutena-accordion-panel gutena-accordion-block__panel\">\n<div class=\"wp-block-gutena-accordion-panel-title gutena-accordion-block__panel-title\"><div class=\"gutena-accordion-block__panel-title-inner\">\n<div class=\"wp-block-group is-vertical is-layout-flex wp-container-core-group-is-layout-fe9cc265 wp-block-group-is-layout-flex\">\n<h4 class=\"gutenakitid-c017bdf1-9afa-4b11-9aef-2f99e66bddc8  wp-block-heading has-text-align-left\" style=\"margin-top:0px;margin-right:0px;margin-bottom:0px;margin-left:0px\">Strukturiertes Coaching<\/h4>\n<\/div>\n<div class=\"trigger-up-down\"><div class=\"horizontal\"><\/div><div class=\"vertical\"><\/div><\/div><\/div><\/div>\n\n\n\n<div class=\"wp-block-gutena-accordion-panel-content gutena-accordion-block__panel-content\"><div class=\"gutena-accordion-block__panel-content-inner\">\n<blockquote class=\"wp-block-quote has-medium-font-size is-layout-flow wp-block-quote-is-layout-flow\">\n<p id=\"block-52df101b-6239-4dd8-aaab-d64a368862b6\" class=\"gutenakitid-2d08d053-ed69-42b9-887b-e0f8289c79a8\" > Strukturiertes Coaching findet auch im Einzelunterricht statt, es gibt jedoch einen speziell entwickelten Lehrplan, den die Teilnehmer absolvieren.<\/p>\n<\/blockquote>\n\n\n\n<p class=\"gutenakitid-79b3bc7e-c05d-46e0-9082-6bf3c0358364 has-medium-font-size\" > Dabei stellt der Coach einen speziell entwickelten Lehrplan mit einer Abfolge vordefinierter Lektionen zur Verf\u00fcgung. Dies kommt in Einzelcoaching-Sitzungen zum Einsatz, bei denen die Coachees unter Anleitung des Coaches Lektion f\u00fcr Lektion ihre F\u00e4higkeiten verfeinern. <\/p>\n\n\n\n<p class=\"gutenakitid-79b3bc7e-c05d-46e0-9082-6bf3c0358364 has-medium-font-size\" > Diese Methode ist besonders n\u00fctzlich, wenn eine gro\u00dfe Gruppe von Projektmanagern geschult werden muss, um einen einheitlichen Standard f\u00fcr Projektmanagement und Projektgesch\u00e4ft zu erf\u00fcllen. <\/p>\n<\/div><\/div>\n<\/div>\n<\/div>\n\n\n\n<hr class=\"wp-block-separator has-text-color has-cyan-bluish-gray-color has-alpha-channel-opacity has-cyan-bluish-gray-background-color has-background is-style-wide\"\/>\n\n\n\n<p>Diese Coachingtechniken k\u00f6nnen kombiniert werden, um spezifische Ergebnisse zu erzielen. Dar\u00fcber hinaus kann sich auch ein hybrider Ansatz als wirksam erweisen, der sowohl Einzelcoaching als auch Gruppentraining umfasst. <\/p>\n\n\n\n<p>Wenn es viele Einzelpersonen gibt, die ein Coaching ben\u00f6tigen, arbeite ich zusammen und ziehe kompetente Trainer und Schulungsanbieter hinzu, um die notwendigen Kapazit\u00e4ten bereitzustellen.<\/p>\n<\/div>\n<\/div>\n\n\n\n<div class=\"wp-block-columns is-layout-flex wp-container-core-columns-is-layout-28f84493 wp-block-columns-is-layout-flex\">\n<div class=\"wp-block-column is-layout-flow wp-block-column-is-layout-flow\">\n<div class=\"wp-block-columns is-layout-flex wp-container-core-columns-is-layout-28f84493 wp-block-columns-is-layout-flex\">\n<div class=\"gutenakitid-c66c8a13-5134-4dd8-b135-9380f7c5ffc5  wp-block-column is-layout-flow wp-block-column-is-layout-flow\">\n<p class=\"gutenakitid-8f65b6ac-da4b-42ea-98ee-2daa8839bc00  has-text-align-center\"><a href=\"\/de\/contact\/\" target=\"_blank\" rel=\"noopener\" title=\"Kontakt\">Hier anfragen<\/a><\/p>\n<\/div>\n<\/div>\n<\/div>\n<\/div>\n\n\n\n<hr class=\"wp-block-separator has-text-color has-pale-pink-color has-alpha-channel-opacity has-pale-pink-background-color has-background is-style-wide\"\/>\n\n\n\n<div class=\"wp-block-columns is-layout-flex wp-container-core-columns-is-layout-7466b548 wp-block-columns-is-layout-flex\" style=\"padding-top:var(--wp--preset--spacing--30);padding-right:var(--wp--preset--spacing--30);padding-bottom:var(--wp--preset--spacing--30);padding-left:var(--wp--preset--spacing--30)\">\n<div class=\"wp-block-column is-layout-flow wp-block-column-is-layout-flow\" style=\"flex-basis:100%\">\n<figure class=\"wp-block-image aligncenter size-large is-resized has-custom-border\"><img loading=\"lazy\" decoding=\"async\" src=\"\/wp-content\/uploads\/2023\/06\/Logo-sphere-1024x743.png\" alt=\"\" class=\"wp-image-998\" style=\"border-top-style:none;border-top-width:0px;border-bottom-style:none;border-bottom-width:0px\" width=\"110\" height=\"80\" srcset=\"https:\/\/oliverlehmann.com\/wp-content\/uploads\/2023\/06\/Logo-sphere-1024x743.png 1024w, https:\/\/oliverlehmann.com\/wp-content\/uploads\/2023\/06\/Logo-sphere-300x218.png 300w, https:\/\/oliverlehmann.com\/wp-content\/uploads\/2023\/06\/Logo-sphere-768x557.png 768w, https:\/\/oliverlehmann.com\/wp-content\/uploads\/2023\/06\/Logo-sphere.png 1059w\" sizes=\"auto, (max-width: 110px) 100vw, 110px\" \/><\/figure>\n<\/div>\n<\/div>\n\n\n\n<h2 class=\"wp-block-heading alignwide has-text-align-center\" id=\"process\">Der Prozess<\/h2>\n\n\n\n<p class=\"gutenakitid-69191d3e-9cc6-4c97-aedd-4bb81fac52dc\" > Ich empfehle einen Prozess f\u00fcr ein Qualifizierungsprojekt, der damit beginnt, vor Beginn des Qualifizierungsprojekts die Ziele der Arbeitgeberorganisation und die Qualifikationsdefizite ihrer Mitarbeiter zu kl\u00e4ren. Das Diagramm zeigt einen vereinfachten Basisprozess:<\/p>\n\n\n\n<figure class=\"wp-block-image alignwide size-large\"><img loading=\"lazy\" decoding=\"async\" width=\"1024\" height=\"416\" src=\"\/wp-content\/uploads\/2023\/07\/Coaching-process-6-1024x416.png\" alt=\"\" class=\"wp-image-2306\" srcset=\"https:\/\/oliverlehmann.com\/wp-content\/uploads\/2023\/07\/Coaching-process-6-1024x416.png 1024w, https:\/\/oliverlehmann.com\/wp-content\/uploads\/2023\/07\/Coaching-process-6-300x122.png 300w, https:\/\/oliverlehmann.com\/wp-content\/uploads\/2023\/07\/Coaching-process-6-768x312.png 768w, https:\/\/oliverlehmann.com\/wp-content\/uploads\/2023\/07\/Coaching-process-6.png 1280w\" sizes=\"auto, (max-width: 1024px) 100vw, 1024px\" \/><\/figure>\n\n\n\n<div class=\"wp-block-columns is-layout-flex wp-container-core-columns-is-layout-28f84493 wp-block-columns-is-layout-flex\">\n<div class=\"gutenakitid-c66c8a13-5134-4dd8-b135-9380f7c5ffc5  wp-block-column is-layout-flow wp-block-column-is-layout-flow\">\n<p class=\"gutenakitid-8f65b6ac-da4b-42ea-98ee-2daa8839bc00  has-text-align-center\"><a href=\"\/de\/contact\/\" target=\"_blank\" rel=\"noopener\" title=\"Kontakt\"><a href=\"\/de\/legal\/contact\/\" target=\"_blank\" rel=\"noopener\" title=\"Kontakt\">Hier anfragen<\/a><\/a><\/p>\n<\/div>\n<\/div>\n\n\n\n<hr class=\"wp-block-separator has-text-color has-pale-pink-color has-alpha-channel-opacity has-pale-pink-background-color has-background is-style-wide\"\/>\n\n\n\n<div class=\"wp-block-columns is-layout-flex wp-container-core-columns-is-layout-7466b548 wp-block-columns-is-layout-flex\" style=\"padding-top:var(--wp--preset--spacing--30);padding-right:var(--wp--preset--spacing--30);padding-bottom:var(--wp--preset--spacing--30);padding-left:var(--wp--preset--spacing--30)\">\n<div class=\"wp-block-column is-layout-flow wp-block-column-is-layout-flow\" style=\"flex-basis:100%\">\n<figure class=\"wp-block-image aligncenter size-large is-resized has-custom-border\"><img loading=\"lazy\" decoding=\"async\" src=\"\/wp-content\/uploads\/2023\/06\/Logo-sphere-1024x743.png\" alt=\"\" class=\"wp-image-998\" style=\"border-top-style:none;border-top-width:0px;border-bottom-style:none;border-bottom-width:0px\" width=\"110\" height=\"80\" srcset=\"https:\/\/oliverlehmann.com\/wp-content\/uploads\/2023\/06\/Logo-sphere-1024x743.png 1024w, https:\/\/oliverlehmann.com\/wp-content\/uploads\/2023\/06\/Logo-sphere-300x218.png 300w, https:\/\/oliverlehmann.com\/wp-content\/uploads\/2023\/06\/Logo-sphere-768x557.png 768w, https:\/\/oliverlehmann.com\/wp-content\/uploads\/2023\/06\/Logo-sphere.png 1059w\" sizes=\"auto, (max-width: 110px) 100vw, 110px\" \/><\/figure>\n<\/div>\n<\/div>\n\n\n\n<h2 class=\"wp-block-heading alignwide has-text-align-center\" id=\"outcome\">Das Ergebnis<\/h2>\n\n\n\n<div class=\"wp-block-columns is-layout-flex wp-container-core-columns-is-layout-28f84493 wp-block-columns-is-layout-flex\">\n<div class=\"gutenakitid-3090bf65-a6c1-474c-992b-0f69207f2bae  wp-block-column is-layout-flow wp-block-column-is-layout-flow\" style=\"flex-basis:66.66%\">\n<p>Der Einfluss der Professionalit\u00e4t von Projektmanagern auf den Erfolg von Projekten ist unbestreitbar. <\/p>\n\n\n\n<p>Durch die Bereitstellung von Coaching-Sitzungen zur Entwicklung ihrer F\u00e4higkeiten und innovativen Methoden zur effektiven Projektverwaltung k\u00f6nnen Unternehmen bessere Gesch\u00e4ftsergebnisse erzielen. Dies f\u00fchrt zu einer verbesserten Kommunikation, Produktivit\u00e4t und letztendlich zum erfolgreichen Abschluss funktions- und unternehmens\u00fcbergreifender Projekte. <\/p>\n\n\n\n<p>Projektmanager m\u00fcssen die n\u00f6tige Unterst\u00fctzung und Aufmerksamkeit erhalten, um sicherzustellen, dass ihre Projekte die Erwartungen der Kunden erf\u00fcllen, innerhalb des vorgegebenen Zeitrahmens abgeschlossen werden und kommerziellen Erfolg erzielen.<\/p>\n<\/div>\n\n\n\n<div class=\"wp-block-column is-layout-flow wp-block-column-is-layout-flow\" style=\"flex-basis:33%\">\n<figure class=\"wp-block-image size-large\"><img loading=\"lazy\" decoding=\"async\" width=\"801\" height=\"1024\" src=\"\/wp-content\/uploads\/2023\/07\/image-50-801x1024.png\" alt=\"\" class=\"wp-image-2323\" srcset=\"https:\/\/oliverlehmann.com\/wp-content\/uploads\/2023\/07\/image-50-801x1024.png 801w, https:\/\/oliverlehmann.com\/wp-content\/uploads\/2023\/07\/image-50-235x300.png 235w, https:\/\/oliverlehmann.com\/wp-content\/uploads\/2023\/07\/image-50-768x982.png 768w, https:\/\/oliverlehmann.com\/wp-content\/uploads\/2023\/07\/image-50.png 880w\" sizes=\"auto, (max-width: 801px) 100vw, 801px\" \/><\/figure>\n<\/div>\n<\/div>\n\n\n\n<div class=\"wp-block-columns is-layout-flex wp-container-core-columns-is-layout-28f84493 wp-block-columns-is-layout-flex\">\n<div class=\"gutenakitid-c66c8a13-5134-4dd8-b135-9380f7c5ffc5  wp-block-column is-layout-flow wp-block-column-is-layout-flow\">\n<p class=\"gutenakitid-8f65b6ac-da4b-42ea-98ee-2daa8839bc00  has-text-align-center\"><a href=\"\/de\/contact\/\" target=\"_blank\" rel=\"noopener\" title=\"Kontakt\"><\/a><a href=\"\/de\/contact\/\" target=\"_blank\" rel=\"noopener\" title=\"\">Hier anfragen<\/a><\/p>\n<\/div>\n<\/div>","protected":false},"excerpt":{"rendered":"<p>Auf dieser Seite: Coaching | Prozess | Die Erfahrung mit Ergebniscoaching hat gezeigt, dass Einzelcoaching manchmal effektiver ist als Gruppentrainingsmethoden, was es zu einer ausgezeichneten Wahl f\u00fcr Organisationen macht, die die beruflichen F\u00e4higkeiten ihrer Projektmanager verbessern m\u00f6chten. Coaching kann eine bahnbrechende Erfahrung f\u00fcr die pers\u00f6nliche Weiterentwicklung sein, egal ob es vor Ort oder virtuell durchgef\u00fchrt wird. Als ein [\u2026]<\/p>","protected":false},"author":1,"featured_media":2554,"parent":2165,"menu_order":0,"comment_status":"closed","ping_status":"closed","template":"","meta":{"footnotes":""},"class_list":["post-2163","page","type-page","status-publish","has-post-thumbnail","hentry"],"aioseo_notices":[],"_links":{"self":[{"href":"https:\/\/oliverlehmann.com\/de\/wp-json\/wp\/v2\/pages\/2163","targetHints":{"allow":["GET"]}}],"collection":[{"href":"https:\/\/oliverlehmann.com\/de\/wp-json\/wp\/v2\/pages"}],"about":[{"href":"https:\/\/oliverlehmann.com\/de\/wp-json\/wp\/v2\/types\/page"}],"author":[{"embeddable":true,"href":"https:\/\/oliverlehmann.com\/de\/wp-json\/wp\/v2\/users\/1"}],"replies":[{"embeddable":true,"href":"https:\/\/oliverlehmann.com\/de\/wp-json\/wp\/v2\/comments?post=2163"}],"version-history":[{"count":59,"href":"https:\/\/oliverlehmann.com\/de\/wp-json\/wp\/v2\/pages\/2163\/revisions"}],"predecessor-version":[{"id":2826,"href":"https:\/\/oliverlehmann.com\/de\/wp-json\/wp\/v2\/pages\/2163\/revisions\/2826"}],"up":[{"embeddable":true,"href":"https:\/\/oliverlehmann.com\/de\/wp-json\/wp\/v2\/pages\/2165"}],"wp:featuredmedia":[{"embeddable":true,"href":"https:\/\/oliverlehmann.com\/de\/wp-json\/wp\/v2\/media\/2554"}],"wp:attachment":[{"href":"https:\/\/oliverlehmann.com\/de\/wp-json\/wp\/v2\/media?parent=2163"}],"curies":[{"name":"wp","href":"https:\/\/api.w.org\/{rel}","templated":true}]}}