{"id":2429,"date":"2023-07-15T11:43:25","date_gmt":"2023-07-15T10:43:25","guid":{"rendered":"https:\/\/oliverlehmann.com\/?page_id=2429"},"modified":"2023-11-16T11:19:21","modified_gmt":"2023-11-16T10:19:21","slug":"cookie-policy","status":"publish","type":"page","link":"https:\/\/oliverlehmann.com\/de\/legal\/cookie-policy\/","title":{"rendered":"Cookie-Richtlinie"},"content":{"rendered":"<div class=\"wp-block-cover alignfull\"><span aria-hidden=\"true\" class=\"wp-block-cover__background has-background-dim\"><\/span><img loading=\"lazy\" decoding=\"async\" width=\"2004\" height=\"648\" class=\"wp-block-cover__image-background wp-image-2431\" alt=\"\" src=\"https:\/\/oliverlehmann.com\/wp-content\/uploads\/2023\/07\/Cookies.png\" data-object-fit=\"cover\" srcset=\"https:\/\/oliverlehmann.com\/wp-content\/uploads\/2023\/07\/Cookies.png 2004w, https:\/\/oliverlehmann.com\/wp-content\/uploads\/2023\/07\/Cookies-300x97.png 300w, https:\/\/oliverlehmann.com\/wp-content\/uploads\/2023\/07\/Cookies-1024x331.png 1024w, https:\/\/oliverlehmann.com\/wp-content\/uploads\/2023\/07\/Cookies-768x248.png 768w, https:\/\/oliverlehmann.com\/wp-content\/uploads\/2023\/07\/Cookies-1536x497.png 1536w\" sizes=\"auto, (max-width: 2004px) 100vw, 2004px\" \/><div class=\"wp-block-cover__inner-container is-layout-flow wp-block-cover-is-layout-flow\">\n<p class=\"gutenakitid-11107f8b-dc8e-4716-80d3-f749628aef9a  has-text-align-center has-large-font-size\">Cookie Richtline \u2013 Cookie Policy<\/p>\n<\/div><\/div>\n\n\n\n<div class=\"wp-block-columns is-layout-flex wp-container-core-columns-is-layout-28f84493 wp-block-columns-is-layout-flex\">\n<div class=\"gutenakitid-45f9d4e7-20fb-4d2d-9704-777888034d48  wp-block-column donottranslate is-layout-flow wp-block-column-is-layout-flow\" id=\"donottranslate\" data-no-auto-translation=\"\">\n<div class=\"wp-block-gutena-accordion gutena-accordion-block gutena-accordion-block-d7bd09-f7 is-layout-flow wp-block-accordion-is-layout-flow\" data-single=\"true\">\n<div class=\"wp-block-gutena-accordion-panel gutena-accordion-block__panel\">\n<div class=\"wp-block-gutena-accordion-panel-title gutena-accordion-block__panel-title\"><div class=\"gutena-accordion-block__panel-title-inner\">\n<h3 class=\"gutenakitid-edbe66df-8295-4137-b3cf-ba15440e2053 has-large-font-size wp-block-heading has-text-align-left\" style=\"margin-top:0px;margin-right:0px;margin-bottom:0px;margin-left:0px\"><img loading=\"lazy\" decoding=\"async\" width=\"50\" height=\"38\" class=\"wp-image-2073\" style=\"width: 50px;\" src=\"https:\/\/oliverlehmann.com\/wp-content\/uploads\/2023\/07\/De-badge.png\" alt=\"\"> Cookie Richtlinie<\/h3>\n<div class=\"trigger-up-down\"><div class=\"horizontal\"><\/div><div class=\"vertical\"><\/div><\/div><\/div><\/div>\n\n\n\n<div class=\"wp-block-gutena-accordion-panel-content gutena-accordion-block__panel-content\"><div class=\"gutena-accordion-block__panel-content-inner\">\n<h5 class=\"wp-block-heading\">VORBEMERKUNG<\/h5>\n\n\n\n<p>Einige der Angebote, die wir hier machen, funktionieren eventuell nicht, ohne dass alle Cookies akzeptiert werden. <\/p>\n\n\n\n<p>So aktivieren Sie alle Cookies: Bitte scrollen Sie zum unteren Ende der Seite und klicken Sie &#8220;Reset Cookie Preferences&#8221; (Cookie-Einstellungen zur\u00fccksetzen). Dann \u00f6ffnet sich wieder das Cookie-Einstellfenster, hier klicken Sie bitte &#8220;Accept&#8221;.<\/p>\n\n\n\n<h5 class=\"wp-block-heading\">IHR EINVERST\u00c4NDNIS<\/h5>\n\n\n\n<p>Indem Sie auf dem Cookie-Banner auf &#8220;Accept&#8221; (Akzeptieren) klicken, erkl\u00e4ren Sie sich mit der Speicherung und dem Zugriff auf Cookies, wie in diesem Cookie-Hinweis beschrieben, einverstanden.<\/p>\n\n\n\n<p>Bitte beachten Sie auch unsere Datenschutzerkl\u00e4rung unter https:\/\/oliverlehmann.com\/contact-impressum\/privacy.<\/p>\n\n\n\n<h5 class=\"wp-block-heading\">WAS COOKIES SIND<\/h5>\n\n\n\n<p>Cookies sind kleine Textdateien, die oft eindeutige Identifizierungsmerkmale enthalten, die von Webservern an Webbrowser gesendet werden und die dann jedes Mal, wenn der Browser eine Seite vom Server anfordert, an den Server zur\u00fcckgesendet werden k\u00f6nnen. Sie sind n\u00fctzlich, um einer Website zu erm\u00f6glichen, Sie zu erkennen und Ihre Erfahrung zu verbessern, indem sie Ihren Browsing-Komfort verbessern und den Inhalt einer Seite an Ihre Interessen anpassen.<\/p>\n\n\n\n<p>Weitere Informationen finden Sie unter https:\/\/www.allaboutcookies.org. Um mehr \u00fcber Ihre Rechte zu erfahren, wenn Sie ein Mitglied der Europ\u00e4ischen Union sind, gehen Sie bitte auf https:\/\/wikis.ec.europa.eu\/display\/WEBGUIDE\/04.+Cookies+und+\u00e4hnliche+Technologien.<\/p>\n\n\n\n<h5 class=\"wp-block-heading\">UNSERE VERWENDUNG VON COOKIES<\/h5>\n\n\n\n<p>Wir k\u00f6nnen die von unseren Cookies gesammelten Informationen verwenden, um das Nutzerverhalten zu identifizieren, um Inhalte und Angebote auf der Grundlage Ihres Profils bereitzustellen und um die Nutzererfahrung auf unserer Website zu verbessern.<\/p>\n\n\n\n<h5 class=\"wp-block-heading\">ARTEN VON COOKIES, DIE AUF UNSERER WEBSITE VERWENDET WERDEN<\/h5>\n\n\n\n<p>Wir haben Einzelheiten zu den Arten von Cookies, die auf unserer Site verwendet werden, sowie weitere relevante und n\u00fctzliche Informationen zu den Cookies bereitgestellt. Weitere Informationen zu den Cookies finden Sie auch, wenn Sie auf das Pop-up-Fenster &#8220;Diese Site verwendet Cookies&#8221; klicken.<\/p>\n\n\n\n<ul class=\"wp-block-list\">\n<li>Werbung &#8211; sind speziell darauf ausgelegt, Informationen von Ihnen auf Ihrem Ger\u00e4t zu sammeln, um Ihnen Werbung zu relevanten Themen, die Sie interessieren, anzuzeigen.<\/li>\n\n\n\n<li>Analytics &#8211; speichern die Verkehrsquelle, die erkl\u00e4rt, wie der Benutzer eine Website erreicht hat, f\u00fcr sp\u00e4tere Berichtszwecke.<\/li>\n\n\n\n<li>Pr\u00e4ferenzen &#8211; speichern Ihre Entscheidungen, die Sie w\u00e4hrend der Nutzung der Website getroffen haben.<\/li>\n\n\n\n<li>Unverzichtbar &#8211; erm\u00f6glicht die Navigation auf der Website und andere wichtige Funktionen. Opt-out ist nicht verf\u00fcgbar<\/li>\n<\/ul>\n\n\n\n<h5 class=\"wp-block-heading\">WIE SIE IHRE ZUSTIMMUNG ZUR VERWENDUNG VON COOKIES VERWEIGERN ODER ZUR\u00dcCKZIEHEN K\u00d6NNEN<\/h5>\n\n\n\n<p>Beim ersten Besuch k\u00f6nnen Sie die Verwendung von Cookies allgemein oder spezifisch freigeben bzw. verweigern. Sie k\u00f6nnen Ihre Cookie-Einstellungen jederzeit durch Klicken auf den Textlink <\/p>\n\n\n\n<p class=\"has-text-align-center\"><a class=\"cky-banner-element\" href=\"#\">Revisit Cookie Settings &#8211; Cookie-Einstellungen \u00e4ndern<\/a><\/p>\n\n\n\n<p>(Fu\u00dfzeile unten auf der Seite) nachtr\u00e4glich \u00e4ndern. Sie k\u00f6nnen auch die Zustimmung, die Sie uns zuvor gegeben haben, zur\u00fcckziehen.<\/p>\n\n\n\n<p>Wenn Sie zuvor gespeicherte Cookies entfernen m\u00f6chten, k\u00f6nnen Sie die Cookies jederzeit manuell l\u00f6schen. Dies wird jedoch nicht verhindern, dass unsere Site weitere Cookies auf Ihrem Ger\u00e4t platziert, es sei denn, Sie passen Ihre Wahl der &#8220;Cookie-Einstellungen&#8221; wie oben beschrieben an.<\/p>\n\n\n\n<h5 class=\"wp-block-heading\">KONTAKTANGABEN<\/h5>\n\n\n\n<p>Wenn Sie weitere Fragen oder Kommentare zu unserer Cookie-Richtlinie haben, <a href=\"\/de\/contact\/\" title=\"\">kontaktieren Sie uns bitte hier<\/a>.<\/p>\n<\/div><\/div>\n<\/div>\n\n\n\n<div class=\"wp-block-gutena-accordion-panel gutena-accordion-block__panel\">\n<div class=\"wp-block-gutena-accordion-panel-title gutena-accordion-block__panel-title\"><div class=\"gutena-accordion-block__panel-title-inner\">\n<h3 class=\"gutenakitid-44e23382-a1d0-4876-ade2-19e58c104f4f has-large-font-size wp-block-heading has-text-align-left\" style=\"margin-top:0px;margin-right:0px;margin-bottom:0px;margin-left:0px\"><img loading=\"lazy\" decoding=\"async\" width=\"50\" height=\"32\" class=\"wp-image-2023\" style=\"width: 50px;\" src=\"https:\/\/oliverlehmann.com\/wp-content\/uploads\/2023\/07\/image-43.png?ver=1689084042\" alt=\"\"> Cookie Policy<\/h3>\n<div class=\"trigger-up-down\"><div class=\"horizontal\"><\/div><div class=\"vertical\"><\/div><\/div><\/div><\/div>\n\n\n\n<div class=\"wp-block-gutena-accordion-panel-content gutena-accordion-block__panel-content\"><div class=\"gutena-accordion-block__panel-content-inner\">\n<h5 class=\"wp-block-heading\">PRELIMINARY REMARK<\/h5>\n\n\n\n<p>Some of the offerings we make here may not work without the acceptance of all cookies. <\/p>\n\n\n\n<p>To enable all cookies: Please scroll to the bottom of this page and click &#8220;Reset Cookie Preferences&#8221;. Then, the cookie settings window will open again, please click here &#8220;Accept&#8221;.<\/p>\n\n\n\n<h5 class=\"wp-block-heading\">YOUR ACCEPTANCE<\/h5>\n\n\n\n<p>By clicking &#8220;Accept&#8221; on the Cookie banner, you express your consent to store and access cookies as described in this Cookie Note.<\/p>\n\n\n\n<p>Please see also our Privacy Statement at https:\/\/oliverlehmann.com\/contact-impressum\/privacy.<\/p>\n\n\n\n<h5 class=\"wp-block-heading\">WHAT COOKIES ARE<\/h5>\n\n\n\n<p>Cookies are small text files, often including unique identifiers, that are sent by web servers to web browsers, and which may then be sent back to the server each time the browser requests a page from the server. They are useful to enable a website to recognize you and enhance your experience by improving your browsing comfort and adapting the content of a page to your interests.<\/p>\n\n\n\n<p>To find more information, please go to https:\/\/www.allaboutcookies.org. To learn more about your rights if you are a member of the European Union, please go to https:\/\/wikis.ec.europa.eu\/display\/WEBGUIDE\/04.+Cookies+and+similar+technologies.<\/p>\n\n\n\n<h5 class=\"wp-block-heading\">OUR USE OF COOKIES<\/h5>\n\n\n\n<p>We may use information collected from our cookies to identify user behavior, to serve content and offers based on your profile, and to enhance the user experience of our Site.<\/p>\n\n\n\n<h5 class=\"wp-block-heading\">TYPES OF COOKIES USED ON OUR SITE<\/h5>\n\n\n\n<p>We have provided details of the types of Cookies that are used on our Site as well as other relevant and useful information on the Cookies. You can also find more information on the Cookies when you click the pop-up window &#8220;This site uses cookies&#8221;.<\/p>\n\n\n\n<ul class=\"wp-block-list\">\n<li>Advertising &#8211; are specifically designed to gather information from you on your device to display advertisements to you based on relevant topics that interest you.<\/li>\n\n\n\n<li>Analytics &#8211; store the traffic source that explains how the user reached a website for later reporting purposes.<\/li>\n\n\n\n<li>Preferences &#8211; keep track of your choices made while using the website.<\/li>\n\n\n\n<li>Essential &#8211; enable essential site navigation and other functionality. Opt-out is not available<\/li>\n<\/ul>\n\n\n\n<h5 class=\"wp-block-heading\">HOW TO REFUSE OR WITHDRAW YOUR CONSENT TO THE USE OF COOKIES<\/h5>\n\n\n\n<p>On your first visit, you can enable or reject the use of cookies generally or specifically. You can change your cookie settings at any time later by clicking on the text link<\/p>\n\n\n\n<p class=\"has-text-align-center\"><a class=\"cky-banner-element\" href=\"#\"><\/a><a class=\"cky-banner-element\" href=\"#\">Revisit Cookie Settings &#8211; Cookie-Einstellungen \u00e4ndern<\/a> <\/p>\n\n\n\n<p>(footer at the page bottom). This way, you can also withdraw the consent you have previously given us.<\/p>\n\n\n\n<p>If you wish to remove previously-stored cookies, you can manually delete the cookies at any time. However, this will not prevent our site from placing further cookies on your device unless and until you adjust your &#8220;Cookie Preferences&#8221; choice as described above.<\/p>\n\n\n\n<h5 class=\"wp-block-heading\">CONTACT DETAILS<\/h5>\n\n\n\n<p>If you have any other questions or comments about our Cookie Policy, <a href=\"\/de\/contact\/\" title=\"\">please contact us here<\/a>.<\/p>\n<\/div><\/div>\n<\/div>\n\n\n\n<div class=\"wp-block-gutena-accordion-panel gutena-accordion-block__panel\">\n<div class=\"wp-block-gutena-accordion-panel-title gutena-accordion-block__panel-title\"><div class=\"gutena-accordion-block__panel-title-inner\">\n<h3 class=\"gutenakitid-44e23382-a1d0-4876-ade2-19e58c104f4f has-large-font-size wp-block-heading has-text-align-left\" style=\"margin-top:0px;margin-right:0px;margin-bottom:0px;margin-left:0px\">List of Cookies &#8211; Liste der Cookies<\/h3>\n<div class=\"trigger-up-down\"><div class=\"horizontal\"><\/div><div class=\"vertical\"><\/div><\/div><\/div><\/div>\n\n\n\n<div class=\"wp-block-gutena-accordion-panel-content gutena-accordion-block__panel-content\"><div class=\"gutena-accordion-block__panel-content-inner\">\n<p><div class= \"cky-audit-table-element\"><\/div><\/p>\n<\/div><\/div>\n<\/div>\n<\/div>\n<\/div>\n<\/div>\n\n\n\n<div align=\"center\"><a href=\"#\" class=\"cky-banner-element\">Revisit Cookie Settings &#8211; Cookie-Einstellungen \u00e4ndern<\/a><\/div>","protected":false},"excerpt":{"rendered":"<p>Cookie-Einstellungen erneut aufrufen \u2013 Cookie-Einstellungen \u00e4ndern<\/p>","protected":false},"author":1,"featured_media":2549,"parent":1478,"menu_order":5,"comment_status":"closed","ping_status":"closed","template":"","meta":{"footnotes":""},"class_list":["post-2429","page","type-page","status-publish","has-post-thumbnail","hentry"],"aioseo_notices":[],"_links":{"self":[{"href":"https:\/\/oliverlehmann.com\/de\/wp-json\/wp\/v2\/pages\/2429","targetHints":{"allow":["GET"]}}],"collection":[{"href":"https:\/\/oliverlehmann.com\/de\/wp-json\/wp\/v2\/pages"}],"about":[{"href":"https:\/\/oliverlehmann.com\/de\/wp-json\/wp\/v2\/types\/page"}],"author":[{"embeddable":true,"href":"https:\/\/oliverlehmann.com\/de\/wp-json\/wp\/v2\/users\/1"}],"replies":[{"embeddable":true,"href":"https:\/\/oliverlehmann.com\/de\/wp-json\/wp\/v2\/comments?post=2429"}],"version-history":[{"count":22,"href":"https:\/\/oliverlehmann.com\/de\/wp-json\/wp\/v2\/pages\/2429\/revisions"}],"predecessor-version":[{"id":3479,"href":"https:\/\/oliverlehmann.com\/de\/wp-json\/wp\/v2\/pages\/2429\/revisions\/3479"}],"up":[{"embeddable":true,"href":"https:\/\/oliverlehmann.com\/de\/wp-json\/wp\/v2\/pages\/1478"}],"wp:featuredmedia":[{"embeddable":true,"href":"https:\/\/oliverlehmann.com\/de\/wp-json\/wp\/v2\/media\/2549"}],"wp:attachment":[{"href":"https:\/\/oliverlehmann.com\/de\/wp-json\/wp\/v2\/media?parent=2429"}],"curies":[{"name":"wp","href":"https:\/\/api.w.org\/{rel}","templated":true}]}}