{"id":3319,"date":"2023-09-27T12:36:51","date_gmt":"2023-09-27T11:36:51","guid":{"rendered":"https:\/\/oliverlehmann.com\/?page_id=3319"},"modified":"2025-04-25T10:46:14","modified_gmt":"2025-04-25T09:46:14","slug":"pmp-employer-support","status":"publish","type":"page","link":"https:\/\/oliverlehmann.com\/de\/free\/pmp-employer-support\/","title":{"rendered":"PMP-Arbeitgeberunterst\u00fctzung"},"content":{"rendered":"<div class=\"wp-block-cover alignfull is-light\"><span aria-hidden=\"true\" class=\"wp-block-cover__background has-background-dim\"><\/span><img loading=\"lazy\" decoding=\"async\" width=\"1500\" height=\"470\" class=\"wp-block-cover__image-background wp-image-3320\" alt=\"\" src=\"https:\/\/oliverlehmann.com\/wp-content\/uploads\/javier-allegue-barros-i5Kx0P8A0d4-unsplash.jpg\" data-object-fit=\"cover\" srcset=\"https:\/\/oliverlehmann.com\/wp-content\/uploads\/javier-allegue-barros-i5Kx0P8A0d4-unsplash.jpg 1500w, https:\/\/oliverlehmann.com\/wp-content\/uploads\/javier-allegue-barros-i5Kx0P8A0d4-unsplash-300x94.jpg 300w, https:\/\/oliverlehmann.com\/wp-content\/uploads\/javier-allegue-barros-i5Kx0P8A0d4-unsplash-1024x321.jpg 1024w, https:\/\/oliverlehmann.com\/wp-content\/uploads\/javier-allegue-barros-i5Kx0P8A0d4-unsplash-768x241.jpg 768w, https:\/\/oliverlehmann.com\/wp-content\/uploads\/javier-allegue-barros-i5Kx0P8A0d4-unsplash-18x6.jpg 18w\" sizes=\"auto, (max-width: 1500px) 100vw, 1500px\" \/><div class=\"wp-block-cover__inner-container has-global-padding is-layout-constrained wp-block-cover-is-layout-constrained\">\n<h1 class=\"gutenakitid-4c30b447-5f10-40a6-8008-22ec05a5e8ea  wp-block-heading alignwide has-text-align-center has-base-color has-text-color has-large-font-size\">PMP-Vorbereitung \u2013 Hilfe vom Arbeitgeber<\/h1>\n<\/div><\/div>\n\n\n\n<p class=\"gutenakitid-dd744105-a4f5-41e9-b539-8ff8711d8638  has-text-align-center translation-block\">Auf dieser Seite: <a href=\"#budget\" title=\"\" target=\"_self\">Budget<\/a> | <a href=\"#sponsor\" title=\"\" target=\"_self\">Die Mitgliedschaft f\u00f6rdern?<\/a> | <a href=\"#more_support\" title=\"\" target=\"_self\">Mehr Unterst\u00fctzung<\/a><\/p>\n\n\n\n<div class=\"gutenakitid-3c352d36-a244-4444-b30d-2b88a7b5f295  wp-block-group is-content-justification-center is-nowrap is-layout-flex wp-container-core-group-is-layout-23441af8 wp-block-group-is-layout-flex\">\n<figure class=\"wp-block-image aligncenter size-large is-resized\"><img loading=\"lazy\" decoding=\"async\" src=\"\/wp-content\/uploads\/2023\/06\/Logo-sphere-1024x743.png\" alt=\"\" width=\"110\" height=\"80\"\/><\/figure>\n<\/div>\n\n\n\n<h2 class=\"wp-block-heading has-text-align-center\" id=\"budget\">Wie viel sollte man budgetieren?<\/h2>\n\n\n\n<div class=\"wp-block-columns is-layout-flex wp-container-core-columns-is-layout-28f84493 wp-block-columns-is-layout-flex\">\n<div class=\"gutenakitid-0ef61e9e-a7d2-42da-9aa7-2fc724a77464  wp-block-column is-layout-flow wp-block-column-is-layout-flow\">\n<p class=\"gutenakitid-b2c6c6bf-8a61-4f41-9ef4-a5600dd0e472\" > Die PMP-Zertifizierung stellt keine gro\u00dfe finanzielle Investition dar. Angesichts der Vorteile, die eine gut organisierte Zertifizierungsinitiative mit sich bringt, sind jedoch viele Unternehmen bereit, ihre Mitarbeiter zu unterst\u00fctzen und die Kosten zu \u00fcbernehmen. <a href=\"https:\/\/oliverlehmann.com\/wp-content\/uploads\/PMP_Sponsoring_Opportunities.pdf\" target=\"_blank\" rel=\"noopener\" title=\"\">Eine detaillierte Beschreibung der M\u00f6glichkeiten f\u00fcr Arbeitgeber kann hier heruntergeladen werden.<\/a>.<\/p>\n\n\n\n<p style=\"font-size:clamp(0.875rem, 0.875rem + ((1vw - 0.2rem) * 0.227), 1rem);\" class=\"gutenakitid-b2c6c6bf-8a61-4f41-9ef4-a5600dd0e472\" > <a href=\"https:\/\/oliverlehmann.com\/de\/free\/letters-templates\/\" target=\"_blank\" rel=\"noopener\" title=\"Briefvorlagen\">Briefvorlagen, um ein Unternehmenssponsoring f\u00fcr die Zertifizierung zu initiieren, finden Sie hier.<\/a><\/p>\n\n\n\n<div class=\"wp-block-group is-nowrap is-layout-flex wp-container-core-group-is-layout-f66f9956 wp-block-group-is-layout-flex\">\n<div class=\"wp-block-group is-vertical is-layout-flex wp-container-core-group-is-layout-fe9cc265 wp-block-group-is-layout-flex\">\n<h3 class=\"gutenakitid-a6129657-00ca-4b3b-9a6f-7684a207046a  wp-block-heading\">Seminar<\/h3>\n\n\n\n<p>Die Kosten f\u00fcr Seminare variieren. Bitte erkundigen Sie sich bei dem Unternehmen Ihres Vertrauens.* Beachten Sie au\u00dferdem, dass die Seminargeb\u00fchr die Professionalit\u00e4t des Trainers widerspiegelt.<\/p>\n\n\n\n<p class=\"gutenakitid-b5f77b75-1da5-4c09-842a-bac925b4d852\" > * <a href=\"https:\/\/oliverlehmann.com\/de\/contact\/\" title=\"Kontakt\">Fragen Sie hier f\u00fcr meine Seminare an.<\/a> oder <a href=\"https:\/\/www.linkedin.com\/in\/oliverlehmann\/\" target=\"_blank\" rel=\"noopener\" title=\"\">kontaktieren Sie mich \u00fcber LinkedIn.<\/a>.<\/p>\n<\/div>\n\n\n\n<figure class=\"wp-block-image size-full is-resized\"><img loading=\"lazy\" decoding=\"async\" width=\"800\" height=\"533\" src=\"https:\/\/oliverlehmann.com\/wp-content\/uploads\/image-78.png\" alt=\"Seminar\" class=\"wp-image-4617\" style=\"width:380px;height:auto\" srcset=\"https:\/\/oliverlehmann.com\/wp-content\/uploads\/image-78.png 800w, https:\/\/oliverlehmann.com\/wp-content\/uploads\/image-78-300x200.png 300w, https:\/\/oliverlehmann.com\/wp-content\/uploads\/image-78-768x512.png 768w, https:\/\/oliverlehmann.com\/wp-content\/uploads\/image-78-18x12.png 18w\" sizes=\"auto, (max-width: 800px) 100vw, 800px\" \/><\/figure>\n<\/div>\n\n\n\n<h3 class=\"gutenakitid-3787962e-fdea-4845-b5c8-b6a000942e5c  wp-block-heading\">Mitgliedschaft, Anmeldung und sonstiges <\/h3>\n\n\n\n<p class=\"gutenakitid-b2c6c6bf-8a61-4f41-9ef4-a5600dd0e472\" > Dies sind neben den Seminarkosten die zus\u00e4tzlichen Kosten, die Organisationen je Mitarbeiter in das Budget einplanen sollten:<\/p>\n\n\n\n<figure style=\"padding-top:var(--wp--preset--spacing--30);padding-bottom:0\" class=\"wp-block-table has-small-font-size\"><table><thead><tr><th>Position<\/th><th class=\"has-text-align-center\" data-align=\"center\">Geb\u00fchr*<\/th><th>Erl\u00e4uterung<\/th><\/tr><\/thead><tbody><tr><td>Mitgliedsbeitrag f\u00fcr das erste Jahr (zahlbar an PMI)<\/td><td class=\"has-text-align-center\" data-align=\"center\">$139<a href=\"#Notes\" title=\"*\">*<\/a><\/td><td>Die Kosten wurden durch einen Rabatt f\u00fcr $250-Mitglieder auf die Pr\u00fcfungsgeb\u00fchr gedeckt.<br>Gibt Zugriff auf PMI-Literatur<\/td><\/tr><tr><td>Pr\u00fcfungsgeb\u00fchr (zahlbar an PMI)<\/td><td class=\"has-text-align-center\" data-align=\"center\">$405<a href=\"#Notes\" title=\"*\">*<\/a><\/td><td>Inklusive des $250-Rabatts f\u00fcr Mitglieder.<\/td><\/tr><tr><td>Wesentliche Literatur<\/td><td class=\"has-text-align-center\" data-align=\"center\">&#8212;<\/td><td>Kostenloser Download f\u00fcr PMI-Mitglieder<a href=\"#Notes\" title=\"**\">**<\/a><\/td><\/tr><tr><td>\u00dcbungsfragen f\u00fcr selbstgesteuertes Lernen nach dem Seminar<\/td><td class=\"has-text-align-center\" data-align=\"center\">&#8212;<\/td><td>Im Seminarpreis enthalten<a href=\"#Notes\" title=\"\">***<\/a><\/td><\/tr><tr><td>Betreuung nach dem Unterricht bei der Bewerbung und weiteren Vorbereitung<\/td><td class=\"has-text-align-center\" data-align=\"center\">&#8212;<\/td><td>Im Seminarpreis enthalten<a href=\"#Notes\" title=\"***\">***<\/a><\/td><\/tr><tr><td>Sonstiges (z. B. zus\u00e4tzliche Literatur)<\/td><td class=\"has-text-align-center\" data-align=\"center\">$100<\/td><td>Nicht notwendig, aber oft hilfreich. <\/td><\/tr><\/tbody><tfoot><tr><td><strong>Gesamt:<\/strong><\/td><td class=\"has-text-align-center\" data-align=\"center\"><strong>$644<\/strong><\/td><td><\/td><\/tr><\/tfoot><\/table><figcaption class=\"wp-element-caption\">.<\/figcaption><\/figure>\n\n\n\n<div class=\"gutenakitid-a17083a4-bc8f-425e-8ad7-f66598d8b2f1  wp-block-group is-vertical is-layout-flex wp-container-core-group-is-layout-fe9cc265 wp-block-group-is-layout-flex\">\n<p class=\"gutenakitid-8344e5f8-e0ef-47da-9240-2a7a66d8e118  has-small-font-size\" id=\"Notes\">* Zahlen f\u00fcr Europa. PMI erhebt in anderen L\u00e4ndern andere Geb\u00fchren.<br>** <a href=\"https:\/\/oliverlehmann.com\/de\/free\/free-resources\/\" target=\"_blank\" rel=\"noopener\" title=\"Weitere kostenlose PMP-Hilfe\">Siehe Leseplan<\/a>. <br>*** Die meisten Studierenden ben\u00f6tigen zwischen Seminar und Pr\u00fcfung eine intensive zus\u00e4tzliche Betreuung. Das bieten nicht alle Seminaranbieter.<\/p>\n<\/div>\n<\/div>\n<\/div>\n\n\n\n<hr class=\"wp-block-separator alignwide has-text-color has-pale-pink-color has-alpha-channel-opacity has-pale-pink-background-color has-background is-style-wide\"\/>\n\n\n\n<div class=\"wp-block-columns is-layout-flex wp-container-core-columns-is-layout-7466b548 wp-block-columns-is-layout-flex\" style=\"padding-top:var(--wp--preset--spacing--30);padding-right:var(--wp--preset--spacing--30);padding-bottom:var(--wp--preset--spacing--30);padding-left:var(--wp--preset--spacing--30)\">\n<div class=\"wp-block-column is-layout-flow wp-block-column-is-layout-flow\" style=\"flex-basis:100%\">\n<figure class=\"wp-block-image aligncenter size-large is-resized has-custom-border\"><img loading=\"lazy\" decoding=\"async\" src=\"https:\/\/oliverlehmann.com\/wp-content\/uploads\/2023\/06\/Logo-sphere-1024x743.png\" alt=\"\" class=\"wp-image-998\" style=\"border-top-style:none;border-top-width:0px;border-bottom-style:none;border-bottom-width:0px\" width=\"110\" height=\"80\" srcset=\"https:\/\/oliverlehmann.com\/wp-content\/uploads\/2023\/06\/Logo-sphere-1024x743.png 1024w, https:\/\/oliverlehmann.com\/wp-content\/uploads\/2023\/06\/Logo-sphere-300x218.png 300w, https:\/\/oliverlehmann.com\/wp-content\/uploads\/2023\/06\/Logo-sphere-768x557.png 768w, https:\/\/oliverlehmann.com\/wp-content\/uploads\/2023\/06\/Logo-sphere.png 1059w\" sizes=\"auto, (max-width: 110px) 100vw, 110px\" \/><\/figure>\n<\/div>\n<\/div>\n\n\n\n<h2 class=\"wp-block-heading has-text-align-center\" id=\"sponsor\">Sollte ein Arbeitgeber die PMI-Mitgliedschaft f\u00fcr Mitarbeiter nach der Pr\u00fcfung f\u00f6rdern?<\/h2>\n\n\n\n<div class=\"wp-block-columns is-layout-flex wp-container-core-columns-is-layout-28f84493 wp-block-columns-is-layout-flex\">\n<div class=\"gutenakitid-23451cc1-d3c1-4813-ba3c-42dec7ac8dd1  wp-block-column is-layout-flow wp-block-column-is-layout-flow\">\n<p>Meine klare Empfehlung: Ja.<\/p>\n\n\n\n<p class=\"gutenakitid-6e2e9895-c5f9-482c-910c-9b90db7bf9c3\" > Mit einer PMI-Mitgliedschaft werden die Mitarbeiter Teil einer weltweiten Gemeinschaft von \u00fcber 700.000 Fachleuten in 222 L\u00e4ndern und Territorien.<a href=\"#Note\" title=\"*\">*<\/a> Hier wird Projektmanagement professionalisiert und weiter entwickelt.<\/p>\n\n\n\n<p>Dar\u00fcber hinaus haben Mitglieder kostenlosen Zugang zu einer digitalen Bibliothek <a href=\"https:\/\/www.pmi.org\/pmbok-guide-standards\" target=\"_blank\" rel=\"noopener\" title=\"\">Standards und Ver\u00f6ffentlichungen<\/a>. Dazu geh\u00f6ren Standards f\u00fcr viele aktuelle Themen, wie zum Beispiel:<\/p>\n\n\n\n<ul class=\"wp-block-list\">\n<li>PMBOK Guide, 7. Auflage.*<\/li>\n\n\n\n<li>Leitfaden f\u00fcr agile Praktiken*<\/li>\n\n\n\n<li>Process Groups: A Practice Guide*<\/li>\n\n\n\n<li>Der Standard f\u00fcr Programmmanagement<\/li>\n\n\n\n<li>Standard f\u00fcr Portfoliomanagement<\/li>\n\n\n\n<li>Requirements Management: A Practice Guide<\/li>\n<\/ul>\n\n\n\n<p>\u2026und viele mehr, darunter auch deutsche Versionen.<\/p>\n\n\n\n<p class=\"gutenakitid-4f3a0ab4-b761-438f-a239-00a51bbd8b30\" > *: Meine Seminar-Teilnehmer erhalten das PMP Study Workbook, das die 3 PMI-B\u00fccher zusammenfasst und das Selbststudium vereinfacht. Allen anderen empfehle ich, die drei B\u00fccher zu lesen.<\/p>\n\n\n\n<p>Diese Standards sind hilfreich bei der Wissensentwicklung. Unternehmen nutzen sie, um eine gemeinsame Sprache und ein gemeinsames Verst\u00e4ndnis innerhalb der Organisation und im unternehmens\u00fcbergreifenden Projektgesch\u00e4ft sicherzustellen.<\/p>\n<\/div>\n\n\n\n<div class=\"wp-block-column is-layout-flow wp-block-column-is-layout-flow\">\n<figure class=\"wp-block-image size-large\"><img loading=\"lazy\" decoding=\"async\" width=\"1024\" height=\"918\" src=\"https:\/\/oliverlehmann.com\/wp-content\/uploads\/image-5-1024x918.png\" alt=\"The Standards &amp; Publications page at PMI\" class=\"wp-image-3365\" srcset=\"https:\/\/oliverlehmann.com\/wp-content\/uploads\/image-5-1024x918.png 1024w, https:\/\/oliverlehmann.com\/wp-content\/uploads\/image-5-300x269.png 300w, https:\/\/oliverlehmann.com\/wp-content\/uploads\/image-5-768x688.png 768w, https:\/\/oliverlehmann.com\/wp-content\/uploads\/image-5-1536x1377.png 1536w, https:\/\/oliverlehmann.com\/wp-content\/uploads\/image-5-13x12.png 13w, https:\/\/oliverlehmann.com\/wp-content\/uploads\/image-5.png 1728w\" sizes=\"auto, (max-width: 1024px) 100vw, 1024px\" \/><\/figure>\n<\/div>\n<\/div>\n\n\n\n<hr class=\"wp-block-separator alignwide has-text-color has-pale-pink-color has-alpha-channel-opacity has-pale-pink-background-color has-background is-style-wide\"\/>\n\n\n\n<div class=\"wp-block-columns is-layout-flex wp-container-core-columns-is-layout-7466b548 wp-block-columns-is-layout-flex\" style=\"padding-top:var(--wp--preset--spacing--30);padding-right:var(--wp--preset--spacing--30);padding-bottom:var(--wp--preset--spacing--30);padding-left:var(--wp--preset--spacing--30)\">\n<div class=\"wp-block-column is-layout-flow wp-block-column-is-layout-flow\" style=\"flex-basis:100%\">\n<figure class=\"wp-block-image aligncenter size-large is-resized has-custom-border\"><img loading=\"lazy\" decoding=\"async\" src=\"https:\/\/oliverlehmann.com\/wp-content\/uploads\/2023\/06\/Logo-sphere-1024x743.png\" alt=\"\" class=\"wp-image-998\" style=\"border-top-style:none;border-top-width:0px;border-bottom-style:none;border-bottom-width:0px\" width=\"110\" height=\"80\" srcset=\"https:\/\/oliverlehmann.com\/wp-content\/uploads\/2023\/06\/Logo-sphere-1024x743.png 1024w, https:\/\/oliverlehmann.com\/wp-content\/uploads\/2023\/06\/Logo-sphere-300x218.png 300w, https:\/\/oliverlehmann.com\/wp-content\/uploads\/2023\/06\/Logo-sphere-768x557.png 768w, https:\/\/oliverlehmann.com\/wp-content\/uploads\/2023\/06\/Logo-sphere.png 1059w\" sizes=\"auto, (max-width: 110px) 100vw, 110px\" \/><\/figure>\n<\/div>\n<\/div>\n\n\n\n<h2 class=\"wp-block-heading has-text-align-center\" id=\"more_support\">Was kann man noch tun?<\/h2>\n\n\n\n<div class=\"wp-block-columns is-layout-flex wp-container-core-columns-is-layout-28f84493 wp-block-columns-is-layout-flex\">\n<div class=\"gutenakitid-23451cc1-d3c1-4813-ba3c-42dec7ac8dd1  wp-block-column is-layout-flow wp-block-column-is-layout-flow\">\n<p>Neben finanzieller Unterst\u00fctzung k\u00f6nnen Arbeitgeber ihre Projektmanager auf dem Weg zur PMP-Zertifizierung unterst\u00fctzen. <a href=\"https:\/\/oliverlehmann.com\/wp-content\/uploads\/PMP_Sponsoring_Opportunities.pdf\" target=\"_blank\" rel=\"noopener\" title=\"\">Siehe meine Empfehlungen.<\/a>.<\/p>\n<\/div>\n<\/div>","protected":false},"excerpt":{"rendered":"<p>Auf dieser Seite: Budget | Mitgliedschaftsf\u00f6rderung | Weitere Unterst\u00fctzung Wie viel sollten Sie einplanen? Die PMP-Zertifizierung ist keine gro\u00dfe finanzielle Investition. Angesichts der Vorteile, die eine gut organisierte Zertifizierungsinitiative mit sich bringt, sind viele Unternehmen jedoch bereit, ihre Mitarbeitenden zu unterst\u00fctzen und die Kosten zu \u00fcbernehmen. Eine detaillierte Beschreibung der M\u00f6glichkeiten f\u00fcr Arbeitgeber finden Sie hier: [\u2026]<\/p>","protected":false},"author":1,"featured_media":3605,"parent":754,"menu_order":2,"comment_status":"closed","ping_status":"closed","template":"","meta":{"footnotes":""},"class_list":["post-3319","page","type-page","status-publish","has-post-thumbnail","hentry"],"aioseo_notices":[],"_links":{"self":[{"href":"https:\/\/oliverlehmann.com\/de\/wp-json\/wp\/v2\/pages\/3319","targetHints":{"allow":["GET"]}}],"collection":[{"href":"https:\/\/oliverlehmann.com\/de\/wp-json\/wp\/v2\/pages"}],"about":[{"href":"https:\/\/oliverlehmann.com\/de\/wp-json\/wp\/v2\/types\/page"}],"author":[{"embeddable":true,"href":"https:\/\/oliverlehmann.com\/de\/wp-json\/wp\/v2\/users\/1"}],"replies":[{"embeddable":true,"href":"https:\/\/oliverlehmann.com\/de\/wp-json\/wp\/v2\/comments?post=3319"}],"version-history":[{"count":50,"href":"https:\/\/oliverlehmann.com\/de\/wp-json\/wp\/v2\/pages\/3319\/revisions"}],"predecessor-version":[{"id":4864,"href":"https:\/\/oliverlehmann.com\/de\/wp-json\/wp\/v2\/pages\/3319\/revisions\/4864"}],"up":[{"embeddable":true,"href":"https:\/\/oliverlehmann.com\/de\/wp-json\/wp\/v2\/pages\/754"}],"wp:featuredmedia":[{"embeddable":true,"href":"https:\/\/oliverlehmann.com\/de\/wp-json\/wp\/v2\/media\/3605"}],"wp:attachment":[{"href":"https:\/\/oliverlehmann.com\/de\/wp-json\/wp\/v2\/media?parent=3319"}],"curies":[{"name":"wp","href":"https:\/\/api.w.org\/{rel}","templated":true}]}}