{"id":3498,"date":"2023-12-28T10:55:46","date_gmt":"2023-12-28T09:55:46","guid":{"rendered":"https:\/\/oliverlehmann.com\/?page_id=3498"},"modified":"2024-02-07T09:13:56","modified_gmt":"2024-02-07T08:13:56","slug":"pdus","status":"publish","type":"page","link":"https:\/\/oliverlehmann.com\/de\/free\/pdus\/","title":{"rendered":"PDUs"},"content":{"rendered":"<div class=\"wp-block-cover alignfull\"><span aria-hidden=\"true\" class=\"wp-block-cover__background has-background-dim\"><\/span><img loading=\"lazy\" decoding=\"async\" width=\"1024\" height=\"343\" class=\"wp-block-cover__image-background wp-image-3501\" alt=\"Time is running fast\" src=\"https:\/\/oliverlehmann.com\/wp-content\/uploads\/image-7-1024x343.png\" style=\"object-position:47% 76%\" data-object-fit=\"cover\" data-object-position=\"47% 76%\" srcset=\"https:\/\/oliverlehmann.com\/wp-content\/uploads\/image-7-1024x343.png 1024w, https:\/\/oliverlehmann.com\/wp-content\/uploads\/image-7-300x100.png 300w, https:\/\/oliverlehmann.com\/wp-content\/uploads\/image-7-768x257.png 768w, https:\/\/oliverlehmann.com\/wp-content\/uploads\/image-7-18x6.png 18w, https:\/\/oliverlehmann.com\/wp-content\/uploads\/image-7.png 1399w\" sizes=\"auto, (max-width: 1024px) 100vw, 1024px\" \/><div class=\"wp-block-cover__inner-container is-layout-flow wp-block-cover-is-layout-flow\">\n<h1 class=\"gutenakitid-7bcec356-6a4c-46c3-b237-c1130482824f  wp-block-heading has-text-align-center has-base-color has-text-color has-link-color has-large-font-size wp-elements-12950fbbfa5caa704e2327abe92cb814\">PDUs sammeln<\/h1>\n<\/div><\/div>\n\n\n\n<p class=\"gutenakitid-13b90eb9-5fe8-40c6-aa06-2732c3ccfd18  has-text-align-center\">Auf dieser Seite: <a href=\"#Special_events\" title=\"Veranstaltungen\">Wie man PDUs beantragt<\/a> | <a href=\"#More\" title=\"\">Quellen f\u00fcr die PDU-Erfassung<\/a> | <a href=\"#PDUs\" title=\"Was sind PDUs?\">Was sind PDUs?<\/a><\/p>\n\n\n\n<div class=\"wp-block-columns is-layout-flex wp-container-core-columns-is-layout-7466b548 wp-block-columns-is-layout-flex\" style=\"padding-top:var(--wp--preset--spacing--30);padding-right:var(--wp--preset--spacing--30);padding-bottom:var(--wp--preset--spacing--30);padding-left:var(--wp--preset--spacing--30)\">\n<div class=\"wp-block-column is-layout-flow wp-block-column-is-layout-flow\" style=\"flex-basis:100%\">\n<figure class=\"wp-block-image aligncenter size-large is-resized has-custom-border\"><img loading=\"lazy\" decoding=\"async\" width=\"1024\" height=\"743\" src=\"https:\/\/oliverlehmann.com\/wp-content\/uploads\/2023\/06\/Logo-sphere-1024x743.png\" alt=\"\" class=\"wp-image-998\" style=\"border-top-style:none;border-top-width:0px;border-bottom-style:none;border-bottom-width:0px;width:110px;height:80px\" srcset=\"https:\/\/oliverlehmann.com\/wp-content\/uploads\/2023\/06\/Logo-sphere-1024x743.png 1024w, https:\/\/oliverlehmann.com\/wp-content\/uploads\/2023\/06\/Logo-sphere-300x218.png 300w, https:\/\/oliverlehmann.com\/wp-content\/uploads\/2023\/06\/Logo-sphere-768x557.png 768w, https:\/\/oliverlehmann.com\/wp-content\/uploads\/2023\/06\/Logo-sphere.png 1059w\" sizes=\"auto, (max-width: 1024px) 100vw, 1024px\" \/><\/figure>\n<\/div>\n<\/div>\n\n\n\n<h2 class=\"wp-block-heading has-text-align-center\" id=\"Special_events\"> Wie man PDUs beantragt<\/h2>\n\n\n\n<div class=\"wp-block-columns is-layout-flex wp-container-core-columns-is-layout-28f84493 wp-block-columns-is-layout-flex\">\n<div class=\"wp-block-column is-layout-flow wp-block-column-is-layout-flow\">\n<p>Um Ihren Status als zertifizierte Fachkraft aufrechtzuerhalten, m\u00fcssen Sie PDUs (Professional Development Units) sammeln. Beispielsweise ben\u00f6tigen PMP-Inhaber 60 PDUs innerhalb eines Dreijahreszyklus f\u00fcr die Verl\u00e4ngerung ihrer Zertifizierung um jeweils weitere drei Jahre.<\/p>\n\n\n\n<p class=\"gutenakitid-d16ac95f-8811-455d-9ed1-8b7aaec5eccc  has-text-align-left translation-block\">Sind Sie unsicher in Bezug auf das CCR-Verfahren und die PDUs? <a href=\"#PDUs\" title=\"\" target=\"_self\">Klicken Sie hier f\u00fcr die Details.<\/a><\/p>\n<\/div>\n<\/div>\n\n\n\n<div class=\"wp-block-columns is-layout-flex wp-container-core-columns-is-layout-7466b548 wp-block-columns-is-layout-flex\" style=\"padding-top:var(--wp--preset--spacing--30);padding-right:var(--wp--preset--spacing--30);padding-bottom:var(--wp--preset--spacing--30);padding-left:var(--wp--preset--spacing--30)\">\n<div class=\"wp-block-column is-layout-flow wp-block-column-is-layout-flow\" style=\"flex-basis:100%\">\n<figure class=\"wp-block-image aligncenter size-large is-resized has-custom-border\"><img loading=\"lazy\" decoding=\"async\" width=\"1024\" height=\"743\" src=\"https:\/\/oliverlehmann.com\/wp-content\/uploads\/2023\/06\/Logo-sphere-1024x743.png\" alt=\"\" class=\"wp-image-998\" style=\"border-top-style:none;border-top-width:0px;border-bottom-style:none;border-bottom-width:0px;width:110px;height:80px\" srcset=\"https:\/\/oliverlehmann.com\/wp-content\/uploads\/2023\/06\/Logo-sphere-1024x743.png 1024w, https:\/\/oliverlehmann.com\/wp-content\/uploads\/2023\/06\/Logo-sphere-300x218.png 300w, https:\/\/oliverlehmann.com\/wp-content\/uploads\/2023\/06\/Logo-sphere-768x557.png 768w, https:\/\/oliverlehmann.com\/wp-content\/uploads\/2023\/06\/Logo-sphere.png 1059w\" sizes=\"auto, (max-width: 1024px) 100vw, 1024px\" \/><\/figure>\n<\/div>\n<\/div>\n\n\n\n<h2 class=\"wp-block-heading has-text-align-center\" id=\"More\">Bezugsquellen f\u00fcr PDUs<\/h2>\n\n\n\n<div class=\"gutenakitid-7f4e7326-8111-47a1-b10c-6eebc6d6fb58  wp-block-group alignwide is-vertical is-content-justification-center is-layout-flex wp-container-core-group-is-layout-ce155fab wp-block-group-is-layout-flex\">\n<p class=\"has-text-align-center\">LinkedIn-Artikel \u00fcber kosteng\u00fcnstige und einfache M\u00f6glichkeiten zur Sammlung von PDUs.<\/p>\n\n\n\n<div class=\"wp-block-columns is-layout-flex wp-container-core-columns-is-layout-28f84493 wp-block-columns-is-layout-flex\">\n<div class=\"wp-block-column is-layout-flow wp-block-column-is-layout-flow\">\n<figure class=\"wp-block-image aligncenter size-full is-resized\"><a href=\"https:\/\/www.linkedin.com\/pulse\/easy-pdu-collection-1-read-review-books-oliver-f-lehmann-msc-pmp\/?trackingId=UDtfBzezR7G25IJyWVHTUg%3D%3D\" target=\"_blank\" rel=\"noreferrer noopener\"><img loading=\"lazy\" decoding=\"async\" width=\"526\" height=\"390\" src=\"https:\/\/oliverlehmann.com\/wp-content\/uploads\/image-10.png\" alt=\"\" class=\"wp-image-3520\" style=\"object-fit:cover;width:500px;height:350px\" srcset=\"https:\/\/oliverlehmann.com\/wp-content\/uploads\/image-10.png 526w, https:\/\/oliverlehmann.com\/wp-content\/uploads\/image-10-300x222.png 300w, https:\/\/oliverlehmann.com\/wp-content\/uploads\/image-10-16x12.png 16w\" sizes=\"auto, (max-width: 526px) 100vw, 526px\" \/><\/a><\/figure>\n\n\n\n<h4 class=\"wp-block-heading has-text-align-center\"><sub>Easy PDU Collection #1: <\/sub><br>B\u00fccher lesen und rezensieren<\/h4>\n<\/div>\n\n\n\n<div class=\"wp-block-column is-layout-flow wp-block-column-is-layout-flow\">\n<figure class=\"wp-block-image aligncenter size-full is-resized\"><img loading=\"lazy\" decoding=\"async\" width=\"655\" height=\"423\" src=\"https:\/\/oliverlehmann.com\/wp-content\/uploads\/image-11.png\" alt=\"\" class=\"wp-image-3521\" style=\"width:auto;height:350px\" srcset=\"https:\/\/oliverlehmann.com\/wp-content\/uploads\/image-11.png 655w, https:\/\/oliverlehmann.com\/wp-content\/uploads\/image-11-300x194.png 300w, https:\/\/oliverlehmann.com\/wp-content\/uploads\/image-11-18x12.png 18w\" sizes=\"auto, (max-width: 655px) 100vw, 655px\" \/><\/figure>\n\n\n\n<h4 class=\"wp-block-heading has-text-align-center\"><sub>Easy PDU Collection #2: <\/sub><br>Literatur zum Forschungsprojektmanagement<\/h4>\n<\/div>\n<\/div>\n\n\n\n<div class=\"wp-block-columns is-layout-flex wp-container-core-columns-is-layout-28f84493 wp-block-columns-is-layout-flex\">\n<div class=\"wp-block-column is-layout-flow wp-block-column-is-layout-flow\">\n<figure class=\"wp-block-image aligncenter size-full is-resized\"><img loading=\"lazy\" decoding=\"async\" width=\"1000\" height=\"667\" src=\"https:\/\/oliverlehmann.com\/wp-content\/uploads\/image-12.png\" alt=\"\" class=\"wp-image-3522\" style=\"width:auto;height:350px\" srcset=\"https:\/\/oliverlehmann.com\/wp-content\/uploads\/image-12.png 1000w, https:\/\/oliverlehmann.com\/wp-content\/uploads\/image-12-300x200.png 300w, https:\/\/oliverlehmann.com\/wp-content\/uploads\/image-12-768x512.png 768w, https:\/\/oliverlehmann.com\/wp-content\/uploads\/image-12-18x12.png 18w\" sizes=\"auto, (max-width: 1000px) 100vw, 1000px\" \/><\/figure>\n\n\n\n<h4 class=\"wp-block-heading has-text-align-center\"><sub>Easy PDU Collection #3:<\/sub><br>Online-Medien \u2013 Webinare, Online-Konferenzen, Podcasts, PM Games<\/h4>\n<\/div>\n\n\n\n<div class=\"wp-block-column is-layout-flow wp-block-column-is-layout-flow\">\n<p>Kennen Sie weitere Quellen mit tollen Tipps? <a href=\"https:\/\/oliverlehmann.com\/de\/contact\/\" title=\"Kontakt\">Bitte reichen Sie die Details zur Ver\u00f6ffentlichung ein.<\/a>.<\/p>\n<\/div>\n<\/div>\n<\/div>\n\n\n\n<div class=\"wp-block-columns is-layout-flex wp-container-core-columns-is-layout-7466b548 wp-block-columns-is-layout-flex\" style=\"padding-top:var(--wp--preset--spacing--30);padding-right:var(--wp--preset--spacing--30);padding-bottom:var(--wp--preset--spacing--30);padding-left:var(--wp--preset--spacing--30)\">\n<div class=\"wp-block-column is-layout-flow wp-block-column-is-layout-flow\" style=\"flex-basis:100%\">\n<figure class=\"wp-block-image aligncenter size-large is-resized has-custom-border\"><img loading=\"lazy\" decoding=\"async\" width=\"1024\" height=\"743\" src=\"https:\/\/oliverlehmann.com\/wp-content\/uploads\/2023\/06\/Logo-sphere-1024x743.png\" alt=\"\" class=\"wp-image-998\" style=\"border-top-style:none;border-top-width:0px;border-bottom-style:none;border-bottom-width:0px;width:110px;height:80px\" srcset=\"https:\/\/oliverlehmann.com\/wp-content\/uploads\/2023\/06\/Logo-sphere-1024x743.png 1024w, https:\/\/oliverlehmann.com\/wp-content\/uploads\/2023\/06\/Logo-sphere-300x218.png 300w, https:\/\/oliverlehmann.com\/wp-content\/uploads\/2023\/06\/Logo-sphere-768x557.png 768w, https:\/\/oliverlehmann.com\/wp-content\/uploads\/2023\/06\/Logo-sphere.png 1059w\" sizes=\"auto, (max-width: 1024px) 100vw, 1024px\" \/><\/figure>\n<\/div>\n<\/div>\n\n\n\n<h2 class=\"wp-block-heading has-text-align-center\" id=\"PDUs\">Was sind PDUs?<\/h2>\n\n\n\n<div class=\"gutenakitid-52674508-91f6-469b-8197-f8cee2027394  wp-block-group is-vertical is-layout-flex wp-container-core-group-is-layout-fe9cc265 wp-block-group-is-layout-flex\">\n<p class=\"gutenakitid-b1ac9ec5-3bd5-4f40-9f48-f3191925b1f4  has-link-color wp-elements-0192389de68f02ed3a38309ae6d4bb9f\">Bemerkung: <em><strong>PDUs<\/strong><\/em> werden oft verwechselt mit <strong><em>Kontaktstunden von Training.<\/em><\/strong><br>Die Kontaktstunden sind eine Voraussetzung f\u00fcr die CAPM- und PMP-Zertifizierung. <br>Sie werden <a href=\"https:\/\/oliverlehmann.com\/de\/free\/pmp-certification-the-process\/\" title=\"PMP-Zertifizierung \u2013 der Prozess\">hier beschrieben<\/a>.<\/p>\n\n\n\n<div class=\"wp-block-group is-nowrap is-layout-flex wp-container-core-group-is-layout-f66f9956 wp-block-group-is-layout-flex\">\n<p>Abk\u00fcrzungen:<\/p>\n\n\n\n<p><strong>CCR<\/strong> \u2013 Anforderungen f\u00fcr die fortlaufende Zertifizierung<br><strong>PDU<\/strong> \u2013 Einheit f\u00fcr berufliche Weiterentwicklung<\/p>\n<\/div>\n\n\n\n<p>PDUs sind Punkte oder Credits, die PMI-zertifizierte Personen innerhalb von drei Jahren (CCR-Zyklen) sammeln und melden m\u00fcssen, um ihren Zertifizierungsstatus zu erhalten.<\/p>\n\n\n\n<p>PMI fordert:<\/p>\n<\/div>\n\n\n\n<div class=\"wp-block-columns is-layout-flex wp-container-core-columns-is-layout-28f84493 wp-block-columns-is-layout-flex\">\n<div class=\"wp-block-column is-layout-flow wp-block-column-is-layout-flow\">\n<figure class=\"wp-block-table is-style-regular\" style=\"font-size:0.8em\"><table class=\"has-base-background-color has-background\" style=\"border-style:none;border-width:0px\"><thead><tr><th class=\"has-text-align-left\" data-align=\"left\">Status<\/th><th>Kategorien<\/th><th class=\"has-text-align-center\" data-align=\"center\">Minimum <br>PDUs<\/th><th class=\"has-text-align-center\" data-align=\"center\">Maximal <br>PDUs<\/th><\/tr><\/thead><tbody><tr><td class=\"has-text-align-left\" data-align=\"left\"><strong><mark style=\"background-color:rgba(0, 0, 0, 0)\" class=\"has-inline-color has-secondary-color\">PMP<\/mark><\/strong><\/td><td><\/td><td class=\"has-text-align-center\" data-align=\"center\"><strong><mark style=\"background-color:rgba(0, 0, 0, 0)\" class=\"has-inline-color has-secondary-color\">60<\/mark><\/strong><\/td><td class=\"has-text-align-center\" data-align=\"center\"><\/td><\/tr><tr><td class=\"has-text-align-left\" data-align=\"left\"><\/td><td>Arbeitsweisen<br><sup>(= Herangehensweisen und Methoden)<\/sup><\/td><td class=\"has-text-align-center\" data-align=\"center\">8<\/td><td class=\"has-text-align-center\" data-align=\"center\"><\/td><\/tr><tr><td class=\"has-text-align-left\" data-align=\"left\"><\/td><td>F\u00e4higkeiten<br><sup>(= Softskills und F\u00fchrung)<\/sup><\/td><td class=\"has-text-align-center\" data-align=\"center\">8<\/td><td class=\"has-text-align-center\" data-align=\"center\"><\/td><\/tr><tr><td class=\"has-text-align-left\" data-align=\"left\"><\/td><td>Gesch\u00e4ftssinn<br><sup>(= Einbettung des Projekts in ein Gesch\u00e4ftsumfeld)<\/sup><\/td><td class=\"has-text-align-center\" data-align=\"center\">8<\/td><td class=\"has-text-align-center\" data-align=\"center\"><\/td><\/tr><tr><td class=\"has-text-align-left\" data-align=\"left\"><\/td><td>Ehrenamtliche Arbeit und Wissenserzeugung<\/td><td class=\"has-text-align-center\" data-align=\"center\"><\/td><td class=\"has-text-align-center\" data-align=\"center\">17<\/td><\/tr><tr><td class=\"has-text-align-left\" data-align=\"left\"><\/td><td>Praktische Arbeit als Projektmanager<\/td><td class=\"has-text-align-center\" data-align=\"center\"><\/td><td class=\"has-text-align-center\" data-align=\"center\">8<\/td><\/tr><\/tbody><\/table><figcaption class=\"wp-element-caption\"><sub>Anforderungen zur Aufrechterhaltung des PMP-Status<\/sub><\/figcaption><\/figure>\n<\/div>\n\n\n\n<div class=\"wp-block-column is-layout-flow wp-block-column-is-layout-flow\">\n<figure class=\"wp-block-table is-style-regular\" style=\"font-size:0.8em\"><table class=\"has-base-background-color has-background\" style=\"border-style:none;border-width:0px\"><thead><tr><th>Status<\/th><th>Kategorien<\/th><th class=\"has-text-align-center\" data-align=\"center\">Minimum <br>PDUs<\/th><th class=\"has-text-align-center\" data-align=\"center\">Maximal <br>PDUs<\/th><\/tr><\/thead><tbody><tr><td><strong><strong><mark style=\"background-color:rgba(0, 0, 0, 0)\" class=\"has-inline-color has-secondary-color\">CAPM<\/mark><\/strong><\/strong><\/td><td><\/td><td class=\"has-text-align-center\" data-align=\"center\"><strong>15<\/strong><\/td><td class=\"has-text-align-center\" data-align=\"center\"><\/td><\/tr><tr><td><\/td><td>Arbeitsweisen<br><sup>(= Herangehensweisen und Methoden)<\/sup><\/td><td class=\"has-text-align-center\" data-align=\"center\">2<\/td><td class=\"has-text-align-center\" data-align=\"center\"><\/td><\/tr><tr><td><\/td><td>F\u00e4higkeiten<br><sup>(= Softskills und F\u00fchrung)<\/sup><\/td><td class=\"has-text-align-center\" data-align=\"center\">2<\/td><td class=\"has-text-align-center\" data-align=\"center\"><\/td><\/tr><tr><td><\/td><td>Gesch\u00e4ftssinn<br><sup>(= Einbettung des Projekts in ein Gesch\u00e4ftsumfeld)<\/sup><\/td><td class=\"has-text-align-center\" data-align=\"center\">2<\/td><td class=\"has-text-align-center\" data-align=\"center\"><\/td><\/tr><tr><td><\/td><td>Ehrenamtliche Arbeit und Wissenserzeugung<\/td><td class=\"has-text-align-center\" data-align=\"center\"><\/td><td class=\"has-text-align-center\" data-align=\"center\">4<\/td><\/tr><tr><td><\/td><td>Praktische Arbeit als Projektmanager<\/td><td class=\"has-text-align-center\" data-align=\"center\"><\/td><td class=\"has-text-align-center\" data-align=\"center\">2<\/td><\/tr><\/tbody><\/table><figcaption class=\"wp-element-caption\"><sub>Anforderungen zur Aufrechterhaltung des CAPM-Status<\/sub><\/figcaption><\/figure>\n<\/div>\n<\/div>\n\n\n\n<div class=\"gutenakitid-b7569c2a-03d2-4885-91b5-f0b6812a0219  wp-block-group is-vertical is-content-justification-center is-layout-flex wp-container-core-group-is-layout-ce155fab wp-block-group-is-layout-flex\">\n<p>PDUs lassen sich am besten durch Lernaktivit\u00e4ten erwerben. Eine Stunde Lernen = 1 PDU.<\/p>\n\n\n\n<p class=\"gutenakitid-e52d0a0c-c534-47f6-8e96-3bb6a9ffe007\" > PDUs werden beantragt unter <a href=\"https:\/\/ccrs.pmi.org\" target=\"_blank\" rel=\"noopener\" title=\"\">https:\/\/ccrs.pmi.org<\/a>. Wenn der CCR-Zyklus abgeschlossen ist, f\u00fcgt PMI am Ende des laufenden Zyklus weitere drei Jahre hinzu. W\u00e4hrend dieser drei Jahre m\u00fcssen die n\u00e4chsten PDUs gesammelt werden. Ein Dashboard informiert Sie \u00fcber Ihren aktuellen Zertifizierungsstatus. So sieht es aus, wenn Ihr Status erneuert wird: <a href=\"https:\/\/ccrs.pmi.org\" target=\"_blank\" rel=\"noopener\" title=\"\">Das Dashboard <\/a>informiert Sie \u00fcber Ihren aktuellen Zertifizierungsstatus. So sieht es aus, wenn Ihr Status erneuert wird:<\/p>\n\n\n\n<figure class=\"wp-block-image size-large\"><img loading=\"lazy\" decoding=\"async\" width=\"1024\" height=\"753\" src=\"https:\/\/oliverlehmann.com\/wp-content\/uploads\/image-8-1024x753.png\" alt=\"\" class=\"wp-image-3510\" srcset=\"https:\/\/oliverlehmann.com\/wp-content\/uploads\/image-8-1024x753.png 1024w, https:\/\/oliverlehmann.com\/wp-content\/uploads\/image-8-300x221.png 300w, https:\/\/oliverlehmann.com\/wp-content\/uploads\/image-8-768x565.png 768w, https:\/\/oliverlehmann.com\/wp-content\/uploads\/image-8-16x12.png 16w, https:\/\/oliverlehmann.com\/wp-content\/uploads\/image-8.png 1499w\" sizes=\"auto, (max-width: 1024px) 100vw, 1024px\" \/><figcaption class=\"wp-element-caption\"><sup>Das Dashboard bei <a href=\"https:\/\/ccrs.pmi.org\" target=\"_blank\" rel=\"noopener\" title=\"\">https:\/\/ccrs.pmi.org<\/a> Informiert \u00fcber den PDU-Status einer zertifizierten Person.<\/sup><\/figcaption><\/figure>\n\n\n\n<p class=\"gutenakitid-2eb937fd-149b-4291-8f97-272b9a7f7d32  has-text-align-left\">Mehr: <a href=\"https:\/\/www.pmi.org\/-\/media\/pmi\/documents\/public\/pdf\/certifications\/ccr-certification-requirements-handbook.pdf\" target=\"_blank\" rel=\"noopener\" title=\"\">CCR-Handbuch<\/a><\/p>\n<\/div>","protected":false},"excerpt":{"rendered":"<p>Auf dieser Seite: Wie Sie PDUs beantragen | Quellen f\u00fcr die PDU-Sammlung | Was sind PDUs? Wie Sie PDUs beantragen Um Ihren Status als zertifizierte Person aufrechtzuerhalten, m\u00fcssen Sie PDUs (Professional Development Units) sammeln. Beispielsweise ben\u00f6tigen PMP-Inhaber 60 PDUs innerhalb eines Dreijahreszyklus f\u00fcr die Verl\u00e4ngerung ihrer Zertifizierung.<\/p>","protected":false},"author":1,"featured_media":3503,"parent":754,"menu_order":7,"comment_status":"closed","ping_status":"closed","template":"","meta":{"footnotes":""},"class_list":["post-3498","page","type-page","status-publish","has-post-thumbnail","hentry"],"aioseo_notices":[],"_links":{"self":[{"href":"https:\/\/oliverlehmann.com\/de\/wp-json\/wp\/v2\/pages\/3498","targetHints":{"allow":["GET"]}}],"collection":[{"href":"https:\/\/oliverlehmann.com\/de\/wp-json\/wp\/v2\/pages"}],"about":[{"href":"https:\/\/oliverlehmann.com\/de\/wp-json\/wp\/v2\/types\/page"}],"author":[{"embeddable":true,"href":"https:\/\/oliverlehmann.com\/de\/wp-json\/wp\/v2\/users\/1"}],"replies":[{"embeddable":true,"href":"https:\/\/oliverlehmann.com\/de\/wp-json\/wp\/v2\/comments?post=3498"}],"version-history":[{"count":16,"href":"https:\/\/oliverlehmann.com\/de\/wp-json\/wp\/v2\/pages\/3498\/revisions"}],"predecessor-version":[{"id":3622,"href":"https:\/\/oliverlehmann.com\/de\/wp-json\/wp\/v2\/pages\/3498\/revisions\/3622"}],"up":[{"embeddable":true,"href":"https:\/\/oliverlehmann.com\/de\/wp-json\/wp\/v2\/pages\/754"}],"wp:featuredmedia":[{"embeddable":true,"href":"https:\/\/oliverlehmann.com\/de\/wp-json\/wp\/v2\/media\/3503"}],"wp:attachment":[{"href":"https:\/\/oliverlehmann.com\/de\/wp-json\/wp\/v2\/media?parent=3498"}],"curies":[{"name":"wp","href":"https:\/\/api.w.org\/{rel}","templated":true}]}}