{"id":3712,"date":"2024-04-19T09:36:09","date_gmt":"2024-04-19T08:36:09","guid":{"rendered":"https:\/\/oliverlehmann.com\/?page_id=3712"},"modified":"2025-07-24T08:58:50","modified_gmt":"2025-07-24T07:58:50","slug":"countdown-to-pmp-exam-success","status":"publish","type":"page","link":"https:\/\/oliverlehmann.com\/de\/free\/countdown-to-pmp-exam-success\/","title":{"rendered":"Der Countdown zum PMP-Pr\u00fcfungserfolg"},"content":{"rendered":"<div class=\"wp-block-cover alignfull\"><img loading=\"lazy\" decoding=\"async\" width=\"1500\" height=\"625\" class=\"wp-block-cover__image-background wp-image-3713\" alt=\"PMP Exam Success\" src=\"https:\/\/oliverlehmann.com\/wp-content\/uploads\/danny-howe-bn-D2bCvpik-unsplash-1500.jpg\" data-object-fit=\"cover\" srcset=\"https:\/\/oliverlehmann.com\/wp-content\/uploads\/danny-howe-bn-D2bCvpik-unsplash-1500.jpg 1500w, https:\/\/oliverlehmann.com\/wp-content\/uploads\/danny-howe-bn-D2bCvpik-unsplash-1500-300x125.jpg 300w, https:\/\/oliverlehmann.com\/wp-content\/uploads\/danny-howe-bn-D2bCvpik-unsplash-1500-1024x427.jpg 1024w, https:\/\/oliverlehmann.com\/wp-content\/uploads\/danny-howe-bn-D2bCvpik-unsplash-1500-768x320.jpg 768w, https:\/\/oliverlehmann.com\/wp-content\/uploads\/danny-howe-bn-D2bCvpik-unsplash-1500-18x8.jpg 18w\" sizes=\"auto, (max-width: 1500px) 100vw, 1500px\" \/><span aria-hidden=\"true\" class=\"wp-block-cover__background has-background-dim\"><\/span><div class=\"wp-block-cover__inner-container has-global-padding is-layout-constrained wp-block-cover-is-layout-constrained\">\n<h1 class=\"wp-block-heading has-text-align-center has-base-color has-text-color has-link-color wp-elements-b70c776e8b38fdfac80ad1e6506fdbc3\" style=\"font-size:clamp(33.419px, 2.089rem + ((1vw - 3.2px) * 3.021), 60px);\">Der Countdown zum PMP-Pr\u00fcfungserfolg<\/h1>\n<\/div><\/div>\n\n\n\n<p class=\"has-text-align-center has-small-font-size\">Auf dieser Seite: <a href=\"#steps\" title=\"\">10 Schritte zum Pr\u00fcfungserfolg<\/a><\/p>\n\n\n\n<h2 class=\"wp-block-heading has-text-align-center\" id=\"steps\">10 Schritte zum Erfolg beim 1. Anlauf<\/h2>\n\n\n\n<div class=\"wp-block-columns is-layout-flex wp-container-core-columns-is-layout-28f84493 wp-block-columns-is-layout-flex\">\n<div class=\"wp-block-column is-vertically-aligned-top is-layout-flow wp-block-column-is-layout-flow\" style=\"flex-basis:50%\">\n<p>Das Bestehen der PMP-Pr\u00fcfung (Project Management Professional) erfordert eine Kombination aus gr\u00fcndlicher Vorbereitung, strategischen Lerngewohnheiten und einem tiefen Verst\u00e4ndnis der Prinzipien des Projektmanagements.<\/p>\n\n\n\n<p style=\"padding-right:7px;padding-left:7px\">Hier sind einige Schl\u00fcsselstrategien:<\/p>\n<\/div>\n\n\n\n<div class=\"wp-block-column is-layout-flow wp-block-column-is-layout-flow\" style=\"flex-basis:50%\">\n<figure class=\"wp-block-image aligncenter size-full is-resized\"><img loading=\"lazy\" decoding=\"async\" width=\"600\" height=\"449\" src=\"https:\/\/oliverlehmann.com\/wp-content\/uploads\/Seminar-before-wiindow-600.png\" alt=\"\" class=\"wp-image-4288\" style=\"width:452px;height:auto\" srcset=\"https:\/\/oliverlehmann.com\/wp-content\/uploads\/Seminar-before-wiindow-600.png 600w, https:\/\/oliverlehmann.com\/wp-content\/uploads\/Seminar-before-wiindow-600-300x225.png 300w, https:\/\/oliverlehmann.com\/wp-content\/uploads\/Seminar-before-wiindow-600-16x12.png 16w\" sizes=\"auto, (max-width: 600px) 100vw, 600px\" \/><\/figure>\n<\/div>\n<\/div>\n\n\n\n<div class=\"wp-block-columns is-layout-flex wp-container-core-columns-is-layout-5c7af128 wp-block-columns-is-layout-flex\" style=\"padding-right:var(--wp--preset--spacing--50);padding-left:var(--wp--preset--spacing--50)\">\n<div class=\"wp-block-column is-vertically-aligned-top is-layout-flow wp-block-column-is-layout-flow\" style=\"flex-basis:100%\">\n<ol reversed style=\"padding-right:40px;padding-left:40px\" class=\"wp-block-list\">\n<li><strong>Lassen Sie sich von einem erfahrenen Trainer oder Coach anleiten<\/strong><br><br>Nehmen Sie an einer Schulung oder einem Coaching-Programm teil, das Sie in die Terminologie, die Methoden und die \u00fcbergreifende \"Philosophie\" des Projektmanagements einf\u00fchrt, wie sie innerhalb des PMI verstanden wird. Verwenden Sie das Seminar oder Coaching, um die 35 Kontaktstunden (Voraussetzung zur Pr\u00fcfungszulassung) zu belegen.<br><br>Erstellen Sie dann einen realistischen Lernplan, der zu Ihrem Lebensstil passt, und halten Sie sich daran. Teilen Sie den Stoff in \u00fcberschaubare Abschnitte auf und setzen Sie sich Ziele f\u00fcr jede Lerneinheit. Besprechen Sie den Plan mit Ihrem Trainer oder Coach.<br>&nbsp;\n<ul class=\"wp-block-list\">\n<li class=\"has-pale-pink-color has-text-color has-link-color has-small-font-size wp-elements-4b31c24cc73c976b4b40989bdb711744\"><strong>Empfehlung<\/strong> <br>Meine <a href=\"https:\/\/oliverlehmann.com\/de\/trainer\/profile\/\" target=\"_blank\" rel=\"noopener\" title=\"\">Unterst\u00fctzung als Trainer<\/a> Beinhaltet Mentoring bis zur Pr\u00fcfung. Das bieten nicht alle Trainer. Seien Sie w\u00e4hlerisch! <br>&nbsp;<\/li>\n<\/ul>\n<\/li>\n\n\n\n<li><strong>Verstehen Sie die Pr\u00fcfungsstruktur<\/strong><br><br>Machen Sie sich mit dem Format der PMP-Pr\u00fcfung vertraut. Sie besteht aus 180 Fragen, die drei Bereiche abdecken: <br>- Menschen<br>- Prozess<br>- Gesch\u00e4ftsumfeld<br><br>Die Kenntnis der Struktur hilft Ihnen, Ihre Zeit w\u00e4hrend der Pr\u00fcfung effektiv einzuteilen.<br>&nbsp; \n<ul class=\"wp-block-list\">\n<li class=\"has-pale-pink-color has-text-color has-link-color has-small-font-size wp-elements-fdcaad13ae7d6eeab7b2e844dc1ca1a9\"><strong><strong>Empfehlung<\/strong>:<\/strong> <br>Meine <a href=\"https:\/\/oliverlehmann.com\/de\/pm-training\/certification\/#PMP\" target=\"_blank\" rel=\"noopener\" title=\"\">PMP-Vorbereitung<\/a> h\u00e4lt sich eng an diese Struktur.<br>&nbsp;<\/li>\n<\/ul>\n<\/li>\n\n\n\n<li><strong>Studieren Sie die Quellenliteratur<\/strong><br><br>Die <em>Leitfaden zum Projektmanagement-Wissensbestand<\/em> (<em>PMBOK Guide<\/em>) ist die #1 Referenz f\u00fcr Projektmanagement und die Inhalte, nach denen Sie getestet werden.<br>&nbsp;\n<ul class=\"wp-block-list\">\n<li class=\"has-pale-pink-color has-text-color has-link-color has-small-font-size wp-elements-b107c616346fd55eff252b19a4feead5\"><strong><strong>Empfehlung<\/strong>:<\/strong> <br>Werden Sie PMI-Mitglied, um das Buch kostenlos herunterzuladen.<br>&nbsp;<\/li>\n<\/ul>\n<\/li>\n\n\n\n<li><strong>Verwenden Sie zus\u00e4tzliche Studienmaterialien<\/strong><br><br>Der PMBOK Guide ist zwar unverzichtbar, aber es ist auch notwendig, zus\u00e4tzliche Lernressourcen zu nutzen, wie z. B. den <em>Agile Practice Guide<\/em>, den <em>Process Groups: A Practice Guide<\/em>, \u00dcbungspr\u00fcfungen, Studienleitf\u00e4den und Kurse, die sich auf Bereiche konzentrieren, in denen Sie mehr Wissen ben\u00f6tigen.<br>&nbsp;\n<ul class=\"wp-block-list\">\n<li class=\"has-pale-pink-color has-text-color has-link-color has-small-font-size wp-elements-173fb88bd37844803e3649267b1a0e83\"><strong><strong>Empfehlung<\/strong>:<\/strong> <br>Folgen Sie dem <span style=\"text-decoration: underline;\"><a href=\"https:\/\/oliverlehmann.com\/de\/free\/free-resources\/#reading_plan\" target=\"_blank\" rel=\"noopener\" title=\"\">Leseplan<\/a><\/span><em>. <\/em>Wenn Sie PMI als Mitglied beigetreten sind, m\u00fcssen Sie kein Geld mehr in Literatur investieren.<br>&nbsp;<\/li>\n\n\n\n<li class=\"has-pale-pink-color has-text-color has-link-color has-small-font-size wp-elements-7d403c15d7030a3e874d81774687b049\"><strong>Bemerkung:<\/strong><br>Meine Teilnehmenden erhalten das PMP Study Workbook, das eine kompakte Zusammenstellung des gesamten Wissens aus den drei oben genannten B\u00fcchern enth\u00e4lt, das zum Bestehen der Pr\u00fcfung erforderlich ist.<br>&nbsp;<\/li>\n<\/ul>\n<\/li>\n\n\n\n<li><strong>Werden Sie Mitglied einer Studiengruppe<\/strong><br><br>Die Teilnahme an einer Lerngruppe kann Unterst\u00fctzung bieten, den Wissensaustausch erm\u00f6glichen und bei der Kl\u00e4rung schwieriger Konzepte helfen. Die Diskussion von Themen mit Gleichaltrigen kann Ihr Verst\u00e4ndnis und Ihre Merkf\u00e4higkeit verbessern.<br>&nbsp; \n<ul class=\"wp-block-list\">\n<li class=\"has-pale-pink-color has-text-color has-link-color has-small-font-size wp-elements-4034f5d4fff1acd4404980f1543f5f13\"><strong><strong>Empfehlung<\/strong>:<\/strong> <br>Eine sehr gro\u00dfe Studiengruppe mit \u00fcber 250.000 Mitgliedern finden Sie hier: <a href=\"https:\/\/www.linkedin.com\/groups\/2356441\" target=\"_blank\" rel=\"noopener\" title=\"\"><span style=\"text-decoration: underline;\">Die \u00f6ffentliche Gruppe \u201eProjektmanagement-Zertifizierung Zentral\u201c von LinkedIn<\/span><\/a>. <br>&nbsp;<\/li>\n<\/ul>\n<\/li>\n\n\n\n<li><strong>\u00dcben Sie mit Beispielfragen<\/strong><br><br>Regelm\u00e4\u00dfige \u00dcbungstests k\u00f6nnen Ihnen helfen, sich an das Format und die Zeitvorgaben des eigentlichen Tests zu gew\u00f6hnen. Analysieren Sie Ihre Ergebnisse, um herauszufinden, auf welche Bereiche Sie sich besonders konzentrieren m\u00fcssen.<br>&nbsp; \n<ul class=\"wp-block-list\">\n<li class=\"has-pale-pink-color has-text-color has-link-color has-small-font-size wp-elements-bbe57c5192a519d3e3a465ff3d1a6659\"><strong><strong>Empfehlung<\/strong>:<\/strong> <br>Gratis-Testfragen f\u00fcr die PMP\u00ae-Pr\u00fcfung: <span style=\"text-decoration: underline;\"><a href=\"https:\/\/oliverlehmann.com\/de\/free\/free-pmp-practice-questions\/\" target=\"_blank\" rel=\"noopener\" title=\"\">https:\/\/oliverlehmann.com\/free\/free-pmp-practice-questions<\/a><\/span>.<br><\/li>\n\n\n\n<li class=\"has-pale-pink-color has-text-color has-link-color has-small-font-size wp-elements-c7f1aa66538fbba21e89ed7a480ace9b\"><strong>Bemerkung:<br><\/strong>Meine Studenten haben zus\u00e4tzlich Zugang zu einem PMP-Simulator mit \u00fcber 2.000 \u00dcbungsfragen.<br>&nbsp;<\/li>\n<\/ul>\n<\/li>\n\n\n\n<li><strong>Fokus auf Verstehen, nicht auf Auswendiglernen<\/strong><br><br>Auch wenn das Auswendiglernen bei einigen Aspekten hilfreich sein kann, ist es f\u00fcr das Bestehen der PMP-Pr\u00fcfung entscheidend, die Konzepte zu verstehen und sie in verschiedenen Szenarien anwenden zu k\u00f6nnen.<br>&nbsp; \n<ul class=\"wp-block-list\">\n<li class=\"has-pale-pink-color has-text-color has-link-color has-small-font-size wp-elements-29121a46b4ba4f3b06e8a39d3a565524\"><strong>Empfehlung<\/strong>: <br>Die Quellenliteratur des PMI (und sonstiges Material von PMI) konzentriert sich auf interne Projekte und ignoriert die Existenz des Projektgesch\u00e4fts, in dem Kundenprojekte Profitcenter sind und Projektmanager die Verantwortung f\u00fcr die Rentabilit\u00e4t und den Cashflow des Projekts tragen. Die Autoren der Pr\u00fcfungsfragen sind jedoch Praktiker und schreiben die Fragen auf der Grundlage ihres Hintergrunds. Viele von ihnen leiten Kundenprojekte. Erwarten Sie also situative Fragen im Kontext des Projektgesch\u00e4fts, auch wenn die Quellen zu diesem Thema schweigen.<br>&nbsp;<\/li>\n<\/ul>\n<\/li>\n\n\n\n<li><strong>Bleiben Sie auf dem Laufenden<\/strong><br><br>Das Feld des Projektmanagements und der PMBOK Guide entwickeln sich weiter. Stellen Sie sicher, dass Ihre Lernmaterialien und -methoden mit der neuesten Version des PMBOK Guide und der PMP Exam Content Outline \u00fcbereinstimmen.<br>&nbsp;\n<ul class=\"wp-block-list\">\n<li class=\"has-pale-pink-color has-text-color has-link-color has-small-font-size wp-elements-09366e28f15d3dd1aadc1679797136b6\"><strong><strong>Empfehlung<\/strong>: <\/strong><br>Folgen Sie den Links zur aktuellen Version der <span style=\"text-decoration: underline;\"><a href=\"https:\/\/www.pmi.org\/-\/media\/pmi\/documents\/public\/pdf\/certifications\/pmp-examination-content-outline-english.pdf\" target=\"_blank\" rel=\"noopener\" title=\"\">Inhalts\u00fcbersicht der PMP-Pr\u00fcfung<\/a><\/span> und dem <a href=\"https:\/\/www.pmi.org\/pmbok-guide-standards\/foundational\/pmbok\" target=\"_blank\" rel=\"noopener\" title=\"\"><span style=\"text-decoration: underline;\">PMBOK Guide<\/span><\/a><em>. <\/em><br>&nbsp;<\/li>\n<\/ul>\n<\/li>\n\n\n\n<li><strong>Achten Sie auf sich selbst und bitten Sie Ihren Arbeitgeber, das auch zu tun<br><\/strong><br>Untersch\u00e4tzen Sie nicht, wie wichtig eine gute k\u00f6rperliche und geistige Gesundheit w\u00e4hrend Ihrer Pr\u00fcfungsvorbereitung ist. Schlafen Sie ausreichend, essen Sie gut und machen Sie Pausen, um Ihren Geist wach zu halten.<br><br>Bitten Sie Ihren Arbeitgeber um Unterst\u00fctzung, damit Sie sich auf Ihre Pr\u00fcfungsvorbereitung konzentrieren k\u00f6nnen.<br>&nbsp; \n<ul class=\"wp-block-list\">\n<li class=\"has-pale-pink-color has-text-color has-link-color has-small-font-size wp-elements-78ee510f2fe0c86b04916a5cdd9ab880\"><strong><strong>Empfehlung<\/strong>S:<\/strong>\n<ul class=\"wp-block-list\">\n<li class=\"has-pale-pink-color has-text-color has-link-color has-small-font-size wp-elements-a18af0b9dbdc5a2eb7991e4976f6c77d\">Gehen Sie zu <a href=\"https:\/\/oliverlehmann.com\/de\/free\/pmp-employer-support\/\" target=\"_blank\" rel=\"noopener\" title=\"\"><span style=\"text-decoration: underline;\">https:\/\/oliverlehmann.com\/free\/pmp-employer-support<\/span><\/a> f\u00fcr einen \u00dcberblick \u00fcber die Sponsoringm\u00f6glichkeiten f\u00fcr Arbeitgeber. <\/li>\n\n\n\n<li class=\"has-pale-pink-color has-text-color has-link-color has-small-font-size wp-elements-1e4a455232e7609f96a11c06d722235e\">Weitere Unterst\u00fctzungsm\u00f6glichkeiten sind beschrieben unter <a href=\"https:\/\/oliverlehmann.com\/wp-content\/uploads\/PMP_Sponsoring_Opportunities.pdf\" target=\"_blank\" rel=\"noopener\" title=\"\"><span style=\"text-decoration: underline;\">https:\/\/oliverlehmann.com\/wp-content\/uploads\/PMP_Sponsoring_Opportunities.pdf<\/span><\/a>.<br>&nbsp;<\/li>\n<\/ul>\n<\/li>\n<\/ul>\n<\/li>\n\n\n\n<li><strong>Nutzen Sie die Pr\u00fcfungszeit weise<\/strong><br><br>Behalten Sie w\u00e4hrend der Pr\u00fcfung die Zeit im Auge und halten Sie Ihr Tempo ein. Achten Sie darauf, dass Sie gen\u00fcgend Zeit haben, um Ihre Antworten zu \u00fcberpr\u00fcfen, insbesondere bei den komplexeren situativen Fragen.<br>&nbsp; \n<ul class=\"wp-block-list\">\n<li class=\"has-pale-pink-color has-text-color has-link-color has-small-font-size wp-elements-141498a02eae3984be1411d29baf65d8\"><strong><strong>Empfehlung<\/strong>: <\/strong><br>Verwenden Sie <a href=\"https:\/\/oliverlehmann.com\/de\/free\/free-pmp-practice-questions\/\" target=\"_blank\" rel=\"noopener\" title=\"Kostenlose PMP-\u00dcbungsfragen\"><span style=\"text-decoration: underline;\">PMP \u00dcbungsfragen<\/span><\/a> Um sich auf Geschwindigkeit zu trainieren.<\/li>\n<\/ul>\n<\/li>\n<\/ol>\n<\/div>\n<\/div>\n\n\n\n<p style=\"padding-right:7px;padding-left:7px\">Wenn Sie diesen Empfehlungen folgen, k\u00f6nnen Sie Ihre Chancen klar verbessern, die PMP-Pr\u00fcfung zu bestehen und Ihre Karriere im Projektmanagement voranzutreiben. Denken Sie daran, dass Ausdauer und Engagement der Schl\u00fcssel zum Bestehen dieser anspruchsvollen Zertifizierung sind.<\/p>","protected":false},"excerpt":{"rendered":"<p>Auf dieser Seite: 10 Schritte zum Bestehen der PMP-Pr\u00fcfung (Project Management Professional) beim ersten Versuch. Um die Pr\u00fcfung zu bestehen, ist eine Kombination aus gr\u00fcndlicher Vorbereitung, strategischen Lernmethoden und einem tiefen Verst\u00e4ndnis der Projektmanagementprinzipien erforderlich. Hier sind einige wichtige Strategien, die Ihnen zum Erfolg verhelfen: Indem Sie diese Empfehlungen befolgen, k\u00f6nnen Sie Ihre Erfolgschancen verbessern [\u2026]<\/p>","protected":false},"author":1,"featured_media":3729,"parent":754,"menu_order":3,"comment_status":"open","ping_status":"closed","template":"","meta":{"footnotes":""},"class_list":["post-3712","page","type-page","status-publish","has-post-thumbnail","hentry"],"aioseo_notices":[],"_links":{"self":[{"href":"https:\/\/oliverlehmann.com\/de\/wp-json\/wp\/v2\/pages\/3712","targetHints":{"allow":["GET"]}}],"collection":[{"href":"https:\/\/oliverlehmann.com\/de\/wp-json\/wp\/v2\/pages"}],"about":[{"href":"https:\/\/oliverlehmann.com\/de\/wp-json\/wp\/v2\/types\/page"}],"author":[{"embeddable":true,"href":"https:\/\/oliverlehmann.com\/de\/wp-json\/wp\/v2\/users\/1"}],"replies":[{"embeddable":true,"href":"https:\/\/oliverlehmann.com\/de\/wp-json\/wp\/v2\/comments?post=3712"}],"version-history":[{"count":46,"href":"https:\/\/oliverlehmann.com\/de\/wp-json\/wp\/v2\/pages\/3712\/revisions"}],"predecessor-version":[{"id":5289,"href":"https:\/\/oliverlehmann.com\/de\/wp-json\/wp\/v2\/pages\/3712\/revisions\/5289"}],"up":[{"embeddable":true,"href":"https:\/\/oliverlehmann.com\/de\/wp-json\/wp\/v2\/pages\/754"}],"wp:featuredmedia":[{"embeddable":true,"href":"https:\/\/oliverlehmann.com\/de\/wp-json\/wp\/v2\/media\/3729"}],"wp:attachment":[{"href":"https:\/\/oliverlehmann.com\/de\/wp-json\/wp\/v2\/media?parent=3712"}],"curies":[{"name":"wp","href":"https:\/\/api.w.org\/{rel}","templated":true}]}}