{"id":5128,"date":"2025-07-03T11:04:40","date_gmt":"2025-07-03T10:04:40","guid":{"rendered":"https:\/\/oliverlehmann.com\/?page_id=5128"},"modified":"2025-07-23T18:17:42","modified_gmt":"2025-07-23T17:17:42","slug":"ace-certification","status":"publish","type":"page","link":"https:\/\/oliverlehmann.com\/de\/ace-certification\/","title":{"rendered":"ACE Zertifizierung"},"content":{"rendered":"<div class=\"wp-block-cover alignfull\"><img loading=\"lazy\" decoding=\"async\" width=\"1024\" height=\"269\" class=\"wp-block-cover__image-background wp-image-5131 size-large\" alt=\"\" src=\"https:\/\/oliverlehmann.com\/wp-content\/uploads\/ACE-proud-1024x269.jpg\" data-object-fit=\"cover\" srcset=\"https:\/\/oliverlehmann.com\/wp-content\/uploads\/ACE-proud-1024x269.jpg 1024w, https:\/\/oliverlehmann.com\/wp-content\/uploads\/ACE-proud-300x79.jpg 300w, https:\/\/oliverlehmann.com\/wp-content\/uploads\/ACE-proud-768x202.jpg 768w, https:\/\/oliverlehmann.com\/wp-content\/uploads\/ACE-proud-1536x404.jpg 1536w, https:\/\/oliverlehmann.com\/wp-content\/uploads\/ACE-proud-18x5.jpg 18w, https:\/\/oliverlehmann.com\/wp-content\/uploads\/ACE-proud-600x158.jpg 600w, https:\/\/oliverlehmann.com\/wp-content\/uploads\/ACE-proud.jpg 1901w\" sizes=\"auto, (max-width: 1024px) 100vw, 1024px\" \/><span aria-hidden=\"true\" class=\"wp-block-cover__background has-contrast-background-color has-background-dim\"><\/span><div class=\"wp-block-cover__inner-container has-global-padding is-layout-constrained wp-block-cover-is-layout-constrained\">\n<p class=\"gutenakitid-81770357-8eab-4712-bd24-736171aef749  has-text-align-center has-large-font-size\"><strong>Lassen Sie sich ACE-zertifizieren.<\/strong><\/p>\n<\/div><\/div>\n\n\n\n<div class=\"wp-block-columns is-layout-flex wp-container-core-columns-is-layout-28f84493 wp-block-columns-is-layout-flex\">\n<div class=\"wp-block-column is-layout-flow wp-block-column-is-layout-flow\">\n<p class=\"gutenakitid-e35cde13-614c-4bf6-ae55-56ab14400282  has-text-align-center\">Auf dieser Seite:&nbsp;<a href=\"#demand\" title=\"\">Bedarf<\/a><a href=\"https:\/\/oliverlehmann.com\/de\/legal\/impressum-copyright\/#impressum\">  | <\/a><a href=\"#footinthedoor\" title=\"\">Fu\u00df in der T\u00fcr<\/a> | <a href=\"#booking\" title=\"\">Den Platz buchen<\/a> | <a href=\"#checkout\" title=\"\">Kasse <\/a><\/p>\n<\/div>\n<\/div>\n\n\n\n<p class=\"has-text-align-center\" style=\"margin-top:var(--wp--preset--spacing--40);margin-bottom:0;padding-top:0;padding-bottom:0\">Karrierechancen verbessern. Lassen Sie sich zertifizieren als\u2026<\/p>\n\n\n\n<h1 class=\"wp-block-heading has-text-align-center\" style=\"margin-top:0;margin-bottom:var(--wp--preset--spacing--40);padding-top:0;padding-bottom:0\">Zugelassener Ausbilder und Dozent <\/h1>\n\n\n\n<p class=\"has-text-align-center\">im Projektgesch\u00e4ft<\/p>\n\n\n\n<div class=\"gutenakitid-3c352d36-a244-4444-b30d-2b88a7b5f295  wp-block-group is-content-justification-center is-nowrap is-layout-flex wp-container-core-group-is-layout-23441af8 wp-block-group-is-layout-flex\">\n<figure class=\"wp-block-image aligncenter size-large is-resized\"><img loading=\"lazy\" decoding=\"async\" src=\"\/wp-content\/uploads\/2023\/06\/Logo-sphere-1024x743.png\" alt=\"\" width=\"110\" height=\"80\"\/><\/figure>\n<\/div>\n\n\n\n<h2 class=\"wp-block-heading\" id=\"demand\">Projektunternehmen ben\u00f6tigen qualifizierte P\u00e4dagogen und Berater.<\/h2>\n\n\n\n<figure class=\"wp-block-image size-large\"><img loading=\"lazy\" decoding=\"async\" width=\"1024\" height=\"668\" src=\"https:\/\/oliverlehmann.com\/wp-content\/uploads\/image-103-1024x668.png\" alt=\"\" class=\"wp-image-5129\" srcset=\"https:\/\/oliverlehmann.com\/wp-content\/uploads\/image-103-1024x668.png 1024w, https:\/\/oliverlehmann.com\/wp-content\/uploads\/image-103-300x196.png 300w, https:\/\/oliverlehmann.com\/wp-content\/uploads\/image-103-768x501.png 768w, https:\/\/oliverlehmann.com\/wp-content\/uploads\/image-103-18x12.png 18w, https:\/\/oliverlehmann.com\/wp-content\/uploads\/image-103-600x391.png 600w, https:\/\/oliverlehmann.com\/wp-content\/uploads\/image-103.png 1525w\" sizes=\"auto, (max-width: 1024px) 100vw, 1024px\" \/><\/figure>\n\n\n\n<div class=\"wp-block-columns is-layout-flex wp-container-core-columns-is-layout-28f84493 wp-block-columns-is-layout-flex\">\n<div class=\"wp-block-column is-layout-flow wp-block-column-is-layout-flow\">\n<p class=\"has-text-align-left\">In einem <a href=\"https:\/\/project-business.org\/research\/report-education-for-pbm\/\" target=\"_blank\" rel=\"noopener\" title=\"\"><span style=\"text-decoration: underline;\">globale Umfrage <\/span><\/a>von der Project Business Foundation, aus 534 Befragten, <\/p>\n\n\n\n<ul class=\"wp-block-list\">\n<li>10.3% sagte, dass eine spezielle Ausbildung f\u00fcr das Projekt Business nicht notwendig sei.<\/li>\n\n\n\n<li>33.1% sagte, sie h\u00e4tten bereits eine solche Sonderausbildung erhalten.<\/li>\n<\/ul>\n\n\n\n<p>Die verbleibenden 56,61 TP3T stellen einen riesigen Markt dar:<\/p>\n\n\n\n<ul class=\"wp-block-list\">\n<li>Das Projektgesch\u00e4ft tr\u00e4gt sch\u00e4tzungsweise 201T\u00b3B bis 301T\u00b3B zum globalen BIP bei (~1T\u00b3B 11 Billionen).<\/li>\n\n\n\n<li>\u00dcber 501.000 Projektmanager sind im Auftrag von Kunden oder Auftragnehmern mit der Abwicklung von Projektgesch\u00e4ften betraut.<\/li>\n<\/ul>\n<\/div>\n\n\n\n<div class=\"wp-block-column is-layout-flow wp-block-column-is-layout-flow\">\n<p>Bislang wurden diese Projektmanager vernachl\u00e4ssigt. Da sie von Verb\u00e4nden, Fachliteratur, Softwareanbietern, Hochschulen, Berufsausbildungseinrichtungen und Beratern gleicherma\u00dfen unzureichend unterst\u00fctzt werden, sind sie auf Versuch und Irrtum angewiesen.<\/p>\n\n\n\n<p>Im Projektgesch\u00e4ft ist das Ausprobieren jedoch teuer, und Fehler sind noch teurer.<\/p>\n\n\n\n<p>Der Bedarf ist unbestreitbar. In einer Welt, die zunehmend von unternehmens\u00fcbergreifender Projektarbeit gepr\u00e4gt ist, stellt der Mangel an gezielter Unterst\u00fctzung nicht nur eine L\u00fccke dar \u2013 er ist eine Marktchance.<\/p>\n\n\n\n<p>Sind Sie als Berater oder Dozent in der Lage, Ihre Ziele zu erreichen?<\/p>\n<\/div>\n<\/div>\n\n\n\n<div class=\"gutenakitid-3c352d36-a244-4444-b30d-2b88a7b5f295  wp-block-group is-content-justification-center is-nowrap is-layout-flex wp-container-core-group-is-layout-23441af8 wp-block-group-is-layout-flex\">\n<figure class=\"wp-block-image aligncenter size-large is-resized\"><img loading=\"lazy\" decoding=\"async\" src=\"\/wp-content\/uploads\/2023\/06\/Logo-sphere-1024x743.png\" alt=\"\" width=\"110\" height=\"80\"\/><\/figure>\n<\/div>\n\n\n\n<h2 class=\"wp-block-heading\" id=\"footinthedoor\">Setzen Sie Ihren Fu\u00df fest in die T\u00fcr<\/h2>\n\n\n\n<div class=\"wp-block-columns is-layout-flex wp-container-core-columns-is-layout-28f84493 wp-block-columns-is-layout-flex\">\n<div class=\"wp-block-column is-layout-flow wp-block-column-is-layout-flow\">\n<figure class=\"wp-block-image size-full\"><img loading=\"lazy\" decoding=\"async\" width=\"800\" height=\"901\" src=\"https:\/\/oliverlehmann.com\/wp-content\/uploads\/image-101.png\" alt=\"\" class=\"wp-image-4984\" srcset=\"https:\/\/oliverlehmann.com\/wp-content\/uploads\/image-101.png 800w, https:\/\/oliverlehmann.com\/wp-content\/uploads\/image-101-266x300.png 266w, https:\/\/oliverlehmann.com\/wp-content\/uploads\/image-101-768x865.png 768w, https:\/\/oliverlehmann.com\/wp-content\/uploads\/image-101-11x12.png 11w, https:\/\/oliverlehmann.com\/wp-content\/uploads\/image-101-600x676.png 600w\" sizes=\"auto, (max-width: 800px) 100vw, 800px\" \/><\/figure>\n<\/div>\n\n\n\n<div class=\"wp-block-column is-layout-flow wp-block-column-is-layout-flow\">\n<p>Die <strong>ACE-Qualifikation<\/strong> ist die h\u00f6chste Zertifizierungsstufe der Project Business Foundation und Ihr Schl\u00fcssel, um diesen Markt f\u00fcr sich zu erschlie\u00dfen. <\/p>\n\n\n\n<p>Es besteht aus drei bewerteten Einreichungen, die Folgendes sein k\u00f6nnen:<\/p>\n\n\n\n<ol class=\"wp-block-list\">\n<li>Artikel<\/li>\n\n\n\n<li>Videos<\/li>\n\n\n\n<li>Podcasts<\/li>\n\n\n\n<li>Pr\u00e4sentationen mit Sprecher<\/li>\n\n\n\n<li>Pr\u00e4sentationen ohne Sprecher<\/li>\n\n\n\n<li>\u2026oder jede andere von Ihnen bevorzugte Einreichungsform.<\/li>\n<\/ol>\n\n\n\n<p>Die Ausarbeitung Ihres Beitrags ist eine Zeit f\u00fcr <strong>Selbststudium<\/strong>, <strong>Reflexion<\/strong>, Und <strong>Diskussion<\/strong>Und das Feedback Ihres Gutachters wird von unsch\u00e4tzbarem Wert sein.<\/p>\n<\/div>\n<\/div>\n\n\n\n<div class=\"gutenakitid-3c352d36-a244-4444-b30d-2b88a7b5f295  wp-block-group is-content-justification-center is-nowrap is-layout-flex wp-container-core-group-is-layout-23441af8 wp-block-group-is-layout-flex\">\n<figure class=\"wp-block-image aligncenter size-large is-resized\"><img loading=\"lazy\" decoding=\"async\" src=\"\/wp-content\/uploads\/2023\/06\/Logo-sphere-1024x743.png\" alt=\"\" width=\"110\" height=\"80\"\/><\/figure>\n<\/div>\n\n\n\n<h2 class=\"wp-block-heading\" id=\"booking\">Sichern Sie sich Ihre Teilnahme<\/h2>\n\n\n\n<p>Es gibt keine festen Termine und keine festgelegten Kurse. Um die ACE-Zertifizierung zu erhalten, folgen Sie Ihrem pers\u00f6nlichen Entwicklungsprozess, der recht einfach ist:<\/p>\n\n\n\n<div class=\"wp-block-columns is-layout-flex wp-container-core-columns-is-layout-28f84493 wp-block-columns-is-layout-flex\">\n<div class=\"wp-block-column is-layout-flow wp-block-column-is-layout-flow\">\n<ul class=\"wp-block-list\">\n<li><strong>Schritt 1:<\/strong>\n<ul class=\"wp-block-list\">\n<li>Pr\u00fcfen Sie vorab Ihre Berechtigung, indem Sie eine E-Mail an folgende Adresse senden: <a href=\"mailto:info@project-business.org\" target=\"_blank\" rel=\"noopener\" title=\"\">info@project-business.org<\/a> mit dem Betreff \u201eACE-Berechtigungspr\u00fcfung\u201c. <\/li>\n\n\n\n<li>Sind Sie bei LinkedIn? Falls ja, f\u00fcgen Sie die Profil-URL der Nachricht hinzu.<\/li>\n\n\n\n<li>Beantworten Sie alle Fragen, die die Project Business Foundation Ihnen m\u00f6glicherweise stellt, um Ihre Eignung f\u00fcr das Programm zu pr\u00fcfen.<\/li>\n\n\n\n<li>Alternativ:\n<ul class=\"wp-block-list\">\n<li>Nutzen Sie das Webformular unter <a href=\"https:\/\/project-business.org\/certification\/ace-certification\/#prerequisites\" target=\"_blank\" rel=\"noopener\" title=\"\">https:\/\/project-business.org<\/a>.<\/li>\n\n\n\n<li>Ich \u00fcbernehme als Ihr Gutachter gerne die Vorpr\u00fcfung f\u00fcr Sie.<a href=\"https:\/\/project-business.org\/certification\/ace-certification\/#prerequisites\" target=\"_blank\" rel=\"noopener\" title=\"\"><br><\/a>&nbsp;<\/li>\n<\/ul>\n<\/li>\n<\/ul>\n<\/li>\n\n\n\n<li><strong>Schritt 2:<\/strong>\n<ul class=\"wp-block-list\">\n<li>Sobald Ihre Anspruchsberechtigung best\u00e4tigt wurde, k\u00f6nnen Sie Ihre Zahlung \u00fcber das untenstehende Formular vornehmen.<\/li>\n<\/ul>\n<\/li>\n<\/ul>\n<\/div>\n\n\n\n<div class=\"wp-block-column is-layout-flow wp-block-column-is-layout-flow\">\n<ul class=\"wp-block-list\">\n<li><strong>Schritt 3:<\/strong>\n<ul class=\"wp-block-list\">\n<li>Sobald Ihre Bestellung best\u00e4tigt ist, erstellen und senden Sie Ihre Unterlagen wie in der Anleitung beschrieben. <a href=\"https:\/\/project-business.org\/wp-content\/PDFs\/ACE_Handbook.pdf#page=17\" target=\"_blank\" rel=\"noopener\" title=\"\">ACE-Handbuch, Seiten 17 bis 22<\/a>.<\/li>\n\n\n\n<li>Ihr Pr\u00fcfer wird w\u00e4hrend des Programms auch Ihr Mentor sein.<\/li>\n\n\n\n<li>Befolgen Sie gegebenenfalls die Anweisungen Ihres Gutachters, um den Inhalt Ihrer Einreichungen zu verbessern und zu vertiefen. <\/li>\n\n\n\n<li>Denken Sie daran: Qualit\u00e4t z\u00e4hlt!<br>&nbsp;<\/li>\n<\/ul>\n<\/li>\n\n\n\n<li><strong>Schritt 4:<\/strong>\n<ul class=\"wp-block-list\">\n<li>Wenn Ihre Einreichungen angenommen werden, erhalten Sie Ihr Zertifikat und geh\u00f6ren zur Elitegruppe der ACE-zertifizierten Experten im Projekt-Business-Management.  <\/li>\n<\/ul>\n<\/li>\n<\/ul>\n<\/div>\n<\/div>\n\n\n\n<hr class=\"wp-block-separator alignwide has-alpha-channel-opacity is-style-wide\" style=\"margin-top:var(--wp--preset--spacing--40);margin-bottom:var(--wp--preset--spacing--40)\"\/>\n\n\n\n<div data-block-name=\"woocommerce\/single-product\" data-product-id=\"5164\" data-wp-context=\"{&quot;productId&quot;:5164,&quot;variationId&quot;:null}\" data-wp-interactive=\"woocommerce\/single-product\" class=\"wp-block-woocommerce-single-product woocommerce\">\n<div class=\"wp-block-columns is-layout-flex wp-container-core-columns-is-layout-28f84493 wp-block-columns-is-layout-flex\" id=\"checkout\">\n<div class=\"wp-block-column is-layout-flow wp-block-column-is-layout-flow\"><div data-block-name=\"woocommerce\/product-image\" data-is-descendent-of-single-product-block=\"true\" data-show-sale-badge=\"false\" class=\"wc-block-components-product-image wc-block-grid__product-image wc-block-components-product-image--aspect-ratio-auto wp-block-woocommerce-product-image\"><a href=\"https:\/\/oliverlehmann.com\/de\/produkt\/ace-qualification\/\" style=\"\" data-wp-on--click=\"woocommerce\/product-collection::actions.viewProduct\"><img decoding=\"async\" width=\"400\" height=\"267\" src=\"https:\/\/oliverlehmann.com\/wp-content\/uploads\/Happy-ACE400.png\" class=\"attachment-woocommerce_single size-woocommerce_single\" alt=\"ACE Qualification\" data-testid=\"product-image\" data-image-id=\"5178\" style=\"object-fit:cover;\" loading=\"lazy\" srcset=\"https:\/\/oliverlehmann.com\/wp-content\/uploads\/Happy-ACE400.png 400w, https:\/\/oliverlehmann.com\/wp-content\/uploads\/Happy-ACE400-300x200.png 300w, https:\/\/oliverlehmann.com\/wp-content\/uploads\/Happy-ACE400-18x12.png 18w\" sizes=\"auto, (max-width: 400px) 100vw, 400px\" \/><div class=\"wc-block-components-product-image__inner-container\"><\/div><\/a><\/div><\/div>\n\n\n\n<div class=\"wp-block-column is-layout-flow wp-block-column-is-layout-flow\"><h2 class=\"wp-block-post-title\"><a href=\"https:\/\/oliverlehmann.com\/de\/produkt\/ace-qualification\/\" target=\"_self\" >ACE-Qualifikation<\/a><\/h2>\n\n\n\n<div data-block-name=\"woocommerce\/product-price\" data-is-descendent-of-single-product-block=\"true\" class=\"wp-block-woocommerce-product-price\" ><div class=\"wc-block-components-product-price wc-block-grid__product-price\" >\n\t\t\t\t\t<span class=\"woocommerce-Price-amount amount\"><bdi><span class=\"woocommerce-Price-currencySymbol\">\u20ac<\/span>&nbsp;3,890.00<\/bdi><\/span> <small class=\"woocommerce-price-suffix\">(incl. MWSt., wo anwendbar)<\/small>\n\t\t\t\t<\/div><\/div>\n\n<div data-block-name=\"woocommerce\/product-summary\" data-is-descendent-of-single-product-block=\"true\" data-show-link=\"true\" class=\"wp-block-woocommerce-product-summary\"><div class=\"wc-block-components-product-summary\" style=\"\">\n\t\t\t\t<p>Die <strong data-start=\"4\" data-end=\"63\">Zugelassener Berater und Ausbilder (ACE) f\u00fcr Projekt-Business-Management <\/strong>ist ein betreutes Selbstlernprogramm f\u00fcr Experten im Management unternehmens\u00fcbergreifender Projekte im Rahmen von Vertr\u00e4gen. Es besteht aus drei Einreichungen, in denen die Kandidaten ihr Verst\u00e4ndnis und ihr aktives Interesse am Thema Projektmanagement nachweisen. Das Programm endet mit der dritten Einreichung und der Verleihung des ACE-Zertifikats durch die [Organisation einf\u00fcgen]. <a href=\"https:\/\/project-business.org\/certification\/ace-certification\/\" target=\"_blank\" rel=\"noopener\">Project Business Foundation<\/a>.<\/p>\n<p>Einsendungen k\u00f6nnen Folgendes umfassen:<\/p>\n<ul>\n<li>Artikel<\/li>\n<li>Videos<\/li>\n<li>Pr\u00e4sentationen<\/li>\n<li>Interviews<\/li>\n<li>\u2026oder andere Medien, wie in der <a href=\"https:\/\/project-business.org\/wp-content\/PDFs\/ACE_Handbook.pdf\" target=\"_blank\" rel=\"noopener\">ACE-Handbuch<\/a><\/li>\n<\/ul>\n<p>Erfolgreiche Kandidaten erhalten die <strong data-start=\"412\" data-end=\"431\">ACE-Zertifikat<\/strong> von der Project Business Foundation, die ihre F\u00e4higkeit unter Beweis stellt, Praktiker und Organisationen zu beraten und weiterzubilden, die Kundenprojekte managen oder Projektarbeiten an Netzwerke von Auftragnehmern auslagern.<\/p>\n\n\t\t\t<\/div><\/div>\n\n<div data-block-name=\"woocommerce\/add-to-cart-form\" class=\"wp-block-add-to-cart-form wc-block-add-to-cart-form wc-block-add-to-cart-form--input wp-block-woocommerce-add-to-cart-form\" >\n\t\n\t<form class=\"cart\" action=\"https:\/\/oliverlehmann.com\/de\/produkt\/ace-qualification\/\" method=\"post\" enctype='multipart\/form-data' data-trp-original-action=\"https:\/\/oliverlehmann.com\/de\/produkt\/ace-qualification\/\">\n\t\t\n\t\t<div class=\"quantity\">\n\t\t<label class=\"screen-reader-text\" for=\"quantity_69f27f6ed619f\" data-no-translation=\"\" data-trp-gettext=\"\">ACE Qualification Menge<\/label>\n\t<input\n\t\ttype=\"number\"\n\t\t\t\tid=\"quantity_69f27f6ed619f\"\n\t\tclass=\"input-text qty text\"\n\t\tname=\"quantity\"\n\t\tvalue=\"1\"\n\t\taria-label=\"Produktmenge\"\n\t\t\t\tmin=\"1\"\n\t\t\t\t\t\t\tstep=\"1\"\n\t\t\tplaceholder=\"\"\n\t\t\tinputmode=\"numeric\"\n\t\t\tautocomplete=\"off\" data-no-translation-aria-label=\"\"\n\t\t\t\/>\n\t<\/div>\n\n\t\t<button type=\"submit\" name=\"add-to-cart\" value=\"5164\" class=\"single_add_to_cart_button button alt wp-element-button\" data-no-translation=\"\" data-trp-gettext=\"\">In den Warenkorb<\/button>\n\n\t\t\t<input type=\"hidden\" name=\"trp-form-language\" value=\"de\"\/><\/form>\n\n\t\n<\/div><\/div>\n<\/div>\n<\/div>","protected":false},"excerpt":{"rendered":"<p>Auf dieser Seite: Nachfrage | Einstieg | Jetzt anmelden | Zur Kasse gehen. Steigern Sie Ihre Karriere. Lassen Sie sich zertifizieren als\u2026 anerkannter Trainer und Dozent im Projektmanagement. Projektmanagement ben\u00f6tigt qualifizierte Dozenten und Berater. In einer globalen Umfrage der Project Business Foundation gaben 56,61 % der 534 Befragten an, noch keinen Zugang zu diesem Bereich zu haben. Der Markt ist riesig: [\u2026]<\/p>","protected":false},"author":1,"featured_media":0,"parent":0,"menu_order":0,"comment_status":"closed","ping_status":"closed","template":"","meta":{"footnotes":""},"class_list":["post-5128","page","type-page","status-publish","hentry"],"aioseo_notices":[],"_links":{"self":[{"href":"https:\/\/oliverlehmann.com\/de\/wp-json\/wp\/v2\/pages\/5128","targetHints":{"allow":["GET"]}}],"collection":[{"href":"https:\/\/oliverlehmann.com\/de\/wp-json\/wp\/v2\/pages"}],"about":[{"href":"https:\/\/oliverlehmann.com\/de\/wp-json\/wp\/v2\/types\/page"}],"author":[{"embeddable":true,"href":"https:\/\/oliverlehmann.com\/de\/wp-json\/wp\/v2\/users\/1"}],"replies":[{"embeddable":true,"href":"https:\/\/oliverlehmann.com\/de\/wp-json\/wp\/v2\/comments?post=5128"}],"version-history":[{"count":10,"href":"https:\/\/oliverlehmann.com\/de\/wp-json\/wp\/v2\/pages\/5128\/revisions"}],"predecessor-version":[{"id":5286,"href":"https:\/\/oliverlehmann.com\/de\/wp-json\/wp\/v2\/pages\/5128\/revisions\/5286"}],"wp:attachment":[{"href":"https:\/\/oliverlehmann.com\/de\/wp-json\/wp\/v2\/media?parent=5128"}],"curies":[{"name":"wp","href":"https:\/\/api.w.org\/{rel}","templated":true}]}}