{"id":5235,"date":"2025-07-09T16:21:19","date_gmt":"2025-07-09T15:21:19","guid":{"rendered":"https:\/\/oliverlehmann.com\/?page_id=5235"},"modified":"2025-07-09T16:28:54","modified_gmt":"2025-07-09T15:28:54","slug":"return-cancellation-policy","status":"publish","type":"page","link":"https:\/\/oliverlehmann.com\/de\/return-cancellation-policy\/","title":{"rendered":"Bedingungen f\u00fcr R\u00fcckgabe &amp; Stornierung"},"content":{"rendered":"<div class=\"wp-block-cover alignfull\"><img loading=\"lazy\" decoding=\"async\" width=\"1024\" height=\"203\" class=\"wp-block-cover__image-background wp-image-5236 size-large\" alt=\"\" src=\"https:\/\/oliverlehmann.com\/wp-content\/uploads\/image-104-1024x203.png\" style=\"object-position:46% 38%\" data-object-fit=\"cover\" data-object-position=\"46% 38%\" srcset=\"https:\/\/oliverlehmann.com\/wp-content\/uploads\/image-104-1024x203.png 1024w, https:\/\/oliverlehmann.com\/wp-content\/uploads\/image-104-300x59.png 300w, https:\/\/oliverlehmann.com\/wp-content\/uploads\/image-104-768x152.png 768w, https:\/\/oliverlehmann.com\/wp-content\/uploads\/image-104-1536x305.png 1536w, https:\/\/oliverlehmann.com\/wp-content\/uploads\/image-104-2048x406.png 2048w, https:\/\/oliverlehmann.com\/wp-content\/uploads\/image-104-18x4.png 18w, https:\/\/oliverlehmann.com\/wp-content\/uploads\/image-104-600x119.png 600w\" sizes=\"auto, (max-width: 1024px) 100vw, 1024px\" \/><span aria-hidden=\"true\" class=\"wp-block-cover__background has-contrast-background-color has-background-dim-30 has-background-dim\"><\/span><div class=\"wp-block-cover__inner-container has-global-padding is-layout-constrained wp-block-cover-is-layout-constrained\">\n<h1 class=\"gutenakitid-a131ff0c-da9e-468f-b67e-c1329aaead5a  wp-block-heading has-text-align-center has-base-color has-text-color has-link-color has-x-large-font-size wp-elements-7356a2c0e2daff0be911baa5c5f447b8\">Bedingungen f\u00fcr R\u00fcckgabe &amp; Stornierung<\/h1>\n<\/div><\/div>\n\n\n\n<p><strong>Anwendbar f\u00fcr alle unter oliverlehmann.com oder sonstwie mit Oliver F. Lehmann durchgef\u00fchrten Buchungen<\/strong><\/p>\n\n\n\n<p>Diese Richtlinie regelt die Stornierungs-, \u00dcbertragungs- und R\u00fcckerstattungsbedingungen f\u00fcr alle \u00fcber OliverLehmann.com angebotenen Seminare. Sie gilt sowohl f\u00fcr <strong>Offene Einschreibungsseminare<\/strong> (f\u00fcr Einzelpersonen) und <strong>Interne Seminare<\/strong> (private Gruppenbuchungen), ob geliefert <strong>online<\/strong> oder <strong>vor Ort<\/strong>.<\/p>\n\n\n\n<hr class=\"wp-block-separator has-alpha-channel-opacity\"\/>\n\n\n\n<h2 class=\"wp-block-heading\">Abschnitt A: Offene Seminare (Einzelbuchungen)<\/h2>\n\n\n\n<p>Es handelt sich um \u00f6ffentliche Seminare, bei denen sich einzelne Teilnehmer anmelden und einen Platz reservieren k\u00f6nnen.<\/p>\n\n\n\n<h3 class=\"wp-block-heading\">A.1 <strong>Stornierungen durch den Teilnehmer<\/strong><\/h3>\n\n\n\n<ul class=\"wp-block-list\">\n<li><strong>Mehr als 30 Tage vor Seminarbeginn:<\/strong><br>Volle R\u00fcckerstattung abz\u00fcglich einer Bearbeitungsgeb\u00fchr von 5%.<\/li>\n\n\n\n<li><strong>10 bis 30 Tage vor Seminarbeginn:<\/strong><br>50% R\u00fcckerstattung.<\/li>\n\n\n\n<li><strong>Weniger als 10 Tage vor Seminarbeginn oder nach Seminarbeginn:<\/strong><br>Keine R\u00fcckerstattung.<\/li>\n<\/ul>\n\n\n\n<h3 class=\"wp-block-heading\">A.2 <strong>Transfers zu einem zuk\u00fcnftigen Seminar<\/strong><\/h3>\n\n\n\n<ul class=\"wp-block-list\">\n<li><strong>Mehr als 14 Tage vor dem Seminar:<\/strong><br>Umbuchungen sind m\u00f6glich. F\u00fcr weitere \u00c4nderungen kann eine Bearbeitungsgeb\u00fchr von 150 \u20ac anfallen.<\/li>\n\n\n\n<li><strong>Weniger als 14 Tage vor dem Seminar:<\/strong><br>Eine Umbuchung kann nicht garantiert werden und kann als Stornierung behandelt werden.<\/li>\n<\/ul>\n\n\n\n<h3 class=\"wp-block-heading\">A.3 <strong>Teilnehmersubstitution<\/strong><\/h3>\n\n\n\n<ul class=\"wp-block-list\">\n<li>Ein Teilnehmerwechsel ist kostenlos m\u00f6glich, sofern er mindestens 24 Stunden im Voraus gemeldet wird.<\/li>\n<\/ul>\n\n\n\n<h3 class=\"wp-block-heading\">A.4 <strong>Stornierung durch OliverLehmann.com<\/strong><\/h3>\n\n\n\n<p>Wird ein Seminar von uns abgesagt (z. B. aufgrund zu geringer Teilnehmerzahl oder h\u00f6herer Gewalt), haben die Teilnehmer die Wahl zwischen:<\/p>\n\n\n\n<ul class=\"wp-block-list\">\n<li>Eine volle R\u00fcckerstattung oder<\/li>\n\n\n\n<li>Kostenlose \u00dcbertragung auf eine zuk\u00fcnftige Sitzung.<\/li>\n<\/ul>\n\n\n\n<p>Wir \u00fcbernehmen keine zus\u00e4tzlichen Teilnehmerkosten, wie z. B. Reise- oder Unterkunftskosten. Wir empfehlen die Buchung erstattungsf\u00e4higer Arrangements.<\/p>\n\n\n\n<hr class=\"wp-block-separator has-alpha-channel-opacity\"\/>\n\n\n\n<h2 class=\"wp-block-heading\">Abschnitt B: Firmenseminare (Gruppenbuchungen)<\/h2>\n\n\n\n<p>Es handelt sich um private Seminare, die von Unternehmen oder Institutionen f\u00fcr interne oder kundenorientierte Gruppen gebucht werden. Sie k\u00f6nnen entweder <strong>online<\/strong> oder <strong>vor Ort<\/strong> an einem vom Kunden angegebenen Ort.<\/p>\n\n\n\n<h3 class=\"wp-block-heading\">B.1 <strong>Stornierung durch den Kunden<\/strong><\/h3>\n\n\n\n<h4 class=\"wp-block-heading\">Online-Firmenseminare<\/h4>\n\n\n\n<ul class=\"wp-block-list\">\n<li><strong>Mehr als 90 Tage vor dem geplanten Beginn:<\/strong><br>Keine Stornogeb\u00fchr.<\/li>\n\n\n\n<li><strong>14 bis 90 Tage vor geplantem Beginn:<\/strong><br>50% der Seminargeb\u00fchr sind zu entrichten.<\/li>\n\n\n\n<li><strong>Weniger als 14 Tage vor dem geplanten Beginn:<\/strong><br>100% der Seminargeb\u00fchr sind zu entrichten.<\/li>\n<\/ul>\n\n\n\n<h4 class=\"wp-block-heading\">Vor-Ort-Firmenseminare (pers\u00f6nlich)<\/h4>\n\n\n\n<ul class=\"wp-block-list\">\n<li><strong>Mehr als 90 Tage vor dem geplanten Beginn:<\/strong><br>Keine Stornogeb\u00fchr.<br>Bereits angefallene Reise- und Hotelkosten werden nach Aufwand in Rechnung gestellt.<\/li>\n\n\n\n<li><strong>14 bis 90 Tage vor geplantem Beginn:<\/strong><br>Es sind 50% der Seminargeb\u00fchr zu entrichten, zuz\u00fcglich bereits angefallener, nicht erstattungsf\u00e4higer Reise- und Hotelkosten.<\/li>\n\n\n\n<li><strong>Weniger als 14 Tage vor dem geplanten Beginn:<\/strong><br>100% der Seminargeb\u00fchr sind zu entrichten.<br>Alle gebuchten und nicht erstattungsf\u00e4higen Reise- und Hotelkosten werden in voller H\u00f6he in Rechnung gestellt.<\/li>\n<\/ul>\n\n\n\n<h3 class=\"wp-block-heading\">B.2 <strong>Umplanungsanfragen<\/strong><\/h3>\n\n\n\n<h4 class=\"wp-block-heading\">Online-Firmenseminare<\/h4>\n\n\n\n<ul class=\"wp-block-list\">\n<li><strong>Mehr als 14 Tage vor dem Seminar:<\/strong><br>Umbuchungen sind m\u00f6glich. F\u00fcr weitere \u00c4nderungen kann eine Bearbeitungsgeb\u00fchr von 150 \u20ac anfallen.<\/li>\n\n\n\n<li><strong>Weniger als 14 Tage vor dem Seminar:<\/strong><br>Eine Umbuchung kann nicht garantiert werden und kann als Stornierung behandelt werden.<\/li>\n<\/ul>\n\n\n\n<h4 class=\"wp-block-heading\">Vor-Ort-Firmenseminare (pers\u00f6nlich)<\/h4>\n\n\n\n<ul class=\"wp-block-list\">\n<li><strong>Mehr als 14 Tage vor dem Seminar:<\/strong><br>Eine Terminverschiebung ist je nach Verf\u00fcgbarkeit des Trainers m\u00f6glich.<br>Eventuell anfallende, nicht erstattungsf\u00e4hige Reise-\/Hotelkosten werden in Rechnung gestellt.<\/li>\n\n\n\n<li><strong>Weniger als 14 Tage vor dem Seminar:<\/strong><br>Eine Terminverschiebung wird als Stornierung behandelt.<br>Es fallen die vollen Seminargeb\u00fchren und Reisekosten an. Eine Neubuchung f\u00fcr einen sp\u00e4teren Termin ist erforderlich.<\/li>\n<\/ul>\n\n\n\n<h3 class=\"wp-block-heading\">B.3 <strong>Teilnehmersubstitution<\/strong><\/h3>\n\n\n\n<p>Ein Teilnehmerwechsel ist jederzeit ohne zus\u00e4tzliche Kosten m\u00f6glich.<\/p>\n\n\n\n<h3 class=\"wp-block-heading\">B.4 <strong>Stornierung durch OliverLehmann.com<\/strong><\/h3>\n\n\n\n<p>Im seltenen Fall, dass wir ein Firmenseminar absagen m\u00fcssen (z. B. wegen Krankheit oder h\u00f6herer Gewalt), kann der Kunde w\u00e4hlen zwischen:<\/p>\n\n\n\n<ul class=\"wp-block-list\">\n<li>Eine volle R\u00fcckerstattung oder<\/li>\n\n\n\n<li>Umbuchung ohne zus\u00e4tzliche Kosten.<\/li>\n<\/ul>\n\n\n\n<p>Wir erstatten keine indirekten Kosten, die dem Kunden entstehen (z. B. interne Reisen, Raumbuchungen, Teilnehmerkosten). Wir raten Kunden dringend, bei Vor-Ort-Seminaren flexible Reise- und Unterkunftsvereinbarungen zu treffen.<\/p>\n\n\n\n<hr class=\"wp-block-separator has-alpha-channel-opacity\"\/>\n\n\n\n<h2 class=\"wp-block-heading\">Allgemeine Gesch\u00e4ftsbedingungen<\/h2>\n\n\n\n<ul class=\"wp-block-list\">\n<li>Alle Stornierungen und Umbuchungsw\u00fcnsche m\u00fcssen schriftlich erfolgen (E-Mail ausreichend).<\/li>\n\n\n\n<li>R\u00fcckerstattungen werden mit der urspr\u00fcnglichen Zahlungsmethode abgewickelt, sofern nichts anderes vereinbart wurde.<\/li>\n\n\n\n<li>F\u00fcr Seminare mit digitalen oder gedruckten Materialien:<br>Erfolgt die Stornierung nach dem Zugang bzw. der Lieferung, k\u00f6nnen die Materialkosten von der R\u00fcckerstattung abgezogen werden.<\/li>\n<\/ul>","protected":false},"excerpt":{"rendered":"<p>Gilt f\u00fcr alle \u00fcber OliverLehmann.com gebuchten Seminare. Diese Richtlinie regelt die Stornierungs-, Umbuchungs- und R\u00fcckerstattungsbedingungen f\u00fcr alle \u00fcber OliverLehmann.com angebotenen Seminare. Sie gilt sowohl f\u00fcr offene Seminare (f\u00fcr Einzelpersonen) als auch f\u00fcr Firmenseminare (private Gruppenbuchungen), unabh\u00e4ngig davon, ob diese online oder vor Ort stattfinden. Abschnitt A: Offene Seminare (Einzelbuchungen). Dies sind \u00f6ffentliche Seminare, bei denen Einzelpersonen [\u2026]<\/p>","protected":false},"author":1,"featured_media":0,"parent":0,"menu_order":0,"comment_status":"closed","ping_status":"closed","template":"","meta":{"footnotes":""},"class_list":["post-5235","page","type-page","status-publish","hentry"],"aioseo_notices":[],"_links":{"self":[{"href":"https:\/\/oliverlehmann.com\/de\/wp-json\/wp\/v2\/pages\/5235","targetHints":{"allow":["GET"]}}],"collection":[{"href":"https:\/\/oliverlehmann.com\/de\/wp-json\/wp\/v2\/pages"}],"about":[{"href":"https:\/\/oliverlehmann.com\/de\/wp-json\/wp\/v2\/types\/page"}],"author":[{"embeddable":true,"href":"https:\/\/oliverlehmann.com\/de\/wp-json\/wp\/v2\/users\/1"}],"replies":[{"embeddable":true,"href":"https:\/\/oliverlehmann.com\/de\/wp-json\/wp\/v2\/comments?post=5235"}],"version-history":[{"count":4,"href":"https:\/\/oliverlehmann.com\/de\/wp-json\/wp\/v2\/pages\/5235\/revisions"}],"predecessor-version":[{"id":5241,"href":"https:\/\/oliverlehmann.com\/de\/wp-json\/wp\/v2\/pages\/5235\/revisions\/5241"}],"wp:attachment":[{"href":"https:\/\/oliverlehmann.com\/de\/wp-json\/wp\/v2\/media?parent=5235"}],"curies":[{"name":"wp","href":"https:\/\/api.w.org\/{rel}","templated":true}]}}