{"id":538,"date":"2023-06-20T12:43:36","date_gmt":"2023-06-20T11:43:36","guid":{"rendered":"https:\/\/oliverlehmann.com\/?page_id=538"},"modified":"2023-08-22T11:58:06","modified_gmt":"2023-08-22T10:58:06","slug":"publications","status":"publish","type":"page","link":"https:\/\/oliverlehmann.com\/de\/trainer\/publications\/","title":{"rendered":"Literatur"},"content":{"rendered":"<div class=\"wp-block-cover alignfull wp-duotone-unset-1\" style=\"min-height:300px;aspect-ratio:unset;\"><span aria-hidden=\"true\" class=\"wp-block-cover__background has-background-dim\"><\/span><img loading=\"lazy\" decoding=\"async\" width=\"1024\" height=\"419\" class=\"wp-block-cover__image-background wp-image-555\" alt=\"\" src=\"https:\/\/oliverlehmann.com\/wp-content\/uploads\/2023\/06\/Bucher-2-1024x419.png\" style=\"object-position:49% 14%\" data-object-fit=\"cover\" data-object-position=\"49% 14%\" srcset=\"https:\/\/oliverlehmann.com\/wp-content\/uploads\/2023\/06\/Bucher-2-1024x419.png 1024w, https:\/\/oliverlehmann.com\/wp-content\/uploads\/2023\/06\/Bucher-2-300x123.png 300w, https:\/\/oliverlehmann.com\/wp-content\/uploads\/2023\/06\/Bucher-2-768x314.png 768w, https:\/\/oliverlehmann.com\/wp-content\/uploads\/2023\/06\/Bucher-2-1536x628.png 1536w, https:\/\/oliverlehmann.com\/wp-content\/uploads\/2023\/06\/Bucher-2-600x245.png 600w, https:\/\/oliverlehmann.com\/wp-content\/uploads\/2023\/06\/Bucher-2.png 2048w\" sizes=\"auto, (max-width: 1024px) 100vw, 1024px\" \/><div class=\"wp-block-cover__inner-container is-layout-flow wp-block-cover-is-layout-flow\">\n<h1 class=\"gutenakitid-86609db9-8b09-42b5-9790-51f89014d5c9  wp-block-heading has-text-align-center has-base-color has-text-color has-small-font-size\">Literatur<\/h1>\n<\/div><\/div>\n\n\n\n<p class=\"gutenakitid-2b33d0f5-6cef-4a38-ac1e-7c1cd6c13154  has-text-align-center\">Auf dieser Seite: <a href=\"#PBM\" title=\"\">Management von Projektgesch\u00e4ft<\/a> | <a href=\"#SitPM\" title=\"\">Situationsbezogenes Projektmanagement<\/a> | <a href=\"#PMWJ\" title=\"\">PM World Journal<\/a> | <a href=\"#academia\" title=\"\">Academia.edu<\/a><\/p>\n\n\n\n<div class=\"gutenakitid-3c352d36-a244-4444-b30d-2b88a7b5f295  wp-block-group is-content-justification-center is-nowrap is-layout-flex wp-container-core-group-is-layout-23441af8 wp-block-group-is-layout-flex\">\n<figure class=\"wp-block-image aligncenter size-large is-resized\"><img loading=\"lazy\" decoding=\"async\" src=\"\/wp-content\/uploads\/2023\/06\/Logo-sphere-1024x743.png\" alt=\"\" width=\"110\" height=\"80\"\/><\/figure>\n<\/div>\n\n\n\n<h2 class=\"wp-block-heading has-text-align-center\" id=\"PBM\">Management von Projektgesch\u00e4ft<\/h2>\n\n\n\n<div class=\"wp-block-columns is-layout-flex wp-container-core-columns-is-layout-7466b548 wp-block-columns-is-layout-flex\" style=\"padding-top:var(--wp--preset--spacing--30);padding-right:var(--wp--preset--spacing--30);padding-bottom:var(--wp--preset--spacing--30);padding-left:var(--wp--preset--spacing--30)\">\n<div class=\"wp-block-column is-layout-flow wp-block-column-is-layout-flow\" style=\"flex-basis:33.33%\">\n<figure class=\"wp-block-image size-full\"><img loading=\"lazy\" decoding=\"async\" width=\"434\" height=\"648\" src=\"https:\/\/oliverlehmann.com\/wp-content\/uploads\/2023\/06\/PBM-book.jpg\" alt=\"\" class=\"wp-image-557\" srcset=\"https:\/\/oliverlehmann.com\/wp-content\/uploads\/2023\/06\/PBM-book.jpg 434w, https:\/\/oliverlehmann.com\/wp-content\/uploads\/2023\/06\/PBM-book-201x300.jpg 201w\" sizes=\"auto, (max-width: 434px) 100vw, 434px\" \/><\/figure>\n<\/div>\n\n\n\n<div class=\"wp-block-column is-layout-flow wp-block-column-is-layout-flow\" style=\"flex-basis:66.66%\">\n<p>Das unverzichtbare und ma\u00dfgebliche Buch f\u00fcr Einzelpersonen und Organisationen, die im Projektgesch\u00e4ft t\u00e4tig sind.<\/p>\n\n\n\n<p>Beschreibt die spezifischen Herausforderungen und Risiken des Projektgesch\u00e4fts f\u00fcr K\u00e4ufer, Verk\u00e4ufer und andere Akteure und wie diese im gesamten Projektgesch\u00e4ftsprozess von der Make-or-Buy-Entscheidung bis zum endg\u00fcltigen Vertragsabschluss angegangen werden k\u00f6nnen.&nbsp;<\/p>\n\n\n\n<hr class=\"wp-block-separator has-text-color has-pale-pink-color has-alpha-channel-opacity has-pale-pink-background-color has-background is-style-wide\"\/>\n\n\n\n<p>Auerbach-Publikationen<br>ISBN 9780367522070<\/p>\n\n\n\n<p class=\"gutenakitid-f05f127c-b740-4d92-afd4-624d53070d63\" > <a href=\"https:\/\/books.google.de\/books?id=5IqADwAAQBAJ&amp;lpg=PP1&amp;pg=PP1#v=onepage&amp;q&amp;f=false\" target=\"_blank\" rel=\"noreferrer noopener\">Vorschau bei Google Books<\/a><\/p>\n\n\n\n<p class=\"gutenakitid-5eacbd93-4d87-4d32-a3ee-595d41384734\" > <a href=\"https:\/\/www.amazon.com\/Project-Business-Management-Practices-Portfolio-ebook\/dp\/B07H342VY8\" target=\"_blank\" rel=\"noopener\" title=\"\">Vorschau\/Bestellung bei Amazon<\/a><\/p>\n\n\n\n<p class=\"gutenakitid-0a0a1a84-1299-42e8-a100-a8fb41da848c\" > <a rel=\"noreferrer noopener\" href=\"https:\/\/www.routledge.com\/Project-Business-Management\/Lehmann\/p\/book\/9780367522070\" target=\"_blank\">Bestellung beim Verlag<\/a><\/p>\n\n\n\n<p class=\"gutenakitid-be228c44-16e9-43cf-861d-8db2c567e163\" > <a rel=\"noreferrer noopener\" href=\"https:\/\/www.routledge.com\/Situational-Project-Management-The-Dynamics-of-Success-and-Failure\/Lehmann\/p\/book\/9781498722612\" target=\"_blank\"><\/a><a href=\"https:\/\/www.taylorfrancis.com\/books\/mono\/10.1201\/9781315277387\/project-business-management-oliver-lehmann\" target=\"_blank\" rel=\"noreferrer noopener\">Lesen Sie es als E-Book von Taylor &amp; Francis<\/a><\/p>\n<\/div>\n<\/div>\n\n\n\n<hr class=\"wp-block-separator has-text-color has-pale-pink-color has-alpha-channel-opacity has-pale-pink-background-color has-background is-style-wide\"\/>\n\n\n\n<div class=\"gutenakitid-3c352d36-a244-4444-b30d-2b88a7b5f295  wp-block-group is-content-justification-center is-nowrap is-layout-flex wp-container-core-group-is-layout-23441af8 wp-block-group-is-layout-flex\">\n<figure class=\"wp-block-image aligncenter size-large is-resized\"><img loading=\"lazy\" decoding=\"async\" src=\"\/wp-content\/uploads\/2023\/06\/Logo-sphere-1024x743.png\" alt=\"\" width=\"110\" height=\"80\"\/><\/figure>\n<\/div>\n\n\n\n<h2 class=\"wp-block-heading has-text-align-center\" id=\"SitPM\">Situatives Projektmanagement \u2013 Die <em>Dynamik<\/em> von Erfolg und Misserfolg<\/h2>\n\n\n\n<div class=\"wp-block-columns is-layout-flex wp-container-core-columns-is-layout-7466b548 wp-block-columns-is-layout-flex\" style=\"padding-top:var(--wp--preset--spacing--30);padding-right:var(--wp--preset--spacing--30);padding-bottom:var(--wp--preset--spacing--30);padding-left:var(--wp--preset--spacing--30)\">\n<div class=\"wp-block-column is-layout-flow wp-block-column-is-layout-flow\" style=\"flex-basis:33.33%\">\n<figure class=\"wp-block-image size-full\"><img loading=\"lazy\" decoding=\"async\" width=\"443\" height=\"633\" src=\"https:\/\/oliverlehmann.com\/wp-content\/uploads\/2023\/06\/SitPM.jpg\" alt=\"\" class=\"wp-image-556\" srcset=\"https:\/\/oliverlehmann.com\/wp-content\/uploads\/2023\/06\/SitPM.jpg 443w, https:\/\/oliverlehmann.com\/wp-content\/uploads\/2023\/06\/SitPM-210x300.jpg 210w\" sizes=\"auto, (max-width: 443px) 100vw, 443px\" \/><\/figure>\n<\/div>\n\n\n\n<div class=\"gutenakitid-8305973a-b536-4d90-90cf-da61e35e073f  wp-block-column is-layout-flow wp-block-column-is-layout-flow\" style=\"flex-basis:66.66%\">\n<p>Im Projektmanagement gibt es keine \u201eBest Practices\u201c. Dieselbe Vorgehensweise, die in einer Projektsituation erfolgreich war, kann in einer anderen Projektsituation scheitern.<\/p>\n\n\n\n<p>Doch welche Herangehensweisen und Verhaltensweisen sind in welchen Projektsituationen f\u00f6rderlich? Und welche sind sch\u00e4dlich? Die Forschung gibt klare Ratschl\u00e4ge.&nbsp;<\/p>\n\n\n\n<hr class=\"wp-block-separator has-text-color has-pale-pink-color has-alpha-channel-opacity has-pale-pink-background-color has-background is-style-wide\"\/>\n\n\n\n<p>Auerbach-Publikationen<br>ISBN 9781498722612<\/p>\n\n\n\n<p class=\"gutenakitid-b328c763-abfb-4733-9e41-65dcd56f4d28\" > <a href=\"https:\/\/books.google.de\/books?id=G8TBDAAAQBAJ&amp;lpg=PP1&amp;pg=PP1#v=onepage&amp;q&amp;f=false\" target=\"_blank\" rel=\"noreferrer noopener\">Vorschau bei Google Books<\/a><\/p>\n\n\n\n<p><a href=\"https:\/\/www.amazon.com\/Situational-Project-Management-Dynamics-Practices-ebook\/dp\/B01KORWQ3C\" target=\"_blank\" rel=\"noopener\" title=\"\">Vorschau\/Bestellung bei Amazon<\/a><\/p>\n\n\n\n<p class=\"gutenakitid-cab4045c-f831-464b-8c2e-e2dba360c428\" > <a rel=\"noreferrer noopener\" href=\"https:\/\/www.routledge.com\/Situational-Project-Management-The-Dynamics-of-Success-and-Failure\/Lehmann\/p\/book\/9781498722612\" target=\"_blank\">Bestellung beim Verlag<\/a><\/p>\n\n\n\n<p class=\"gutenakitid-504eb3e7-381e-45d5-90ff-a22e115f3c90\" > <a href=\"https:\/\/www.taylorfrancis.com\/books\/mono\/10.1201\/9781315370828\/situational-project-management-oliver-lehmann\" target=\"_blank\" rel=\"noreferrer noopener\">Lesen Sie es als E-Book von Taylor &amp; Francis&nbsp;<\/a><\/p>\n<\/div>\n<\/div>\n\n\n\n<hr class=\"wp-block-separator has-text-color has-pale-pink-color has-alpha-channel-opacity has-pale-pink-background-color has-background is-style-wide\"\/>\n\n\n\n<div class=\"gutenakitid-3c352d36-a244-4444-b30d-2b88a7b5f295  wp-block-group is-content-justification-center is-nowrap is-layout-flex wp-container-core-group-is-layout-23441af8 wp-block-group-is-layout-flex\">\n<figure class=\"wp-block-image aligncenter size-large is-resized\"><img loading=\"lazy\" decoding=\"async\" src=\"\/wp-content\/uploads\/2023\/06\/Logo-sphere-1024x743.png\" alt=\"\" width=\"110\" height=\"80\"\/><\/figure>\n<\/div>\n\n\n\n<h2 class=\"gutenakitid-02897e7b-c1db-4e9f-b961-5ecf42fe855d  wp-block-heading alignfull has-text-align-center\" id=\"PMWJ\">Artikel in PM World Journal&nbsp;<\/h2>\n\n\n\n<div class=\"wp-block-columns is-layout-flex wp-container-core-columns-is-layout-7466b548 wp-block-columns-is-layout-flex\" style=\"padding-top:var(--wp--preset--spacing--30);padding-right:var(--wp--preset--spacing--30);padding-bottom:var(--wp--preset--spacing--30);padding-left:var(--wp--preset--spacing--30)\">\n<div class=\"wp-block-column is-layout-flow wp-block-column-is-layout-flow\" style=\"flex-basis:33.33%\">\n<figure class=\"wp-block-image aligncenter size-full\"><a href=\"https:\/\/pmworldlibrary.net\/authors\/oliver-f-lehmann\/\" target=\"_blank\" rel=\"noopener\"><img loading=\"lazy\" decoding=\"async\" width=\"553\" height=\"699\" src=\"https:\/\/oliverlehmann.com\/wp-content\/uploads\/2023\/07\/image-1.png\" alt=\"\" class=\"wp-image-1222\" srcset=\"https:\/\/oliverlehmann.com\/wp-content\/uploads\/2023\/07\/image-1.png 553w, https:\/\/oliverlehmann.com\/wp-content\/uploads\/2023\/07\/image-1-237x300.png 237w\" sizes=\"auto, (max-width: 553px) 100vw, 553px\" \/><\/a><\/figure>\n<\/div>\n\n\n\n<div class=\"wp-block-column is-layout-flow wp-block-column-is-layout-flow\" style=\"flex-basis:66.66%\">\n<p>&gt;50 Aufs\u00e4tze und Artikel zum Thema Projektmanagement und Projektgesch\u00e4ft, die die vielf\u00e4ltigen Schwerpunkte des Berufsstandes abdecken.<\/p>\n\n\n\n<p>Eine Geschichte meiner Arbeiten finden Sie in der PM World Library.<\/p>\n\n\n\n<p>F\u00fcr Kunden und Auftragnehmer im Projektgesch\u00e4ft. Mehrfach preisgekr\u00f6nt.<\/p>\n\n\n\n<figure class=\"wp-block-image size-large is-resized\"><a href=\"https:\/\/oliverlehmann.com\/de\/contact-impressum\/contact-form\/\"><img loading=\"lazy\" decoding=\"async\" src=\"\/wp-content\/uploads\/Author_awards_at-PM_World_Journal.png\" alt=\"\" width=\"501\" height=\"120\" title=\"\"\/><\/a><\/figure>\n\n\n\n<hr class=\"wp-block-separator has-text-color has-pale-pink-color has-alpha-channel-opacity has-pale-pink-background-color has-background is-style-wide\"\/>\n\n\n\n<p>PM World Library<br>ISSN 2330-4480<\/p>\n\n\n\n<p class=\"gutenakitid-9a7162db-4929-4e51-9043-34ab79fb5222\" > <a href=\"https:\/\/pmworldlibrary.net\/authors\/oliver-f-lehmann\/\" target=\"_blank\" rel=\"noreferrer noopener\">Kostenloser Zugang und Download beim Verlag<\/a><br><\/p>\n<\/div>\n<\/div>\n\n\n\n<hr class=\"wp-block-separator alignwide has-text-color has-pale-pink-color has-alpha-channel-opacity has-pale-pink-background-color has-background is-style-wide\"\/>\n\n\n\n<div class=\"gutenakitid-3c352d36-a244-4444-b30d-2b88a7b5f295  wp-block-group is-content-justification-center is-nowrap is-layout-flex wp-container-core-group-is-layout-23441af8 wp-block-group-is-layout-flex\">\n<figure class=\"wp-block-image aligncenter size-large is-resized\"><img loading=\"lazy\" decoding=\"async\" src=\"https:\/\/oliverlehmann.com\/wp-content\/uploads\/2023\/06\/Logo-sphere-1024x743.png\" alt=\"\" class=\"wp-image-998\" width=\"110\" height=\"80\" srcset=\"https:\/\/oliverlehmann.com\/wp-content\/uploads\/2023\/06\/Logo-sphere-1024x743.png 1024w, https:\/\/oliverlehmann.com\/wp-content\/uploads\/2023\/06\/Logo-sphere-300x218.png 300w, https:\/\/oliverlehmann.com\/wp-content\/uploads\/2023\/06\/Logo-sphere-768x557.png 768w, https:\/\/oliverlehmann.com\/wp-content\/uploads\/2023\/06\/Logo-sphere.png 1059w\" sizes=\"auto, (max-width: 110px) 100vw, 110px\" \/><\/figure>\n<\/div>\n\n\n\n<h2 class=\"gutenakitid-02897e7b-c1db-4e9f-b961-5ecf42fe855d  wp-block-heading alignfull has-text-align-center\" id=\"academia\">Artikel in Academia.edu&nbsp;<\/h2>\n\n\n\n<div class=\"wp-block-columns is-layout-flex wp-container-core-columns-is-layout-7466b548 wp-block-columns-is-layout-flex\" style=\"padding-top:var(--wp--preset--spacing--30);padding-right:var(--wp--preset--spacing--30);padding-bottom:var(--wp--preset--spacing--30);padding-left:var(--wp--preset--spacing--30)\">\n<div class=\"wp-block-column is-layout-flow wp-block-column-is-layout-flow\" style=\"flex-basis:33.33%\">\n<figure class=\"wp-block-image\"><a href=\"https:\/\/liverpool.academia.edu\/OliverLehmann\" target=\"_blank\" rel=\"noreferrer noopener\"><img loading=\"lazy\" decoding=\"async\" width=\"1572\" height=\"1285\" src=\"https:\/\/oliverlehmann.com\/wp-content\/uploads\/2023\/06\/Academia.edu-shot.png\" alt=\"\" class=\"wp-image-603\" srcset=\"https:\/\/oliverlehmann.com\/wp-content\/uploads\/2023\/06\/Academia.edu-shot.png 1572w, https:\/\/oliverlehmann.com\/wp-content\/uploads\/2023\/06\/Academia.edu-shot-300x245.png 300w, https:\/\/oliverlehmann.com\/wp-content\/uploads\/2023\/06\/Academia.edu-shot-1024x837.png 1024w, https:\/\/oliverlehmann.com\/wp-content\/uploads\/2023\/06\/Academia.edu-shot-768x628.png 768w, https:\/\/oliverlehmann.com\/wp-content\/uploads\/2023\/06\/Academia.edu-shot-1536x1256.png 1536w, https:\/\/oliverlehmann.com\/wp-content\/uploads\/2023\/06\/Academia.edu-shot-600x490.png 600w\" sizes=\"auto, (max-width: 1572px) 100vw, 1572px\" \/><\/a><\/figure>\n<\/div>\n\n\n\n<div class=\"wp-block-column is-layout-flow wp-block-column-is-layout-flow\" style=\"flex-basis:66.66%\">\n<p>Zweite Zugangs- und Downloadm\u00f6glichkeit f\u00fcr viele der oben genannten Artikel. Top 0.5%-Autor auf der Website.<\/p>\n\n\n\n<p>Academia.edu bietet einen \u00dcbersetzungsdienst f\u00fcr Mitglieder. Es gibt eine 30-t\u00e4gige Testmitgliedschaft. <\/p>\n\n\n\n<hr class=\"wp-block-separator has-text-color has-pale-pink-color has-alpha-channel-opacity has-pale-pink-background-color has-background is-style-wide\"\/>\n\n\n\n<p class=\"gutenakitid-3b904d14-6bcb-4b0e-9060-96f18d8b3255\" > <a href=\"https:\/\/liverpool.academia.edu\/OliverLehmann\" target=\"_blank\" rel=\"noreferrer noopener\">Zugriff und Download<\/a><\/p>\n<\/div>\n<\/div>","protected":false},"excerpt":{"rendered":"<p>Auf dieser Seite: Projektmanagement | Situatives Projektmanagement | PM World Journal | Academia.edu Projektmanagement Das Standardwerk f\u00fcr alle, die im Projektmanagement t\u00e4tig sind. Es beschreibt die spezifischen Herausforderungen und Risiken des Projektmanagements f\u00fcr K\u00e4ufer, Verk\u00e4ufer und andere Beteiligte und zeigt, wie diese im Projektverlauf bew\u00e4ltigt werden k\u00f6nnen. [\u2026]<\/p>","protected":false},"author":1,"featured_media":2566,"parent":636,"menu_order":3,"comment_status":"open","ping_status":"closed","template":"","meta":{"footnotes":""},"class_list":["post-538","page","type-page","status-publish","has-post-thumbnail","hentry"],"aioseo_notices":[],"_links":{"self":[{"href":"https:\/\/oliverlehmann.com\/de\/wp-json\/wp\/v2\/pages\/538","targetHints":{"allow":["GET"]}}],"collection":[{"href":"https:\/\/oliverlehmann.com\/de\/wp-json\/wp\/v2\/pages"}],"about":[{"href":"https:\/\/oliverlehmann.com\/de\/wp-json\/wp\/v2\/types\/page"}],"author":[{"embeddable":true,"href":"https:\/\/oliverlehmann.com\/de\/wp-json\/wp\/v2\/users\/1"}],"replies":[{"embeddable":true,"href":"https:\/\/oliverlehmann.com\/de\/wp-json\/wp\/v2\/comments?post=538"}],"version-history":[{"count":48,"href":"https:\/\/oliverlehmann.com\/de\/wp-json\/wp\/v2\/pages\/538\/revisions"}],"predecessor-version":[{"id":3249,"href":"https:\/\/oliverlehmann.com\/de\/wp-json\/wp\/v2\/pages\/538\/revisions\/3249"}],"up":[{"embeddable":true,"href":"https:\/\/oliverlehmann.com\/de\/wp-json\/wp\/v2\/pages\/636"}],"wp:featuredmedia":[{"embeddable":true,"href":"https:\/\/oliverlehmann.com\/de\/wp-json\/wp\/v2\/media\/2566"}],"wp:attachment":[{"href":"https:\/\/oliverlehmann.com\/de\/wp-json\/wp\/v2\/media?parent=538"}],"curies":[{"name":"wp","href":"https:\/\/api.w.org\/{rel}","templated":true}]}}