{"id":547,"date":"2023-06-20T13:53:28","date_gmt":"2023-06-20T12:53:28","guid":{"rendered":"https:\/\/oliverlehmann.com\/?page_id=547"},"modified":"2025-08-06T11:19:15","modified_gmt":"2025-08-06T10:19:15","slug":"availability","status":"publish","type":"page","link":"https:\/\/oliverlehmann.com\/de\/trainer\/availability\/","title":{"rendered":"Freie Termine"},"content":{"rendered":"<div class=\"wp-block-cover alignfull is-light\" style=\"font-size:6px;min-height:300px;aspect-ratio:unset;\"><img loading=\"lazy\" decoding=\"async\" width=\"2560\" height=\"1707\" class=\"wp-block-cover__image-background wp-image-1016\" alt=\"\" src=\"https:\/\/oliverlehmann.com\/wp-content\/uploads\/2023\/06\/marten-bjork-6dW3xyQvcYE-unsplash-scaled.jpg\" style=\"object-position:66% 39%\" data-object-fit=\"cover\" data-object-position=\"66% 39%\" srcset=\"https:\/\/oliverlehmann.com\/wp-content\/uploads\/2023\/06\/marten-bjork-6dW3xyQvcYE-unsplash-scaled.jpg 2560w, https:\/\/oliverlehmann.com\/wp-content\/uploads\/2023\/06\/marten-bjork-6dW3xyQvcYE-unsplash-300x200.jpg 300w, https:\/\/oliverlehmann.com\/wp-content\/uploads\/2023\/06\/marten-bjork-6dW3xyQvcYE-unsplash-1024x683.jpg 1024w, https:\/\/oliverlehmann.com\/wp-content\/uploads\/2023\/06\/marten-bjork-6dW3xyQvcYE-unsplash-768x512.jpg 768w, https:\/\/oliverlehmann.com\/wp-content\/uploads\/2023\/06\/marten-bjork-6dW3xyQvcYE-unsplash-1536x1024.jpg 1536w, https:\/\/oliverlehmann.com\/wp-content\/uploads\/2023\/06\/marten-bjork-6dW3xyQvcYE-unsplash-2048x1365.jpg 2048w\" sizes=\"auto, (max-width: 2560px) 100vw, 2560px\" \/><span aria-hidden=\"true\" class=\"wp-block-cover__background has-background-dim\"><\/span><div class=\"wp-block-cover__inner-container is-layout-flow wp-block-cover-is-layout-flow\">\n<h1 class=\"gutenakitid-d4c75566-a6e2-4ceb-88c1-40c0078a6274  wp-block-heading has-text-align-center has-base-color has-text-color\" style=\"font-size:clamp(37.821px, 2.364rem + ((1vw - 3.2px) * 3.657), 70px);\">Freie Termine<\/h1>\n<\/div><\/div>\n\n\n\n<div class=\"wp-block-columns is-layout-flex wp-container-core-columns-is-layout-28f84493 wp-block-columns-is-layout-flex\" style=\"font-size:0.85rem\">\n<div class=\"wp-block-column is-layout-flow wp-block-column-is-layout-flow\" style=\"flex-basis:33.34%\">\n<div class=\"gutenakitid-7c88e955-179f-4010-bc7e-b4268785ca26  wp-block-group is-content-justification-left is-nowrap is-layout-flex wp-container-core-group-is-layout-fc9f69e7 wp-block-group-is-layout-flex\">\n<p class=\"gutenakitid-6b1f1e6b-dd77-4194-a951-01134c5281c6  has-background\" style=\"background-color:#f7c553;font-size:8px\"><\/p>\n\n\n\n<p><strong>Frei<\/strong>: Dieser Tag ist frei f\u00fcr Ihre Buchung.<br><a href=\"\/de\/contact\/\" target=\"_blank\" rel=\"noopener\" title=\"\">Klicken Sie hier f\u00fcr Anfragen<\/a>.<\/p>\n<\/div>\n<\/div>\n\n\n\n<div class=\"wp-block-column is-layout-flow wp-block-column-is-layout-flow\" style=\"flex-basis:33.34%\">\n<div class=\"gutenakitid-1676a747-93d5-4242-a196-0fa63b05f772  wp-block-group is-content-justification-left is-nowrap is-layout-flex wp-container-core-group-is-layout-fc9f69e7 wp-block-group-is-layout-flex\">\n<p class=\"gutenakitid-8841f696-afe2-43c4-bc66-33cdd362554a  has-background\" style=\"background-color:#f7c553;font-size:8px\"><\/p>\n\n\n\n<p class=\"has-text-align-left\"><strong>Auf Anfrage<\/strong>: Dieser Termin ist unverbindlich f\u00fcr einen Kunden reserviert.<br><a href=\"\/de\/contact\/\" title=\"\">Klicken Sie hier f\u00fcr Anfragen<\/a>.<\/p>\n<\/div>\n<\/div>\n\n\n\n<div class=\"wp-block-column is-layout-flow wp-block-column-is-layout-flow\" style=\"flex-basis:33.33%\">\n<div class=\"gutenakitid-1676a747-93d5-4242-a196-0fa63b05f772  wp-block-group is-content-justification-left is-nowrap is-layout-flex wp-container-core-group-is-layout-fc9f69e7 wp-block-group-is-layout-flex\">\n<p class=\"gutenakitid-ef74bdcc-744a-4b12-8509-f6b21f6c485d  has-background\" style=\"background-color:#f7c553;font-size:8px\"><\/p>\n\n\n\n<p class=\"has-text-align-left\"><strong>Gebucht<\/strong>: Leider ist dieser Tag bereits fest vergeben.<br><a href=\"\/de\/contact\/\" target=\"_blank\" rel=\"noopener\" title=\"\">Klicken Sie hier f\u00fcr Anfragen<\/a>.<\/p>\n<\/div>\n<\/div>\n<\/div>\n\n\n\n<div class=\"wp-block-columns is-layout-flex wp-container-core-columns-is-layout-28f84493 wp-block-columns-is-layout-flex\">\n<div class=\"gutenakitid-8999189f-22b1-47b2-a368-9264b0f02b09  wp-block-column has-base-background-color has-background is-layout-flow wp-block-column-is-layout-flow\">\n<pre class=\"wp-block-code\"><code><\/code>\n<iframe loading=\"lazy\" name=\"webplanner16617\" width=\"100%\" frameborder=\"0\" height=\"1000\" src=\"https:\/\/www.webplanner.de\/tools\/?6c343939343a3065343069\"><\/iframe><script type=\"text\/javascript\" src=\"https:\/\/www.webplanner.de\/tools\/js\/8035-16617.js\"><\/script>\n<\/pre>\n<\/div>\n<\/div>\n\n\n\n<p class=\"gutenakitid-a953bd5c-6637-4216-87b4-ef7e0c6b80a2  has-text-align-center has-base-color has-contrast-background-color has-text-color has-background has-link-color wp-elements-f9fe81af8dc02fd33c998253f51432cd\">Hinweis: Buchungen k\u00f6nnen sich kurzfristig \u00e4ndern. Wenn Sie einen freien Termin vorl\u00e4ufig reservieren oder mich verbindlich f\u00fcr ein freies Datum buchen m\u00f6chten, <a href=\"https:\/\/oliverlehmann.com\/de\/contact\/\" target=\"_blank\" rel=\"noopener\" title=\"Kontakt\"><span style=\"text-decoration: underline;\">kontaktieren Sie mich bitte hier<\/span>.<\/a><\/p>","protected":false},"excerpt":{"rendered":"<p>Frei: Dieser Tag ist f\u00fcr Ihre Buchungen frei. Klicken Sie hier f\u00fcr Anfragen. Auf Anfrage: Der Tag ist vorl\u00e4ufig f\u00fcr einen Kunden reserviert. Klicken Sie hier f\u00fcr Anfragen. Gebucht: Dieser Tag ist leider bereits fest ausgebucht. Klicken Sie hier f\u00fcr Anfragen. Hinweis: Buchungen k\u00f6nnen sich kurzfristig \u00e4ndern. Wenn Sie einen freien Termin vorl\u00e4ufig reservieren m\u00f6chten oder [\u2026]<\/p>","protected":false},"author":1,"featured_media":2563,"parent":636,"menu_order":1,"comment_status":"closed","ping_status":"closed","template":"","meta":{"footnotes":""},"class_list":["post-547","page","type-page","status-publish","has-post-thumbnail","hentry"],"aioseo_notices":[],"_links":{"self":[{"href":"https:\/\/oliverlehmann.com\/de\/wp-json\/wp\/v2\/pages\/547","targetHints":{"allow":["GET"]}}],"collection":[{"href":"https:\/\/oliverlehmann.com\/de\/wp-json\/wp\/v2\/pages"}],"about":[{"href":"https:\/\/oliverlehmann.com\/de\/wp-json\/wp\/v2\/types\/page"}],"author":[{"embeddable":true,"href":"https:\/\/oliverlehmann.com\/de\/wp-json\/wp\/v2\/users\/1"}],"replies":[{"embeddable":true,"href":"https:\/\/oliverlehmann.com\/de\/wp-json\/wp\/v2\/comments?post=547"}],"version-history":[{"count":42,"href":"https:\/\/oliverlehmann.com\/de\/wp-json\/wp\/v2\/pages\/547\/revisions"}],"predecessor-version":[{"id":5325,"href":"https:\/\/oliverlehmann.com\/de\/wp-json\/wp\/v2\/pages\/547\/revisions\/5325"}],"up":[{"embeddable":true,"href":"https:\/\/oliverlehmann.com\/de\/wp-json\/wp\/v2\/pages\/636"}],"wp:featuredmedia":[{"embeddable":true,"href":"https:\/\/oliverlehmann.com\/de\/wp-json\/wp\/v2\/media\/2563"}],"wp:attachment":[{"href":"https:\/\/oliverlehmann.com\/de\/wp-json\/wp\/v2\/media?parent=547"}],"curies":[{"name":"wp","href":"https:\/\/api.w.org\/{rel}","templated":true}]}}