{"id":549,"date":"2023-06-20T13:54:53","date_gmt":"2023-06-20T12:54:53","guid":{"rendered":"https:\/\/oliverlehmann.com\/?page_id=549"},"modified":"2024-02-09T11:07:49","modified_gmt":"2024-02-09T10:07:49","slug":"volunteering","status":"publish","type":"page","link":"https:\/\/oliverlehmann.com\/de\/trainer\/volunteering\/","title":{"rendered":"Ehrenamt"},"content":{"rendered":"<div class=\"wp-block-cover alignfull is-light\" style=\"padding-top:0;padding-right:0;padding-bottom:0;padding-left:0;min-height:300px;aspect-ratio:unset;\"><span aria-hidden=\"true\" class=\"wp-block-cover__background has-background-dim\"><\/span><img loading=\"lazy\" decoding=\"async\" width=\"2227\" height=\"684\" class=\"wp-block-cover__image-background wp-image-597\" alt=\"\" src=\"https:\/\/oliverlehmann.com\/wp-content\/uploads\/2023\/06\/junior-moran-hrEJYRtBDrk-unsplash-wide.jpg\" style=\"object-position:66% 0%\" data-object-fit=\"cover\" data-object-position=\"66% 0%\" srcset=\"https:\/\/oliverlehmann.com\/wp-content\/uploads\/2023\/06\/junior-moran-hrEJYRtBDrk-unsplash-wide.jpg 2227w, https:\/\/oliverlehmann.com\/wp-content\/uploads\/2023\/06\/junior-moran-hrEJYRtBDrk-unsplash-wide-300x92.jpg 300w, https:\/\/oliverlehmann.com\/wp-content\/uploads\/2023\/06\/junior-moran-hrEJYRtBDrk-unsplash-wide-1024x315.jpg 1024w, https:\/\/oliverlehmann.com\/wp-content\/uploads\/2023\/06\/junior-moran-hrEJYRtBDrk-unsplash-wide-768x236.jpg 768w, https:\/\/oliverlehmann.com\/wp-content\/uploads\/2023\/06\/junior-moran-hrEJYRtBDrk-unsplash-wide-1536x472.jpg 1536w, https:\/\/oliverlehmann.com\/wp-content\/uploads\/2023\/06\/junior-moran-hrEJYRtBDrk-unsplash-wide-2048x629.jpg 2048w, https:\/\/oliverlehmann.com\/wp-content\/uploads\/2023\/06\/junior-moran-hrEJYRtBDrk-unsplash-wide-600x184.jpg 600w\" sizes=\"auto, (max-width: 2227px) 100vw, 2227px\" \/><div class=\"wp-block-cover__inner-container is-layout-flow wp-block-cover-is-layout-flow\">\n<h1 class=\"gutenakitid-6324e290-d5d9-4057-8198-7b0f5b7e98ce  wp-block-heading has-text-align-center has-base-color has-text-color\" style=\"font-size:clamp(37.821px, 2.364rem + ((1vw - 3.2px) * 3.657), 70px);\">Arbeit im Ehrenamt<\/h1>\n<\/div><\/div>\n\n\n\n<p class=\"gutenakitid-c1193888-20aa-4b3a-a56b-97748ca0073a  has-text-align-center\">Auf dieser Seite: <a href=\"#talk\" title=\"\">Virtuelle 24-Stunden-Wohlt\u00e4tigkeitskonferenzen<\/a>  |  <a href=\"#volunteering\" title=\"\">Freiwilligengeschichte bei PMI<\/a><\/p>\n\n\n\n<h2 class=\"wp-block-heading has-text-align-center\" id=\"talk\">Talk Around the Clock \u2013 Virtuelle 24h-Charity-Konferenzen<\/h2>\n\n\n\n<p>Seit 2022 habe ich mit anderen Ehrenamtlichen eine Reihe von 24-Stunden-Konferenzen unter dem Titel \"Talk around the Clock\" organisiert.<\/p>\n\n\n\n<h3 class=\"gutenakitid-f8390f12-0aef-42d3-8f3b-8bd7ba86d193  wp-block-heading\">3. Rund um die Uhr reden (2024)<\/h3>\n\n\n\n<figure class=\"wp-block-image aligncenter size-full is-resized\"><a href=\"https:\/\/talk-around-the-clock.com\/donate-reserve-seat\" target=\"_blank\" rel=\"noreferrer noopener\"><img loading=\"lazy\" decoding=\"async\" width=\"800\" height=\"418\" src=\"https:\/\/oliverlehmann.com\/wp-content\/uploads\/image-18.png\" alt=\"\" class=\"wp-image-3556\" style=\"width:550px\" srcset=\"https:\/\/oliverlehmann.com\/wp-content\/uploads\/image-18.png 800w, https:\/\/oliverlehmann.com\/wp-content\/uploads\/image-18-300x157.png 300w, https:\/\/oliverlehmann.com\/wp-content\/uploads\/image-18-768x401.png 768w, https:\/\/oliverlehmann.com\/wp-content\/uploads\/image-18-18x9.png 18w\" sizes=\"auto, (max-width: 800px) 100vw, 800px\" \/><\/a><\/figure>\n\n\n\n<figure class=\"wp-block-table is-style-stripes\"><table class=\"has-base-background-color has-background\"><tbody><tr><td>Beg\u00fcnstigter:<\/td><td>M\u00e9decins Sans Fronti\u00e8res (\u00c4rzte ohne Grenzen) \u2013 Programm f\u00fcr Kriegsopfer in Pal\u00e4stina<\/td><\/tr><tr><td>Veranstaltungsdatum:<\/td><td>2. bis 3. Februar 2024<\/td><\/tr><tr><td>Unterst\u00fctzt von:<\/td><td>PMI Schweden-Chapter<\/td><\/tr><tr><td>Formale Rollen:<\/td><td>Projektmanager, Redner, Podiumsmoderator<\/td><\/tr><tr><td>Sprecher:<\/td><td>25<\/td><\/tr><tr><td>Spenden und registrieren:<\/td><td><a href=\"https:\/\/talk-around-the-clock.com\/donate-reserve-seat\" target=\"_blank\" rel=\"noopener\" title=\"\">https:\/\/talk-around-the-clock.com\/donate-reserve-seat<\/a><\/td><\/tr><\/tbody><\/table><\/figure>\n\n\n\n<h3 class=\"gutenakitid-02030009-dbfb-4c5a-9847-3c8cb76dc9f4  wp-block-heading\">2. Talk Around the Clock (2023)<\/h3>\n\n\n\n<figure class=\"wp-block-image aligncenter size-full is-resized\"><img loading=\"lazy\" decoding=\"async\" width=\"800\" height=\"565\" src=\"https:\/\/oliverlehmann.com\/wp-content\/uploads\/image-17.png\" alt=\"\" class=\"wp-image-3555\" style=\"width:500px\" srcset=\"https:\/\/oliverlehmann.com\/wp-content\/uploads\/image-17.png 800w, https:\/\/oliverlehmann.com\/wp-content\/uploads\/image-17-300x212.png 300w, https:\/\/oliverlehmann.com\/wp-content\/uploads\/image-17-768x542.png 768w, https:\/\/oliverlehmann.com\/wp-content\/uploads\/image-17-18x12.png 18w\" sizes=\"auto, (max-width: 800px) 100vw, 800px\" \/><\/figure>\n\n\n\n<figure class=\"wp-block-table is-style-stripes\"><table class=\"has-base-background-color has-background\"><tbody><tr><td>Beg\u00fcnstigter:<\/td><td>UNICEF-Hilfsprogramm f\u00fcr die Opfer des Erdbebens in der T\u00fcrkei und in Syrien<\/td><\/tr><tr><td>Veranstaltungsdatum:<\/td><td>14. bis 15. April 2023<\/td><\/tr><tr><td>Unterst\u00fctzt von:<\/td><td>PMI Ukraine Chapter<\/td><\/tr><tr><td>Formale Rollen:<\/td><td>Organisator, Diskussionsteilnehmer<\/td><\/tr><tr><td>Sprecher:<\/td><td>29<\/td><\/tr><\/tbody><\/table><\/figure>\n\n\n\n<h3 class=\"gutenakitid-2ee03b25-d2a7-4f34-9b82-87dffbda359c  wp-block-heading\">1. Talk Around the Clock (2022)<\/h3>\n\n\n\n<div class=\"wp-block-columns is-layout-flex wp-container-core-columns-is-layout-28f84493 wp-block-columns-is-layout-flex\">\n<div class=\"wp-block-column is-layout-flow wp-block-column-is-layout-flow\">\n<figure class=\"wp-block-image aligncenter size-large is-resized\"><img loading=\"lazy\" decoding=\"async\" width=\"1024\" height=\"799\" src=\"https:\/\/oliverlehmann.com\/wp-content\/uploads\/image-16-1024x799.png\" alt=\"\" class=\"wp-image-3554\" style=\"width:500px\" srcset=\"https:\/\/oliverlehmann.com\/wp-content\/uploads\/image-16-1024x799.png 1024w, https:\/\/oliverlehmann.com\/wp-content\/uploads\/image-16-300x234.png 300w, https:\/\/oliverlehmann.com\/wp-content\/uploads\/image-16-768x599.png 768w, https:\/\/oliverlehmann.com\/wp-content\/uploads\/image-16-1536x1198.png 1536w, https:\/\/oliverlehmann.com\/wp-content\/uploads\/image-16-2048x1598.png 2048w, https:\/\/oliverlehmann.com\/wp-content\/uploads\/image-16-15x12.png 15w\" sizes=\"auto, (max-width: 1024px) 100vw, 1024px\" \/><\/figure>\n<\/div>\n<\/div>\n\n\n\n<figure class=\"wp-block-table is-style-stripes\"><table class=\"has-base-background-color has-background\"><tbody><tr><td>Beg\u00fcnstigter:<\/td><td>UNICEF-Hilfsprogramm f\u00fcr die Ukraine (als Reaktion auf den Angriff Russlands)<\/td><\/tr><tr><td>Veranstaltungsdatum:<\/td><td>27. bis 28. April 2022<\/td><\/tr><tr><td>Unterst\u00fctzt von:<\/td><td>Patric Eid &amp; Oliver F. Lehmann<\/td><\/tr><tr><td>Formale Rollen:<\/td><td>Organisator, Redner, Diskussionsteilnehmer<\/td><\/tr><tr><td>Sprecher:<\/td><td>29<\/td><\/tr><\/tbody><\/table><\/figure>\n\n\n\n<hr class=\"wp-block-separator alignwide has-text-color has-pale-pink-color has-alpha-channel-opacity has-pale-pink-background-color has-background is-style-wide\"\/>\n\n\n\n<div class=\"gutenakitid-3c352d36-a244-4444-b30d-2b88a7b5f295  wp-block-group is-content-justification-center is-nowrap is-layout-flex wp-container-core-group-is-layout-23441af8 wp-block-group-is-layout-flex\">\n<figure class=\"wp-block-image aligncenter size-large is-resized\"><img loading=\"lazy\" decoding=\"async\" src=\"\/wp-content\/uploads\/2023\/06\/Logo-sphere-1024x743.png\" alt=\"\" width=\"110\" height=\"80\"\/><\/figure>\n<\/div>\n\n\n\n<h2 class=\"wp-block-heading alignwide has-text-align-center\" id=\"volunteering\">Ehrenamtliche T\u00e4tigkeit beim PMI (Project Management Institute) seit 2002<\/h2>\n\n\n\n<div class=\"wp-block-columns is-not-stacked-on-mobile has-base-background-color has-background is-layout-flex wp-container-core-columns-is-layout-28f84493 wp-block-columns-is-layout-flex\">\n<div class=\"wp-block-column is-layout-flow wp-block-column-is-layout-flow\">\n<p>Quelle: <br><img loading=\"lazy\" decoding=\"async\" width=\"300\" height=\"36\" class=\"wp-image-3544\" style=\"width: 300px;\" src=\"https:\/\/oliverlehmann.com\/wp-content\/uploads\/image-14.png\" alt=\"\" srcset=\"https:\/\/oliverlehmann.com\/wp-content\/uploads\/image-14.png 512w, https:\/\/oliverlehmann.com\/wp-content\/uploads\/image-14-300x36.png 300w, https:\/\/oliverlehmann.com\/wp-content\/uploads\/image-14-18x2.png 18w\" sizes=\"auto, (max-width: 300px) 100vw, 300px\" \/><\/p>\n<\/div>\n\n\n\n<div class=\"wp-block-column is-layout-flow wp-block-column-is-layout-flow\">\n<figure class=\"wp-block-image alignright size-full is-resized\"><img loading=\"lazy\" decoding=\"async\" width=\"568\" height=\"190\" src=\"https:\/\/oliverlehmann.com\/wp-content\/uploads\/2023\/06\/pmi_mb_logo_vrt_fc_rgb-horizontl-2-500-b.png\" alt=\"\" class=\"wp-image-598\" style=\"width:284px\" srcset=\"https:\/\/oliverlehmann.com\/wp-content\/uploads\/2023\/06\/pmi_mb_logo_vrt_fc_rgb-horizontl-2-500-b.png 568w, https:\/\/oliverlehmann.com\/wp-content\/uploads\/2023\/06\/pmi_mb_logo_vrt_fc_rgb-horizontl-2-500-b-300x100.png 300w\" sizes=\"auto, (max-width: 568px) 100vw, 568px\" \/><\/figure>\n<\/div>\n<\/div>\n\n\n\n<figure class=\"wp-block-table is-style-stripes\"><table class=\"has-base-background-color has-background\"><thead><tr><th class=\"has-text-align-left\" data-align=\"left\">Freiwilligenrolle<\/th><th>Titel<\/th><th>Startdatum<\/th><th>Enddatum<\/th><\/tr><\/thead><tbody><tr><td class=\"has-text-align-left\" data-align=\"left\">Projektmanager f\u00fcr das schwedische PMI-Chapter<\/td><td>Rund um die Uhr reden \u2013 Virtuelle 24-Stunden-Wohlt\u00e4tigkeitskonferenz<\/td><td>23. Okt.<\/td><td>24. Februar<\/td><\/tr><tr><td class=\"has-text-align-left\" data-align=\"left\">Projektorganisator f\u00fcr das PMI Ukraine Chapter<\/td><td>Rund um die Uhr reden \u2013 Virtuelle 24-Stunden-Wohlt\u00e4tigkeitskonferenz<\/td><td>23. Januar<\/td><td>23. Mai<\/td><\/tr><tr><td class=\"has-text-align-left\" data-align=\"left\">Freiwilliger f\u00fcr die Pr\u00fcfungsentwicklung<\/td><td>Neue CAPM-Pr\u00fcfung \u2013 Pilotteilnehmer &amp; Pr\u00fcfer<\/td><td>22. September<\/td><td>22. Dez.<\/td><\/tr><tr><td class=\"has-text-align-left\" data-align=\"left\">CAPM-Erneuerungspilotprogramm<\/td><td>Gutachter<\/td><td>22. Okt.<\/td><td>22. November<\/td><\/tr><tr><td class=\"has-text-align-left\" data-align=\"left\">Pilotprogramm zur Erneuerung des ATP PMP<\/td><td>Ausbilder, Pr\u00fcfer<\/td><td>22. November<\/td><td>22. November<\/td><\/tr><tr><td class=\"has-text-align-left\" data-align=\"left\">ATP-Programm \u2013 Mitwirkender<\/td><td>Verbesserung des Programms f\u00fcr autorisierte Schulungspartner<\/td><td>21. Februar<\/td><td>21. Okt.<\/td><\/tr><tr><td class=\"has-text-align-left\" data-align=\"left\">PMBOK\u00ae-Leitfaden \u2013 Siebte Ausgabe \u2013 Rezensent<\/td><td>Rezension der deutschen \u00dcbersetzung<\/td><td>21. Januar<\/td><td>21. Mai<\/td><\/tr><tr><td class=\"has-text-align-left\" data-align=\"left\">Sachbearbeiter \u2013 Regionalb\u00fcro S\u00fcddeutschland<\/td><td>Ehemaliger Pr\u00e4sident der Ortsgruppe<\/td><td>18. Mai<\/td><td>Dez. 20<\/td><\/tr><tr><td class=\"has-text-align-left\" data-align=\"left\">PMBOK\u00ae-Leitfaden \u2013 Siebte Ausgabe \u2013 Rezensent<\/td><td>Rezensent<\/td><td>Aug-20<\/td><td>Dez. 20<\/td><\/tr><tr><td class=\"has-text-align-left\" data-align=\"left\">Arbeitsgruppe der Interessengruppen \u2013 Mitwirkender<\/td><td>Arbeitsgruppe der Interessengruppen<\/td><td>19. Oktober<\/td><td>Februar 20<\/td><\/tr><tr><td class=\"has-text-align-left\" data-align=\"left\">Europ\u00e4ische PMI-Kapitel<\/td><td>PMI-Chapters in der EU \u2013 Berater f\u00fcr DSGVO-Konformit\u00e4t<\/td><td>17. Januar<\/td><td>18. Mai<\/td><\/tr><tr><td class=\"has-text-align-left\" data-align=\"left\">Sachbearbeiter \u2013 Regionalb\u00fcro S\u00fcddeutschland<\/td><td>Pr\u00e4sident<\/td><td>13. April<\/td><td>18. April<\/td><\/tr><tr><td class=\"has-text-align-left\" data-align=\"left\">PMBOK\u00ae Guide \u2013 Sechste Ausgabe \u2013 Teammitglied f\u00fcr die deutsche \u00dcbersetzung<\/td><td>Rezensent<\/td><td>17. M\u00e4rz<\/td><td>17. August<\/td><\/tr><tr><td class=\"has-text-align-left\" data-align=\"left\">PMBOK\u00ae Guide \u2013 F\u00fcnfte Ausgabe \u2013 Teammitglied f\u00fcr die deutsche \u00dcbersetzung<\/td><td>PMBOK\u00ae Guide \u2013 F\u00fcnfte Ausgabe \u2013 Teammitglied f\u00fcr die deutsche \u00dcbersetzung<\/td><td>Sep-12<\/td><td>13. August<\/td><\/tr><tr><td class=\"has-text-align-left\" data-align=\"left\">Sachbearbeiter \u2013 Ortsgruppe M\u00fcnchen, Deutschland<\/td><td>Vizepr\u00e4sident<\/td><td>06. Januar<\/td><td>13. April<\/td><\/tr><tr><td class=\"has-text-align-left\" data-align=\"left\">PMBOK Guide \u2013 F\u00fcnfte Ausgabe \u2013 Rezensent<\/td><td>Rezensent<\/td><td>12. Februar<\/td><td>12. Dezember<\/td><\/tr><tr><td class=\"has-text-align-left\" data-align=\"left\">Fachexperte \u2013 \u00dcberpr\u00fcfungskomitee f\u00fcr die deutsche \u00dcbersetzung des PMBOK Guide<\/td><td>Gutachter, Abschnitte: Projektqualit\u00e4tsmanagement, Projektbeschaffungsmanagement<\/td><td>8. September<\/td><td>10. Juni<\/td><\/tr><tr><td class=\"has-text-align-left\" data-align=\"left\">Sachbearbeiter \u2013 Ortsgruppe M\u00fcnchen, Deutschland<\/td><td>Vizepr\u00e4sident f\u00fcr Mitgliederangelegenheiten<\/td><td>06. Januar<\/td><td>9. Juni<\/td><\/tr><tr><td class=\"has-text-align-left\" data-align=\"left\">Fachreferent \u2013 Problemprojekte (CoP)<\/td><td>Direktor im Gro\u00dfen<\/td><td>06. Januar<\/td><td>06. Dezember<\/td><\/tr><tr><td class=\"has-text-align-left\" data-align=\"left\">Mitarbeiterin \u2013 PM Network Magazine<\/td><td>Analyst f\u00fcr problematische Projekte<\/td><td>4. Februar<\/td><td>06. Juni<\/td><\/tr><tr><td class=\"has-text-align-left\" data-align=\"left\">Fachreferent \u2013 Problemprojekte (CoP)<\/td><td>Vizepr\u00e4sident f\u00fcr berufliche Weiterentwicklung<\/td><td>04. Januar<\/td><td>05. Dezember<\/td><\/tr><tr><td class=\"has-text-align-left\" data-align=\"left\">Sachbearbeiter \u2013 Ortsgruppe M\u00fcnchen, Deutschland<\/td><td>Vizepr\u00e4sident f\u00fcr Mitgliederangelegenheiten<\/td><td>03. Januar<\/td><td>4. Dezember<\/td><\/tr><tr><td class=\"has-text-align-left\" data-align=\"left\">Sachbearbeiter \u2013 Ortsgruppe M\u00fcnchen, Deutschland<\/td><td>Vizepr\u00e4sident<\/td><td>04. Januar<\/td><td>4. Februar<\/td><\/tr><tr><td class=\"has-text-align-left\" data-align=\"left\">Sachbearbeiter \u2013 Ortsgruppe M\u00fcnchen, Deutschland<\/td><td>Vizepr\u00e4sident f\u00fcr Mitgliederangelegenheiten<\/td><td>02. Januar<\/td><td>3. Dezember<\/td><\/tr><\/tbody><\/table><\/figure>","protected":false},"excerpt":{"rendered":"<p>Auf dieser Seite: Virtuelle 24-Stunden-Spendenkonferenzen | Freiwilligenarbeit bei PMI Talk Around the Clock \u2013 Virtuelle 24-Stunden-Spendenkonferenzen Seit 2022 organisiere ich gemeinsam mit anderen Freiwilligen 24-Stunden-Konferenzen unter dem Titel \u201eTalk around the Clock\u201c: 3. Talk Around the Clock (2024) Beg\u00fcnstigter: \u00c4rzte ohne Grenzen \u2013 Programm f\u00fcr Kriegsopfer [\u2026]<\/p>","protected":false},"author":1,"featured_media":2561,"parent":636,"menu_order":0,"comment_status":"closed","ping_status":"closed","template":"","meta":{"footnotes":""},"class_list":["post-549","page","type-page","status-publish","has-post-thumbnail","hentry"],"aioseo_notices":[],"_links":{"self":[{"href":"https:\/\/oliverlehmann.com\/de\/wp-json\/wp\/v2\/pages\/549","targetHints":{"allow":["GET"]}}],"collection":[{"href":"https:\/\/oliverlehmann.com\/de\/wp-json\/wp\/v2\/pages"}],"about":[{"href":"https:\/\/oliverlehmann.com\/de\/wp-json\/wp\/v2\/types\/page"}],"author":[{"embeddable":true,"href":"https:\/\/oliverlehmann.com\/de\/wp-json\/wp\/v2\/users\/1"}],"replies":[{"embeddable":true,"href":"https:\/\/oliverlehmann.com\/de\/wp-json\/wp\/v2\/comments?post=549"}],"version-history":[{"count":26,"href":"https:\/\/oliverlehmann.com\/de\/wp-json\/wp\/v2\/pages\/549\/revisions"}],"predecessor-version":[{"id":3643,"href":"https:\/\/oliverlehmann.com\/de\/wp-json\/wp\/v2\/pages\/549\/revisions\/3643"}],"up":[{"embeddable":true,"href":"https:\/\/oliverlehmann.com\/de\/wp-json\/wp\/v2\/pages\/636"}],"wp:featuredmedia":[{"embeddable":true,"href":"https:\/\/oliverlehmann.com\/de\/wp-json\/wp\/v2\/media\/2561"}],"wp:attachment":[{"href":"https:\/\/oliverlehmann.com\/de\/wp-json\/wp\/v2\/media?parent=549"}],"curies":[{"name":"wp","href":"https:\/\/api.w.org\/{rel}","templated":true}]}}