{"id":922,"date":"2023-06-29T13:05:22","date_gmt":"2023-06-29T12:05:22","guid":{"rendered":"https:\/\/oliverlehmann.com\/?page_id=922"},"modified":"2024-02-12T10:54:22","modified_gmt":"2024-02-12T09:54:22","slug":"letters-templates","status":"publish","type":"page","link":"https:\/\/oliverlehmann.com\/de\/free\/letters-templates\/","title":{"rendered":"Briefvorlagen"},"content":{"rendered":"<div class=\"wp-block-cover alignfull is-light\" style=\"min-height:300px;aspect-ratio:unset;\"><span aria-hidden=\"true\" class=\"wp-block-cover__background has-background-dim\"><\/span><img loading=\"lazy\" decoding=\"async\" width=\"2560\" height=\"1709\" class=\"wp-block-cover__image-background wp-image-939\" alt=\"\" src=\"https:\/\/oliverlehmann.com\/wp-content\/uploads\/2023\/06\/scott-graham-OQMZwNd3ThU-unsplash-scaled.jpg\" style=\"object-position:34% 47%\" data-object-fit=\"cover\" data-object-position=\"34% 47%\" srcset=\"https:\/\/oliverlehmann.com\/wp-content\/uploads\/2023\/06\/scott-graham-OQMZwNd3ThU-unsplash-scaled.jpg 2560w, https:\/\/oliverlehmann.com\/wp-content\/uploads\/2023\/06\/scott-graham-OQMZwNd3ThU-unsplash-300x200.jpg 300w, https:\/\/oliverlehmann.com\/wp-content\/uploads\/2023\/06\/scott-graham-OQMZwNd3ThU-unsplash-1024x683.jpg 1024w, https:\/\/oliverlehmann.com\/wp-content\/uploads\/2023\/06\/scott-graham-OQMZwNd3ThU-unsplash-768x513.jpg 768w, https:\/\/oliverlehmann.com\/wp-content\/uploads\/2023\/06\/scott-graham-OQMZwNd3ThU-unsplash-1536x1025.jpg 1536w, https:\/\/oliverlehmann.com\/wp-content\/uploads\/2023\/06\/scott-graham-OQMZwNd3ThU-unsplash-2048x1367.jpg 2048w\" sizes=\"auto, (max-width: 2560px) 100vw, 2560px\" \/><div class=\"wp-block-cover__inner-container is-layout-flow wp-block-cover-is-layout-flow\">\n<h1 class=\"gutenakitid-2b99e2f4-8f76-4575-bd54-cf01e973cd21  wp-block-heading has-text-align-center has-large-font-size\">Vorlagen f\u00fcr Anschreiben f\u00fcr Ihre PMP\u00ae-Initiative<\/h1>\n<\/div><\/div>\n\n\n\n<p class=\"gutenakitid-de64c0f6-18aa-4f62-868b-a0fdad41a38f  has-text-align-center\" id=\"Letter_to_employer\">Auf dieser Seite: <a href=\"#contractor\" title=\"\">Ein Brief an den Vorgesetzten des Projektgesch\u00e4fts<\/a> | <a href=\"#contractor\" title=\"\">Ein Brief an den Vorgesetzten interner Projekte<\/a> | <a data-type=\"internal\" data-id=\"#Letter_to_Employees\" href=\"#Letter_to_Employees\">Ein Brief an die Mitarbeiter<\/a> | <a data-type=\"internal\" data-id=\"#Board_Proposal\" href=\"#Board_Proposal\">Managementvorschlag<\/a><\/p>\n\n\n\n<h2 class=\"wp-block-heading has-text-align-center\">Vorlagen f\u00fcr ein vom Unternehmen gesponsertes Qualifizierungs- und Zertifizierungsprogramm<\/h2>\n\n\n\n<div class=\"wp-block-columns is-layout-flex wp-container-core-columns-is-layout-7466b548 wp-block-columns-is-layout-flex\" style=\"padding-top:var(--wp--preset--spacing--30);padding-right:var(--wp--preset--spacing--30);padding-bottom:var(--wp--preset--spacing--30);padding-left:var(--wp--preset--spacing--30)\">\n<div class=\"wp-block-column is-layout-flow wp-block-column-is-layout-flow\" style=\"flex-basis:100%\">\n<figure class=\"wp-block-image aligncenter size-large is-resized has-custom-border\"><img loading=\"lazy\" decoding=\"async\" src=\"\/wp-content\/uploads\/2023\/06\/Logo-sphere-1024x743.png\" alt=\"\" class=\"wp-image-998\" style=\"border-top-style:none;border-top-width:0px;border-bottom-style:none;border-bottom-width:0px\" width=\"110\" height=\"80\" srcset=\"https:\/\/oliverlehmann.com\/wp-content\/uploads\/2023\/06\/Logo-sphere-1024x743.png 1024w, https:\/\/oliverlehmann.com\/wp-content\/uploads\/2023\/06\/Logo-sphere-300x218.png 300w, https:\/\/oliverlehmann.com\/wp-content\/uploads\/2023\/06\/Logo-sphere-768x557.png 768w, https:\/\/oliverlehmann.com\/wp-content\/uploads\/2023\/06\/Logo-sphere.png 1059w\" sizes=\"auto, (max-width: 110px) 100vw, 110px\" \/><\/figure>\n<\/div>\n<\/div>\n\n\n\n<h3 class=\"wp-block-heading has-text-align-center\" id=\"contractor\">Ein Brief an Ihren Arbeitgeber\/Vorgesetzten in einer Auftragnehmerorganisation<\/h3>\n\n\n\n<div class=\"wp-block-columns is-layout-flex wp-container-core-columns-is-layout-28f84493 wp-block-columns-is-layout-flex\">\n<div class=\"wp-block-column is-layout-flow wp-block-column-is-layout-flow\">\n<p>Hier finden Sie Unterst\u00fctzung bei der Beantragung eines Unternehmensprogramms zur Zertifizierung, das es der Organisation erleichtert, ihre Produkte und Dienstleistungen als Projektanbieter zu verkaufen.<\/p>\n<\/div>\n\n\n\n<div class=\"wp-block-column is-layout-flow wp-block-column-is-layout-flow\" id=\"donottranslate\" data-no-auto-translation=\"\">\n<div class=\"wp-block-gutena-accordion gutena-accordion-block gutena-accordion-block-ae4958-0a is-layout-flow wp-block-accordion-is-layout-flow\" data-single=\"true\">\n<div class=\"wp-block-gutena-accordion-panel gutena-accordion-block__panel donottranslate\">\n<div class=\"wp-block-gutena-accordion-panel-title gutena-accordion-block__panel-title\"><div class=\"gutena-accordion-block__panel-title-inner\">\n<h6 class=\"wp-block-heading has-text-align-left\" style=\"margin-top:0px;margin-right:0px;margin-bottom:0px;margin-left:0px\"><img loading=\"lazy\" decoding=\"async\" width=\"50\" height=\"32\" class=\"wp-image-2023\" style=\"width: 50px;\" src=\"https:\/\/oliverlehmann.com\/wp-content\/uploads\/2023\/07\/image-43.png?ver=1689084042\" alt=\"\">Click to open<\/h6>\n<div class=\"trigger-up-down\"><div class=\"horizontal\"><\/div><div class=\"vertical\"><\/div><\/div><\/div><\/div>\n\n\n\n<div class=\"wp-block-gutena-accordion-panel-content gutena-accordion-block__panel-content\"><div class=\"gutena-accordion-block__panel-content-inner\">\n<p class=\"gutenakitid-d666f502-72f9-44cd-bb59-c26c49818159\" > Copy&nbsp;the text from the box,&nbsp;paste it under your letterhead or into an e-mail, make adjustments where you like, and send it off.<\/p>\n\n\n\n<iframe height = \"500\" width=\"100%\" background=\"#ffffff\" src=\"\/wp-content\/uploads\/PMP_letter_to_management_customer_projects.html\"><\/iframe>\n<\/div><\/div>\n<\/div>\n\n\n\n<div class=\"wp-block-gutena-accordion-panel gutena-accordion-block__panel\">\n<div class=\"wp-block-gutena-accordion-panel-title gutena-accordion-block__panel-title\"><div class=\"gutena-accordion-block__panel-title-inner\">\n<h6 class=\"wp-block-heading has-text-align-left\" style=\"margin-top:0px;margin-right:0px;margin-bottom:0px;margin-left:0px\"><img loading=\"lazy\" decoding=\"async\" width=\"50\" height=\"38\" class=\"wp-image-2073\" style=\"width: 50px;\" src=\"https:\/\/oliverlehmann.com\/wp-content\/uploads\/2023\/07\/De-badge.png\" alt=\"\">Zum \u00d6ffnen klicken<\/h6>\n<div class=\"trigger-up-down\"><div class=\"horizontal\"><\/div><div class=\"vertical\"><\/div><\/div><\/div><\/div>\n\n\n\n<div class=\"wp-block-gutena-accordion-panel-content gutena-accordion-block__panel-content\"><div class=\"gutena-accordion-block__panel-content-inner\">\n<p class=\"gutenakitid-d666f502-72f9-44cd-bb59-c26c49818159\" > Kopieren Sie den Text aus dem Kasten, f\u00fcgen Sie ihn unter Ihren Briefkopf oder in eine E-Mail ein, nehmen Sie die gew\u00fcnschten \u00c4nderungen vor und schicken Sie ihn ab.<\/p>\n\n\n\n<iframe height = \"500\" width=\"100%\" background=\"#ffffff\" src=\"\/wp-content\/uploads\/PMP_letter_to_management_customer_projects-de.html\"><\/iframe>\n<\/div><\/div>\n<\/div>\n<\/div>\n<\/div>\n<\/div>\n\n\n\n<p class=\"gutenakitid-bfeb5b5c-3f56-4baa-baa5-71b3c98a07ab  has-text-align-center\">Wenn Sie sich \u00fcber firmeninterne Schulungen informieren m\u00f6chten, <a href=\"\/de\/contact\/\" title=\"\">klicken Sie hier<\/a>.<\/p>\n\n\n\n<hr class=\"wp-block-separator alignwide has-text-color has-pale-pink-color has-alpha-channel-opacity has-pale-pink-background-color has-background is-style-wide\"\/>\n\n\n\n<div class=\"wp-block-columns is-layout-flex wp-container-core-columns-is-layout-7466b548 wp-block-columns-is-layout-flex\" style=\"padding-top:var(--wp--preset--spacing--30);padding-right:var(--wp--preset--spacing--30);padding-bottom:var(--wp--preset--spacing--30);padding-left:var(--wp--preset--spacing--30)\">\n<div class=\"wp-block-column is-layout-flow wp-block-column-is-layout-flow\" style=\"flex-basis:100%\">\n<figure class=\"wp-block-image aligncenter size-large is-resized has-custom-border\"><img loading=\"lazy\" decoding=\"async\" src=\"\/wp-content\/uploads\/2023\/06\/Logo-sphere-1024x743.png\" alt=\"\" class=\"wp-image-998\" style=\"border-top-style:none;border-top-width:0px;border-bottom-style:none;border-bottom-width:0px\" width=\"110\" height=\"80\" srcset=\"https:\/\/oliverlehmann.com\/wp-content\/uploads\/2023\/06\/Logo-sphere-1024x743.png 1024w, https:\/\/oliverlehmann.com\/wp-content\/uploads\/2023\/06\/Logo-sphere-300x218.png 300w, https:\/\/oliverlehmann.com\/wp-content\/uploads\/2023\/06\/Logo-sphere-768x557.png 768w, https:\/\/oliverlehmann.com\/wp-content\/uploads\/2023\/06\/Logo-sphere.png 1059w\" sizes=\"auto, (max-width: 110px) 100vw, 110px\" \/><\/figure>\n<\/div>\n<\/div>\n\n\n\n<h3 class=\"wp-block-heading has-text-align-center\" id=\"internal\">Ein Brief an Ihren Arbeitgeber\/Vorgesetzten f\u00fcr interne Projekte<\/h3>\n\n\n\n<div class=\"wp-block-columns is-layout-flex wp-container-core-columns-is-layout-28f84493 wp-block-columns-is-layout-flex\">\n<div class=\"wp-block-column is-layout-flow wp-block-column-is-layout-flow\">\n<p>Hier finden Sie Unterst\u00fctzung bei der Beantragung eines Unternehmensprogramms zur Zertifizierung, das das Ansehen von Projektmanagern verbessert.<\/p>\n<\/div>\n\n\n\n<div class=\"wp-block-column is-layout-flow wp-block-column-is-layout-flow\" id=\"donottranslate\" data-no-auto-translation=\"\">\n<div class=\"wp-block-gutena-accordion gutena-accordion-block gutena-accordion-block-cd26fe-57 is-layout-flow wp-block-accordion-is-layout-flow\" data-single=\"true\">\n<div class=\"wp-block-gutena-accordion-panel gutena-accordion-block__panel\">\n<div class=\"wp-block-gutena-accordion-panel-title gutena-accordion-block__panel-title\"><div class=\"gutena-accordion-block__panel-title-inner\">\n<h6 class=\"wp-block-heading has-text-align-left\" style=\"margin-top:0px;margin-right:0px;margin-bottom:0px;margin-left:0px\"><img loading=\"lazy\" decoding=\"async\" width=\"50\" height=\"32\" class=\"wp-image-2023\" style=\"width: 50px;\" src=\"https:\/\/oliverlehmann.com\/wp-content\/uploads\/2023\/07\/image-43.png?ver=1689084042\" alt=\"\">Click to open<\/h6>\n<div class=\"trigger-up-down\"><div class=\"horizontal\"><\/div><div class=\"vertical\"><\/div><\/div><\/div><\/div>\n\n\n\n<div class=\"wp-block-gutena-accordion-panel-content gutena-accordion-block__panel-content\"><div class=\"gutena-accordion-block__panel-content-inner\">\n<p class=\"gutenakitid-d666f502-72f9-44cd-bb59-c26c49818159\" > Copy&nbsp;the text from the box,&nbsp;paste it under your letterhead or into an e-mail, make adjustments where you like, and send it off.<\/p>\n\n\n\n<iframe height = \"500\" width=\"100%\" background=\"#ffffff\" src=\"\/wp-content\/uploads\/PMP_letter_to_management_internal_projects-1.html\"><\/iframe>\n<\/div><\/div>\n<\/div>\n\n\n\n<div class=\"wp-block-gutena-accordion-panel gutena-accordion-block__panel\">\n<div class=\"wp-block-gutena-accordion-panel-title gutena-accordion-block__panel-title\"><div class=\"gutena-accordion-block__panel-title-inner\">\n<h6 class=\"wp-block-heading has-text-align-left\" style=\"margin-top:0px;margin-right:0px;margin-bottom:0px;margin-left:0px\"><img loading=\"lazy\" decoding=\"async\" width=\"50\" height=\"38\" class=\"wp-image-2073\" style=\"width: 50px;\" src=\"https:\/\/oliverlehmann.com\/wp-content\/uploads\/2023\/07\/De-badge.png\" alt=\"\">Zum \u00d6ffnen klicken<\/h6>\n<div class=\"trigger-up-down\"><div class=\"horizontal\"><\/div><div class=\"vertical\"><\/div><\/div><\/div><\/div>\n\n\n\n<div class=\"wp-block-gutena-accordion-panel-content gutena-accordion-block__panel-content\"><div class=\"gutena-accordion-block__panel-content-inner\">\n<p class=\"gutenakitid-d666f502-72f9-44cd-bb59-c26c49818159\" > Kopieren Sie den Text aus dem Kasten, f\u00fcgen Sie ihn unter Ihren Briefkopf oder in eine E-Mail ein, nehmen Sie die gew\u00fcnschten \u00c4nderungen vor und schicken Sie ihn ab.<\/p>\n\n\n\n<iframe height = \"500\" width=\"100%\" background=\"#ffffff\" src=\"\/wp-content\/uploads\/PMP_letter_to_management_internal_projects-de.html\"><\/iframe>\n<\/div><\/div>\n<\/div>\n<\/div>\n<\/div>\n<\/div>\n\n\n\n<p class=\"gutenakitid-bfeb5b5c-3f56-4baa-baa5-71b3c98a07ab  has-text-align-center\">Wenn Sie sich \u00fcber firmeninterne Schulungen informieren m\u00f6chten, <a href=\"\/de\/contact\/\" title=\"\">klicken Sie hier<\/a>.<\/p>\n\n\n\n<hr class=\"wp-block-separator alignwide has-text-color has-pale-pink-color has-alpha-channel-opacity has-pale-pink-background-color has-background is-style-wide\"\/>\n\n\n\n<div class=\"wp-block-columns is-layout-flex wp-container-core-columns-is-layout-7466b548 wp-block-columns-is-layout-flex\" style=\"padding-top:var(--wp--preset--spacing--30);padding-right:var(--wp--preset--spacing--30);padding-bottom:var(--wp--preset--spacing--30);padding-left:var(--wp--preset--spacing--30)\">\n<div class=\"wp-block-column is-layout-flow wp-block-column-is-layout-flow\" style=\"flex-basis:100%\">\n<figure class=\"wp-block-image aligncenter size-large is-resized has-custom-border\"><img loading=\"lazy\" decoding=\"async\" src=\"\/wp-content\/uploads\/2023\/06\/Logo-sphere-1024x743.png\" alt=\"\" class=\"wp-image-998\" style=\"border-top-style:none;border-top-width:0px;border-bottom-style:none;border-bottom-width:0px\" width=\"110\" height=\"80\" srcset=\"https:\/\/oliverlehmann.com\/wp-content\/uploads\/2023\/06\/Logo-sphere-1024x743.png 1024w, https:\/\/oliverlehmann.com\/wp-content\/uploads\/2023\/06\/Logo-sphere-300x218.png 300w, https:\/\/oliverlehmann.com\/wp-content\/uploads\/2023\/06\/Logo-sphere-768x557.png 768w, https:\/\/oliverlehmann.com\/wp-content\/uploads\/2023\/06\/Logo-sphere.png 1059w\" sizes=\"auto, (max-width: 110px) 100vw, 110px\" \/><\/figure>\n<\/div>\n<\/div>\n\n\n\n<h3 class=\"wp-block-heading has-text-align-center\" id=\"Letter_to_Employees\">Ein Brief an die Mitarbeiter f\u00fcr ein PMP-Programm<\/h3>\n\n\n\n<div class=\"wp-block-columns is-layout-flex wp-container-core-columns-is-layout-28f84493 wp-block-columns-is-layout-flex\">\n<div class=\"wp-block-column is-layout-flow wp-block-column-is-layout-flow\">\n<p>Hier finden Sie Unterst\u00fctzung f\u00fcr ein Vorgesetztenprogramm zur Zertifizierung von Mitarbeitern.<\/p>\n<\/div>\n\n\n\n<div class=\"wp-block-column is-layout-flow wp-block-column-is-layout-flow\" id=\"donottranslate\" data-no-auto-translation=\"\">\n<div class=\"wp-block-gutena-accordion gutena-accordion-block gutena-accordion-block-a754c5-bb is-layout-flow wp-block-accordion-is-layout-flow\" data-single=\"true\">\n<div class=\"wp-block-gutena-accordion-panel gutena-accordion-block__panel\">\n<div class=\"wp-block-gutena-accordion-panel-title gutena-accordion-block__panel-title\"><div class=\"gutena-accordion-block__panel-title-inner\">\n<h6 class=\"wp-block-heading has-text-align-left\" style=\"margin-top:0px;margin-right:0px;margin-bottom:0px;margin-left:0px\"><img loading=\"lazy\" decoding=\"async\" width=\"50\" height=\"32\" class=\"wp-image-2023\" style=\"width: 50px;\" src=\"https:\/\/oliverlehmann.com\/wp-content\/uploads\/2023\/07\/image-43.png?ver=1689084042\" alt=\"\">Click to open<\/h6>\n<div class=\"trigger-up-down\"><div class=\"horizontal\"><\/div><div class=\"vertical\"><\/div><\/div><\/div><\/div>\n\n\n\n<div class=\"wp-block-gutena-accordion-panel-content gutena-accordion-block__panel-content\"><div class=\"gutena-accordion-block__panel-content-inner\">\n<p class=\"gutenakitid-d666f502-72f9-44cd-bb59-c26c49818159\" > Copy&nbsp;the text from the box,&nbsp;paste it under your letterhead or into an e-mail, make adjustments where you like, and send it off.<\/p>\n\n\n\n<iframe height = \"500\" width=\"100%\" background=\"#ffffff\" src=\"\/wp-content\/uploads\/PMP_letter_to_employees-1.html\"><\/iframe>\n<\/div><\/div>\n<\/div>\n\n\n\n<div class=\"wp-block-gutena-accordion-panel gutena-accordion-block__panel\">\n<div class=\"wp-block-gutena-accordion-panel-title gutena-accordion-block__panel-title\"><div class=\"gutena-accordion-block__panel-title-inner\">\n<h6 class=\"wp-block-heading has-text-align-left\" style=\"margin-top:0px;margin-right:0px;margin-bottom:0px;margin-left:0px\"><img loading=\"lazy\" decoding=\"async\" width=\"50\" height=\"38\" class=\"wp-image-2073\" style=\"width: 50px;\" src=\"https:\/\/oliverlehmann.com\/wp-content\/uploads\/2023\/07\/De-badge.png\" alt=\"\">Zum \u00d6ffnen klicken<\/h6>\n<div class=\"trigger-up-down\"><div class=\"horizontal\"><\/div><div class=\"vertical\"><\/div><\/div><\/div><\/div>\n\n\n\n<div class=\"wp-block-gutena-accordion-panel-content gutena-accordion-block__panel-content\"><div class=\"gutena-accordion-block__panel-content-inner\">\n<p class=\"gutenakitid-d666f502-72f9-44cd-bb59-c26c49818159\" > Kopieren Sie den Text aus dem Kasten, f\u00fcgen Sie ihn unter Ihren Briefkopf oder in eine E-Mail ein, nehmen Sie die gew\u00fcnschten \u00c4nderungen vor und schicken Sie ihn ab.<\/p>\n\n\n\n<iframe height = \"500\" width=\"100%\" background=\"#ffffff\" src=\"\/wp-content\/uploads\/pmp_letter_to_employees-de.html\"><\/iframe>\n<\/div><\/div>\n<\/div>\n<\/div>\n<\/div>\n<\/div>\n\n\n\n<p class=\"gutenakitid-bfeb5b5c-3f56-4baa-baa5-71b3c98a07ab  has-text-align-center\">Wenn Sie sich \u00fcber firmeninterne Schulungen informieren m\u00f6chten, <a href=\"\/de\/contact\/\" title=\"\">klicken Sie hier<\/a>.<\/p>\n\n\n\n<hr class=\"wp-block-separator alignwide has-text-color has-pale-pink-color has-alpha-channel-opacity has-pale-pink-background-color has-background is-style-wide\"\/>\n\n\n\n<div class=\"wp-block-columns is-layout-flex wp-container-core-columns-is-layout-7466b548 wp-block-columns-is-layout-flex\" style=\"padding-top:var(--wp--preset--spacing--30);padding-right:var(--wp--preset--spacing--30);padding-bottom:var(--wp--preset--spacing--30);padding-left:var(--wp--preset--spacing--30)\">\n<div class=\"wp-block-column is-layout-flow wp-block-column-is-layout-flow\" style=\"flex-basis:100%\">\n<figure class=\"wp-block-image aligncenter size-large is-resized has-custom-border\"><img loading=\"lazy\" decoding=\"async\" src=\"\/wp-content\/uploads\/2023\/06\/Logo-sphere-1024x743.png\" alt=\"\" class=\"wp-image-998\" style=\"border-top-style:none;border-top-width:0px;border-bottom-style:none;border-bottom-width:0px\" width=\"110\" height=\"80\" srcset=\"https:\/\/oliverlehmann.com\/wp-content\/uploads\/2023\/06\/Logo-sphere-1024x743.png 1024w, https:\/\/oliverlehmann.com\/wp-content\/uploads\/2023\/06\/Logo-sphere-300x218.png 300w, https:\/\/oliverlehmann.com\/wp-content\/uploads\/2023\/06\/Logo-sphere-768x557.png 768w, https:\/\/oliverlehmann.com\/wp-content\/uploads\/2023\/06\/Logo-sphere.png 1059w\" sizes=\"auto, (max-width: 110px) 100vw, 110px\" \/><\/figure>\n<\/div>\n<\/div>\n\n\n\n<h3 class=\"wp-block-heading has-text-align-center\" id=\"Board_Proposal\">Managementvorschlag f\u00fcr eine unternehmensweite PMP-Initiative<\/h3>\n\n\n\n<div class=\"wp-block-columns is-layout-flex wp-container-core-columns-is-layout-28f84493 wp-block-columns-is-layout-flex\">\n<div class=\"wp-block-column is-layout-flow wp-block-column-is-layout-flow\">\n<p>Vorschlag einer Unternehmensinitiative zur Zertifizierung von Mitarbeitern und zur Erleichterung des Vertriebs von Produkten und Dienstleistungen als Anbieter im Projektgesch\u00e4ft.<\/p>\n<\/div>\n\n\n\n<div class=\"wp-block-column is-layout-flow wp-block-column-is-layout-flow\" id=\"donottranslate\" data-no-auto-translation=\"\">\n<div class=\"wp-block-gutena-accordion gutena-accordion-block gutena-accordion-block-9564bb-05 is-layout-flow wp-block-accordion-is-layout-flow\" data-single=\"true\">\n<div class=\"wp-block-gutena-accordion-panel gutena-accordion-block__panel\">\n<div class=\"wp-block-gutena-accordion-panel-title gutena-accordion-block__panel-title\"><div class=\"gutena-accordion-block__panel-title-inner\">\n<h6 class=\"wp-block-heading has-text-align-left\" style=\"margin-top:0px;margin-right:0px;margin-bottom:0px;margin-left:0px\"><img loading=\"lazy\" decoding=\"async\" width=\"50\" height=\"32\" class=\"wp-image-2023\" style=\"width: 50px;\" src=\"https:\/\/oliverlehmann.com\/wp-content\/uploads\/2023\/07\/image-43.png?ver=1689084042\" alt=\"\">Click to open<\/h6>\n<div class=\"trigger-up-down\"><div class=\"horizontal\"><\/div><div class=\"vertical\"><\/div><\/div><\/div><\/div>\n\n\n\n<div class=\"wp-block-gutena-accordion-panel-content gutena-accordion-block__panel-content\"><div class=\"gutena-accordion-block__panel-content-inner\">\n<p class=\"gutenakitid-d666f502-72f9-44cd-bb59-c26c49818159\" > Copy&nbsp;the text from the box,&nbsp;paste it under your letterhead or into an e-mail, make adjustments where you like, and send it off.<\/p>\n\n\n\n<iframe height=\"500\" width=\"100%\" src=\"\/wp-content\/uploads\/PMP_letter_internal_initiative-1.html\"><\/iframe>\n<\/div><\/div>\n<\/div>\n\n\n\n<div class=\"wp-block-gutena-accordion-panel gutena-accordion-block__panel\">\n<div class=\"wp-block-gutena-accordion-panel-title gutena-accordion-block__panel-title\"><div class=\"gutena-accordion-block__panel-title-inner\">\n<h6 class=\"wp-block-heading has-text-align-left\" style=\"margin-top:0px;margin-right:0px;margin-bottom:0px;margin-left:0px\"><img loading=\"lazy\" decoding=\"async\" width=\"50\" height=\"38\" class=\"wp-image-2073\" style=\"width: 50px;\" src=\"https:\/\/oliverlehmann.com\/wp-content\/uploads\/2023\/07\/De-badge.png\" alt=\"\">Zum \u00d6ffnen klicken<\/h6>\n<div class=\"trigger-up-down\"><div class=\"horizontal\"><\/div><div class=\"vertical\"><\/div><\/div><\/div><\/div>\n\n\n\n<div class=\"wp-block-gutena-accordion-panel-content gutena-accordion-block__panel-content\"><div class=\"gutena-accordion-block__panel-content-inner\">\n<p class=\"gutenakitid-d666f502-72f9-44cd-bb59-c26c49818159\" > Kopieren Sie den Text aus dem Kasten, f\u00fcgen Sie ihn unter Ihren Briefkopf oder in eine E-Mail ein, nehmen Sie die gew\u00fcnschten \u00c4nderungen vor und schicken Sie ihn ab.<\/p>\n\n\n\n<iframe height=\"500\" width=\"100%\" src=\"\/wp-content\/uploads\/PMP_letter_internal_initiative-de-1.html\"><\/iframe>\n<\/div><\/div>\n<\/div>\n<\/div>\n<\/div>\n<\/div>\n\n\n\n<p class=\"gutenakitid-bfeb5b5c-3f56-4baa-baa5-71b3c98a07ab  has-text-align-center\">Wenn Sie sich \u00fcber firmeninterne Schulungen informieren m\u00f6chten, <a href=\"\/de\/contact\/\" title=\"\">klicken Sie hier<\/a>.<\/p>","protected":false},"excerpt":{"rendered":"<p>Auf dieser Seite: Ein Brief an den Supervisor Project Business | Ein Brief an den Vorgesetzten f\u00fcr interne Projekte | Ein Brief an die Mitarbeiter | Vorlagen f\u00fcr Managementvorschlagsschreiben f\u00fcr ein vom Unternehmen gesponsertes Qualifizierungs- und Zertifizierungsprogramm. Ein Brief an Ihren Arbeitgeber\/Vorgesetzten in einer Auftragnehmerorganisation. Hier finden Sie Unterst\u00fctzung bei der Beantragung eines Unternehmensprogramms zur Zertifizierung, damit es [\u2026]<\/p>","protected":false},"author":1,"featured_media":2540,"parent":754,"menu_order":4,"comment_status":"closed","ping_status":"closed","template":"","meta":{"footnotes":""},"class_list":["post-922","page","type-page","status-publish","has-post-thumbnail","hentry"],"aioseo_notices":[],"_links":{"self":[{"href":"https:\/\/oliverlehmann.com\/de\/wp-json\/wp\/v2\/pages\/922","targetHints":{"allow":["GET"]}}],"collection":[{"href":"https:\/\/oliverlehmann.com\/de\/wp-json\/wp\/v2\/pages"}],"about":[{"href":"https:\/\/oliverlehmann.com\/de\/wp-json\/wp\/v2\/types\/page"}],"author":[{"embeddable":true,"href":"https:\/\/oliverlehmann.com\/de\/wp-json\/wp\/v2\/users\/1"}],"replies":[{"embeddable":true,"href":"https:\/\/oliverlehmann.com\/de\/wp-json\/wp\/v2\/comments?post=922"}],"version-history":[{"count":36,"href":"https:\/\/oliverlehmann.com\/de\/wp-json\/wp\/v2\/pages\/922\/revisions"}],"predecessor-version":[{"id":3241,"href":"https:\/\/oliverlehmann.com\/de\/wp-json\/wp\/v2\/pages\/922\/revisions\/3241"}],"up":[{"embeddable":true,"href":"https:\/\/oliverlehmann.com\/de\/wp-json\/wp\/v2\/pages\/754"}],"wp:featuredmedia":[{"embeddable":true,"href":"https:\/\/oliverlehmann.com\/de\/wp-json\/wp\/v2\/media\/2540"}],"wp:attachment":[{"href":"https:\/\/oliverlehmann.com\/de\/wp-json\/wp\/v2\/media?parent=922"}],"curies":[{"name":"wp","href":"https:\/\/api.w.org\/{rel}","templated":true}]}}