{"id":30,"date":"2023-05-16T08:03:57","date_gmt":"2023-05-16T08:03:57","guid":{"rendered":"https:\/\/oliverlehmann.com\/?p=30"},"modified":"2026-04-29T10:29:49","modified_gmt":"2026-04-29T08:29:49","slug":"pbp-cert","status":"publish","type":"product","link":"https:\/\/oliverlehmann.com\/de\/produkt\/pbp-cert\/","title":{"rendered":"PBP-Qualifikation Live"},"content":{"rendered":"<p data-start=\"151\" data-end=\"568\">Die Zertifizierung zum Project Business Professional (PBP) ist ein intensives und zielgerichtetes Trainingsprogramm f\u00fcr Fachkr\u00e4fte, die unternehmens\u00fcbergreifende Projekte im Rahmen von Vertr\u00e4gen leiten. In vier kompakten, aber anspruchsvollen 3,5-st\u00fcndigen Einheiten erwerben die Teilnehmenden praxisnahe Kenntnisse in den rechtlichen, kaufm\u00e4nnischen und F\u00fchrungsaspekten des Projektmanagements. Der Kurs schlie\u00dft mit einer Zertifizierungspr\u00fcfung ab, die auf realen Fallbeispielen basiert.<\/p>\n<p data-start=\"570\" data-end=\"790\">Erfolgreiche Kandidaten erhalten die <strong data-start=\"601\" data-end=\"620\">PBP-Zertifikat<\/strong> von <strong data-start=\"630\" data-end=\"661\">Project Business Foundation<\/strong>und demonstrierten damit ihre Bereitschaft, Kundenprojekte nicht nur als Projektmanager, sondern auch als <strong data-start=\"758\" data-end=\"789\">echte Gesch\u00e4ftsleute<\/strong>.<\/p>\n<p data-start=\"792\" data-end=\"893\">Das Seminarpaket beinhaltet wichtige Literatur zur Unterst\u00fctzung des Lernens und der praktischen Anwendung:<\/p>\n<ul data-start=\"895\" data-end=\"1123\">\n<li data-start=\"895\" data-end=\"971\">\n<p data-start=\"897\" data-end=\"971\"><strong data-start=\"897\" data-end=\"920\">Das Seminarhandbuch<br \/>\n<\/strong>\u2013 Ein kompakter Begleiter w\u00e4hrend der Unterrichtsstunden.<\/p>\n<\/li>\n<li data-start=\"972\" data-end=\"1123\">\n<p data-start=\"974\" data-end=\"1123\"><strong data-start=\"974\" data-end=\"1009\">Das Projekt-Business-Kompendium<br \/>\n<\/strong>\u2013 Ein Nachschlagewerk voller praktischem Wissen, um die F\u00e4higkeiten auch nach der Qualifizierung weiter anzuwenden und zu vertiefen.<\/p>\n<\/li>\n<\/ul>\n<p>Details zur Zertifizierung: <a href=\"https:\/\/project-business.org\/certification\/pbp-certification\" target=\"_blank\" rel=\"noopener\">https:\/\/project-business.org\/certification\/pbp-certification<\/a><\/p>\n<p><img loading=\"lazy\" decoding=\"async\" class=\"aligncenter size-medium\" src=\"https:\/\/oliverlehmann.com\/wp-content\/uploads\/image-90-300x284.png\" alt=\"PBP Logo\" width=\"300\" height=\"284\" \/><\/p>","protected":false},"excerpt":{"rendered":"<p>Qualifiziert und zertifiziert:<\/p>\n<ul>\n<li><strong>Kundenseitig<br \/>\n<\/strong>Fachleute, die Netzwerke von Auftragnehmern orchestrieren<\/li>\n<li><strong>Auftragnehmerseitig<br \/>\n<\/strong>Fachleute, die den Gesch\u00e4ftserfolg in Projekten f\u00fcr zahlende Kunden sicherstellen<\/li>\n<\/ul>\n<p>Beinhaltet:<\/p>\n<ul>\n<li><strong data-start=\"4\" data-end=\"63\">Projekt-Business-Professional (PBP) <\/strong>Training<\/li>\n<li><strong data-start=\"412\" data-end=\"431\">PBP-Zertifizierung <\/strong>durch die Project Business Foundation<\/li>\n<\/ul>\n<p>Unterst\u00fctzende Literatur beinhaltet:<\/p>\n<ul>\n<li><strong>Seminarunterlagen\u00a0<\/strong><br \/>\nAls digitaler Seminarbegleiter<\/li>\n<li><strong>Projekt-Business-Kompendium\u00a0<\/strong><br \/>\nEin digitales Handbuch; geballtes Wissen, um die erworbenen F\u00e4higkeiten nach der Qualifizierung anzuwenden<\/li>\n<\/ul>\n<p>Details zur Zertifizierung: <a href=\"https:\/\/project-business.org\/certification\/pbp-certification\" target=\"_blank\" rel=\"noopener\">https:\/\/project-business.org\/certification\/pbp-certification.<\/a><\/p>","protected":false},"featured_media":6358,"comment_status":"open","ping_status":"closed","template":"","meta":[],"product_brand":[],"product_cat":[46],"product_tag":[],"class_list":{"0":"post-30","1":"product","2":"type-product","3":"status-publish","4":"has-post-thumbnail","6":"product_cat-qualification","8":"first","9":"instock","10":"taxable","11":"shipping-taxable","12":"purchasable","13":"product-type-variable"},"aioseo_notices":[],"_links":{"self":[{"href":"https:\/\/oliverlehmann.com\/de\/wp-json\/wp\/v2\/product\/30","targetHints":{"allow":["GET"]}}],"collection":[{"href":"https:\/\/oliverlehmann.com\/de\/wp-json\/wp\/v2\/product"}],"about":[{"href":"https:\/\/oliverlehmann.com\/de\/wp-json\/wp\/v2\/types\/product"}],"replies":[{"embeddable":true,"href":"https:\/\/oliverlehmann.com\/de\/wp-json\/wp\/v2\/comments?post=30"}],"wp:featuredmedia":[{"embeddable":true,"href":"https:\/\/oliverlehmann.com\/de\/wp-json\/wp\/v2\/media\/6358"}],"wp:attachment":[{"href":"https:\/\/oliverlehmann.com\/de\/wp-json\/wp\/v2\/media?parent=30"}],"wp:term":[{"taxonomy":"product_brand","embeddable":true,"href":"https:\/\/oliverlehmann.com\/de\/wp-json\/wp\/v2\/product_brand?post=30"},{"taxonomy":"product_cat","embeddable":true,"href":"https:\/\/oliverlehmann.com\/de\/wp-json\/wp\/v2\/product_cat?post=30"},{"taxonomy":"product_tag","embeddable":true,"href":"https:\/\/oliverlehmann.com\/de\/wp-json\/wp\/v2\/product_tag?post=30"}],"curies":[{"name":"wp","href":"https:\/\/api.w.org\/{rel}","templated":true}]}}