{"id":5142,"date":"2025-07-04T08:22:25","date_gmt":"2025-07-04T07:22:25","guid":{"rendered":"https:\/\/oliverlehmann.com\/?post_type=product&#038;p=5142"},"modified":"2025-11-29T11:02:46","modified_gmt":"2025-11-29T10:02:46","slug":"pbp-cert-corporate","status":"publish","type":"product","link":"https:\/\/oliverlehmann.com\/de\/produkt\/pbp-cert-corporate\/","title":{"rendered":"PBP-Qualifizierung (vom Unternehmen durchgef\u00fchrt)"},"content":{"rendered":"<p data-start=\"151\" data-end=\"568\"><strong>Dieses Angebot erm\u00f6glicht es Organisationen, einen Firmenkurs f\u00fcr ihre Mitarbeiter und andere verbundene Personen zu organisieren. <\/strong>Die Seminare k\u00f6nnen vor Ort oder virtuell durchgef\u00fchrt werden.<\/p>\n<p data-start=\"151\" data-end=\"568\">Der Qualifizierungskurs zum Project Business Professional (PBP) ist ein intensives und zielgerichtetes Trainingsprogramm f\u00fcr Fachkr\u00e4fte, die unternehmens\u00fcbergreifende Projekte im Rahmen von Vertr\u00e4gen leiten. In vier kompakten, aber anspruchsvollen 3,5-st\u00fcndigen Einheiten erwerben die Teilnehmenden praxisnahe Kenntnisse in den rechtlichen, kaufm\u00e4nnischen und F\u00fchrungsaspekten des Projektmanagements. Der Kurs schlie\u00dft mit einer Zertifizierungspr\u00fcfung ab, die auf realen Fallbeispielen basiert.<\/p>\n<p data-start=\"570\" data-end=\"790\">Erfolgreiche Kandidaten erhalten die <strong data-start=\"601\" data-end=\"620\">PBP-Zertifikat<\/strong> von <strong data-start=\"630\" data-end=\"661\">Project Business Foundation<\/strong>und demonstrierten damit ihre Bereitschaft, Kundenprojekte nicht nur als Projektmanager, sondern auch als <strong data-start=\"758\" data-end=\"789\">echte Gesch\u00e4ftsleute<\/strong>.<\/p>\n<p data-start=\"792\" data-end=\"893\">Das Seminarpaket beinhaltet wichtige Literatur zur Unterst\u00fctzung des Lernens und der praktischen Anwendung:<\/p>\n<ul data-start=\"895\" data-end=\"1123\">\n<li data-start=\"895\" data-end=\"971\">\n<p data-start=\"897\" data-end=\"971\"><strong data-start=\"897\" data-end=\"920\">Das Seminarhandbuch<\/strong><br \/>\n\u2013 Ein kompakter Begleiter w\u00e4hrend der Unterrichtsstunden.<\/p>\n<\/li>\n<li data-start=\"972\" data-end=\"1123\">\n<p data-start=\"974\" data-end=\"1123\"><strong data-start=\"974\" data-end=\"1009\">Das Projekt-Business-Kompendium<\/strong><br \/>\n\u2013 Ein Nachschlagewerk voller praktischem Wissen, um die F\u00e4higkeiten auch nach der Qualifizierung weiter anzuwenden und zu vertiefen.<\/p>\n<\/li>\n<\/ul>\n<p>Details zur Zertifizierung: <a href=\"https:\/\/project-business.org\/certification\/pbp-certification\" target=\"_blank\" rel=\"noopener\">https:\/\/project-business.org\/certification\/pbp-certification<\/a><\/p>\n<p>&nbsp;<\/p>\n<p><img loading=\"lazy\" decoding=\"async\" class=\"aligncenter size-medium\" src=\"https:\/\/oliverlehmann.com\/wp-content\/uploads\/image-90-300x284.png\" alt=\"PBP Logo\" width=\"300\" height=\"284\" \/><\/p>\n<p>Bemerkung:<\/p>\n<ul>\n<li>F\u00fcr eine Firmenqualifizierung w\u00e4hlen Sie bitte die Online- oder Pr\u00e4senzversion. Eine Schulungseinheit sollte 3 bis 20 Teilnehmer umfassen. Bei gr\u00f6\u00dferen Gruppen w\u00e4hlen Sie bitte die entsprechenden Einheiten aus. Gemeinsam finden wir dann den passenden Termin f\u00fcr Sie. <a href=\"https:\/\/oliverlehmann.com\/de\/trainer\/availability\/\">Verf\u00fcgbarkeitsplan<\/a>.<\/li>\n<li>Bei Pr\u00e4senzveranstaltungen au\u00dferhalb des Gro\u00dfraums M\u00fcnchen k\u00f6nnen die Hotel- und Reisekosten erstattet werden.<\/li>\n<li>F\u00fcr Kunden innerhalb Deutschlands\/der EU wird die Umsatzsteuer auf der Rechnung separat ausgewiesen. F\u00fcr Gesch\u00e4ftskunden in der EU gilt das Reverse-Charge-Verfahren.<\/li>\n<\/ul>","protected":false},"excerpt":{"rendered":"<p><strong>Dieses Angebot erm\u00f6glicht es Organisationen, einen Firmenkurs f\u00fcr ihre Mitarbeiter und andere verbundene Personen zu organisieren. <\/strong>Die Seminare k\u00f6nnen vor Ort oder virtuell durchgef\u00fchrt werden.<\/p>\n<p>F\u00fcr eine Firmenqualifizierung w\u00e4hlen Sie bitte die Online- oder Pr\u00e4senzversion. Eine Schulungseinheit sollte 3 bis 20 Teilnehmer umfassen. Bei gr\u00f6\u00dferen Gruppen w\u00e4hlen Sie bitte die entsprechenden Einheiten aus. Gemeinsam finden wir dann den passenden Termin f\u00fcr Sie. <a href=\"https:\/\/oliverlehmann.com\/de\/trainer\/availability\/\">Verf\u00fcgbarkeitsplan<\/a>.<\/p>\n<p>Bei Pr\u00e4senzveranstaltungen au\u00dferhalb des Gro\u00dfraums M\u00fcnchen k\u00f6nnen die Hotel- und Reisekosten erstattet werden.<\/p>\n<p>F\u00fcr Kunden innerhalb Deutschlands\/der EU wird die Umsatzsteuer auf der Rechnung separat ausgewiesen. F\u00fcr Gesch\u00e4ftskunden in der EU gilt das Reverse-Charge-Verfahren.<\/p>\n<p>Das Seminar umfasst:<\/p>\n<ul>\n<li><strong data-start=\"4\" data-end=\"63\">Projekt-Business-Professional (PBP) <\/strong>Training<\/li>\n<li><strong data-start=\"412\" data-end=\"431\">PBP-Zertifizierung <\/strong>durch die Project Business Foundation<\/li>\n<\/ul>\n<p>Unterst\u00fctzende Literatur beinhaltet:<\/p>\n<ul>\n<li><strong>Seminarunterlagen\u00a0<\/strong><br \/>\nAls digitaler Seminarbegleiter<\/li>\n<li><strong>Projekt-Business-Kompendium<\/strong><br \/>\nEin digitales Handbuch, voller Wissen, um die erworbenen F\u00e4higkeiten nach der Qualifikation anzuwenden<\/li>\n<\/ul>\n<p>Details zur Zertifizierung: <a href=\"https:\/\/project-business.org\/certification\/pbp-certification\" target=\"_blank\" rel=\"noopener\">https:\/\/project-business.org\/certification\/pbp-certification<\/a><\/p>\n<p>&nbsp;<\/p>","protected":false},"featured_media":5439,"comment_status":"closed","ping_status":"closed","template":"","meta":[],"product_brand":[],"product_cat":[47],"product_tag":[],"class_list":{"0":"post-5142","1":"product","2":"type-product","3":"status-publish","4":"has-post-thumbnail","6":"product_cat-corp_qualification","8":"first","9":"instock","10":"taxable","11":"shipping-taxable","12":"purchasable","13":"product-type-variable"},"aioseo_notices":[],"_links":{"self":[{"href":"https:\/\/oliverlehmann.com\/de\/wp-json\/wp\/v2\/product\/5142","targetHints":{"allow":["GET"]}}],"collection":[{"href":"https:\/\/oliverlehmann.com\/de\/wp-json\/wp\/v2\/product"}],"about":[{"href":"https:\/\/oliverlehmann.com\/de\/wp-json\/wp\/v2\/types\/product"}],"replies":[{"embeddable":true,"href":"https:\/\/oliverlehmann.com\/de\/wp-json\/wp\/v2\/comments?post=5142"}],"wp:featuredmedia":[{"embeddable":true,"href":"https:\/\/oliverlehmann.com\/de\/wp-json\/wp\/v2\/media\/5439"}],"wp:attachment":[{"href":"https:\/\/oliverlehmann.com\/de\/wp-json\/wp\/v2\/media?parent=5142"}],"wp:term":[{"taxonomy":"product_brand","embeddable":true,"href":"https:\/\/oliverlehmann.com\/de\/wp-json\/wp\/v2\/product_brand?post=5142"},{"taxonomy":"product_cat","embeddable":true,"href":"https:\/\/oliverlehmann.com\/de\/wp-json\/wp\/v2\/product_cat?post=5142"},{"taxonomy":"product_tag","embeddable":true,"href":"https:\/\/oliverlehmann.com\/de\/wp-json\/wp\/v2\/product_tag?post=5142"}],"curies":[{"name":"wp","href":"https:\/\/api.w.org\/{rel}","templated":true}]}}