{"id":5164,"date":"2025-07-04T10:58:13","date_gmt":"2025-07-04T09:58:13","guid":{"rendered":"https:\/\/oliverlehmann.com\/?post_type=product&#038;p=5164"},"modified":"2025-08-12T11:56:49","modified_gmt":"2025-08-12T10:56:49","slug":"ace-qualification","status":"publish","type":"product","link":"https:\/\/oliverlehmann.com\/de\/produkt\/ace-qualification\/","title":{"rendered":"ACE-Qualifikation"},"content":{"rendered":"<p>Die <strong data-start=\"4\" data-end=\"63\">Zugelassener Berater und Ausbilder (ACE) f\u00fcr Projekt-Business-Management <\/strong>ist ein betreutes Selbstlernprogramm f\u00fcr Experten im Management unternehmens\u00fcbergreifender Projekte im Rahmen von Vertr\u00e4gen. Es besteht aus drei Einreichungen, in denen die Kandidaten ihr Verst\u00e4ndnis und ihr aktives Interesse am Thema Projektmanagement nachweisen. Das Programm endet mit der dritten Einreichung und der Verleihung des ACE-Zertifikats durch die [Organisation einf\u00fcgen]. <a href=\"https:\/\/project-business.org\/certification\/ace-certification\/\" target=\"_blank\" rel=\"noopener\">Project Business Foundation<\/a>.<\/p>\n<p>Einsendungen k\u00f6nnen Folgendes umfassen:<\/p>\n<ul>\n<li>Artikel<\/li>\n<li>Videos<\/li>\n<li>Pr\u00e4sentationen<\/li>\n<li>Interviews<\/li>\n<li>\u2026oder andere Medien, wie in der <a href=\"https:\/\/project-business.org\/wp-content\/PDFs\/ACE_Handbook.pdf\" target=\"_blank\" rel=\"noopener\">ACE-Handbuch<\/a><\/li>\n<\/ul>\n<p>Erfolgreiche Kandidaten erhalten die <strong data-start=\"412\" data-end=\"431\">ACE-Zertifikat<\/strong> von der Project Business Foundation, die ihre F\u00e4higkeit unter Beweis stellt, Praktiker und Organisationen zu beraten und weiterzubilden, die Kundenprojekte managen oder Projektarbeiten an Netzwerke von Auftragnehmern auslagern.<\/p>\n<p>Literatur:<\/p>\n<ul>\n<li><strong>Das Projekt-Business-Kompendium\u00a0<\/strong><br \/>\nVollgepackt mit Wissen, um die erlernten F\u00e4higkeiten nach der Qualifikation anzuwenden<br \/>\nKostenlos zum Download verf\u00fcgbar<\/li>\n<li><strong>Management von Projektgesch\u00e4ft<\/strong><br \/>\nDas bahnbrechende Buch von Oliver F. Lehmann<br \/>\nIn Buchhandlungen bestellbar, z. B. bei <a href=\"https:\/\/www.amazon.com\/dp\/0367522071\">Amazon.com<\/a><br \/>\nISBN: 978-0367522070<\/li>\n<\/ul>\n<p><img loading=\"lazy\" decoding=\"async\" class=\"alignnone size-medium wp-image-4841 aligncenter\" src=\"https:\/\/oliverlehmann.com\/wp-content\/uploads\/image-91-300x284.png\" alt=\"\" width=\"300\" height=\"284\" srcset=\"https:\/\/oliverlehmann.com\/wp-content\/uploads\/image-91-300x284.png 300w, https:\/\/oliverlehmann.com\/wp-content\/uploads\/image-91-768x727.png 768w, https:\/\/oliverlehmann.com\/wp-content\/uploads\/image-91-13x12.png 13w, https:\/\/oliverlehmann.com\/wp-content\/uploads\/image-91.png 853w\" sizes=\"auto, (max-width: 300px) 100vw, 300px\" \/><\/p>","protected":false},"excerpt":{"rendered":"<p>Die <strong data-start=\"4\" data-end=\"63\">Zugelassener Berater und Ausbilder (ACE) f\u00fcr Projekt-Business-Management <\/strong>ist ein betreutes Selbstlernprogramm f\u00fcr Experten im Management unternehmens\u00fcbergreifender Projekte im Rahmen von Vertr\u00e4gen. Es besteht aus drei Einreichungen, in denen die Kandidaten ihr Verst\u00e4ndnis und ihr aktives Interesse am Thema Projektmanagement nachweisen. Das Programm endet mit der dritten Einreichung und der Verleihung des ACE-Zertifikats durch die [Organisation einf\u00fcgen]. <a href=\"https:\/\/project-business.org\/certification\/ace-certification\/\" target=\"_blank\" rel=\"noopener\">Project Business Foundation<\/a>.<\/p>\n<p>Einsendungen k\u00f6nnen Folgendes umfassen:<\/p>\n<ul>\n<li>Artikel<\/li>\n<li>Videos<\/li>\n<li>Pr\u00e4sentationen<\/li>\n<li>Interviews<\/li>\n<li>\u2026oder andere Medien, wie in der <a href=\"https:\/\/project-business.org\/wp-content\/PDFs\/ACE_Handbook.pdf\" target=\"_blank\" rel=\"noopener\">ACE-Handbuch<\/a><\/li>\n<\/ul>\n<p>Erfolgreiche Kandidaten erhalten die <strong data-start=\"412\" data-end=\"431\">ACE-Zertifikat<\/strong> von der Project Business Foundation, die ihre F\u00e4higkeit unter Beweis stellt, Praktiker und Organisationen zu beraten und weiterzubilden, die Kundenprojekte managen oder Projektarbeiten an Netzwerke von Auftragnehmern auslagern.<\/p>","protected":false},"featured_media":5178,"comment_status":"open","ping_status":"closed","template":"","meta":[],"product_brand":[],"product_cat":[46],"product_tag":[],"class_list":{"0":"post-5164","1":"product","2":"type-product","3":"status-publish","4":"has-post-thumbnail","6":"product_cat-qualification","8":"first","9":"instock","10":"virtual","11":"taxable","12":"purchasable","13":"product-type-simple"},"aioseo_notices":[],"_links":{"self":[{"href":"https:\/\/oliverlehmann.com\/de\/wp-json\/wp\/v2\/product\/5164","targetHints":{"allow":["GET"]}}],"collection":[{"href":"https:\/\/oliverlehmann.com\/de\/wp-json\/wp\/v2\/product"}],"about":[{"href":"https:\/\/oliverlehmann.com\/de\/wp-json\/wp\/v2\/types\/product"}],"replies":[{"embeddable":true,"href":"https:\/\/oliverlehmann.com\/de\/wp-json\/wp\/v2\/comments?post=5164"}],"wp:featuredmedia":[{"embeddable":true,"href":"https:\/\/oliverlehmann.com\/de\/wp-json\/wp\/v2\/media\/5178"}],"wp:attachment":[{"href":"https:\/\/oliverlehmann.com\/de\/wp-json\/wp\/v2\/media?parent=5164"}],"wp:term":[{"taxonomy":"product_brand","embeddable":true,"href":"https:\/\/oliverlehmann.com\/de\/wp-json\/wp\/v2\/product_brand?post=5164"},{"taxonomy":"product_cat","embeddable":true,"href":"https:\/\/oliverlehmann.com\/de\/wp-json\/wp\/v2\/product_cat?post=5164"},{"taxonomy":"product_tag","embeddable":true,"href":"https:\/\/oliverlehmann.com\/de\/wp-json\/wp\/v2\/product_tag?post=5164"}],"curies":[{"name":"wp","href":"https:\/\/api.w.org\/{rel}","templated":true}]}}