{"id":5207,"date":"2025-07-07T12:19:46","date_gmt":"2025-07-07T11:19:46","guid":{"rendered":"https:\/\/oliverlehmann.com\/?post_type=product&#038;p=5207"},"modified":"2026-02-19T18:04:24","modified_gmt":"2026-02-19T17:04:24","slug":"pmp-qualification-live-corporate-class","status":"publish","type":"product","link":"https:\/\/oliverlehmann.com\/de\/produkt\/pmp-qualification-live-corporate-class\/","title":{"rendered":"PMP-Qualifizierung (vom Unternehmen durchgef\u00fchrt)"},"content":{"rendered":"<p>Das Unternehmen <strong data-start=\"4\" data-end=\"63\">Vorbereitungskurs f\u00fcr den Project Management Professional (PMP)<\/strong> ist ein intensives und zielgerichtetes Trainingsprogramm f\u00fcr Fachkr\u00e4fte mit mindestens 3 bis 5 Jahren Erfahrung* im Projektmanagement. In f\u00fcnf intensiven 7-Stunden-Sitzungen erwerben die Teilnehmer fundierte Kenntnisse im Projektmanagement, einschlie\u00dflich praktischer F\u00e4higkeiten in Projektmanagementmethoden wie:<\/p>\n<ul>\n<li>Traditionelle Methoden\n<ul>\n<li>&quot;Wasserfall&quot;<\/li>\n<li>\u201eRollende Welle\u201c<\/li>\n<\/ul>\n<\/li>\n<li>Agile Methoden<\/li>\n<li>Hybridans\u00e4tze, die die oben genannten Methoden kombinieren<\/li>\n<\/ul>\n<p>Unternehmen, die Projekte als Auftragnehmer f\u00fcr zahlende Kunden durchf\u00fchren, profitieren davon, leichter neue Auftr\u00e4ge zu gewinnen. Der Trainer wird diesen praktischen Aspekt des erworbenen Wissens besonders hervorheben.<\/p>\n<p>Der Kurs schlie\u00dft mit einer Teilnahmebescheinigung ab, die den Teilnehmern als Nachweis gegen\u00fcber PMI dient, dass sie \u201e35 Stunden Weiterbildung\u201c absolviert haben \u2013 eine Voraussetzung f\u00fcr die Pr\u00fcfungszulassung. Die Pr\u00fcfung wird von PMI durchgef\u00fchrt und separat in Rechnung gestellt.<\/p>\n<p>Wir empfehlen Studenten dringend, dem PMI (Project Management Institute) zumindest f\u00fcr das Jahr, in dem sie auf die Zertifizierung hinarbeiten, als Mitglied beizutreten.<\/p>\n<p>Erfolgreiche Kandidaten erhalten die <strong data-start=\"412\" data-end=\"431\">PMP-Zertifikat<\/strong> von PMI, was ihre F\u00e4higkeit beweist, Kundenprojekte als echte Projektprofis zu managen.<\/p>\n<h3>Seminarliteratur<\/h3>\n<h4><strong>Das Seminarhandbuch<\/strong><\/h4>\n<p><img loading=\"lazy\" decoding=\"async\" class=\"alignnone size-medium wp-image-5346 aligncenter\" src=\"https:\/\/oliverlehmann.com\/wp-content\/uploads\/PMP-Handout-title-212x300.jpg\" alt=\"\" width=\"212\" height=\"300\" srcset=\"https:\/\/oliverlehmann.com\/wp-content\/uploads\/PMP-Handout-title-212x300.jpg 212w, https:\/\/oliverlehmann.com\/wp-content\/uploads\/PMP-Handout-title-725x1024.jpg 725w, https:\/\/oliverlehmann.com\/wp-content\/uploads\/PMP-Handout-title-768x1085.jpg 768w, https:\/\/oliverlehmann.com\/wp-content\/uploads\/PMP-Handout-title-8x12.jpg 8w, https:\/\/oliverlehmann.com\/wp-content\/uploads\/PMP-Handout-title-600x847.jpg 600w, https:\/\/oliverlehmann.com\/wp-content\/uploads\/PMP-Handout-title.jpg 912w\" sizes=\"auto, (max-width: 212px) 100vw, 212px\" \/><\/p>\n<ul>\n<li>436 Seiten<\/li>\n<li>Wurde von den Teilnehmern w\u00e4hrend des Seminars verwendet.<\/li>\n<li>Enth\u00e4lt 180 \u00dcbungsfragen.<\/li>\n<\/ul>\n<h4><strong>Das PMP-Studienbuch<\/strong><\/h4>\n<p><img loading=\"lazy\" decoding=\"async\" class=\"alignnone size-medium wp-image-5347 aligncenter\" src=\"https:\/\/oliverlehmann.com\/wp-content\/uploads\/PMP-Study-Workbook-211x300.jpg\" alt=\"\" width=\"211\" height=\"300\" srcset=\"https:\/\/oliverlehmann.com\/wp-content\/uploads\/PMP-Study-Workbook-211x300.jpg 211w, https:\/\/oliverlehmann.com\/wp-content\/uploads\/PMP-Study-Workbook-720x1024.jpg 720w, https:\/\/oliverlehmann.com\/wp-content\/uploads\/PMP-Study-Workbook-768x1092.jpg 768w, https:\/\/oliverlehmann.com\/wp-content\/uploads\/PMP-Study-Workbook-8x12.jpg 8w, https:\/\/oliverlehmann.com\/wp-content\/uploads\/PMP-Study-Workbook-600x853.jpg 600w, https:\/\/oliverlehmann.com\/wp-content\/uploads\/PMP-Study-Workbook.jpg 907w\" sizes=\"auto, (max-width: 211px) 100vw, 211px\" \/><\/p>\n<ul>\n<li>462 Seiten<\/li>\n<li>Vollgepackt mit Wissen, um die erlernten F\u00e4higkeiten nach dem Abschluss anzuwenden.<\/li>\n<li>Dadurch entf\u00e4llt das Lesen von drei B\u00fcchern, wodurch die Vorbereitung und Qualifizierung besser mit dem vollen Terminkalender eines modernen Projektmanagers vereinbar sind.<\/li>\n<li>Enth\u00e4lt 180 zus\u00e4tzliche \u00dcbungsfragen.<\/li>\n<\/ul>\n<h4><strong>Der PM PrepCast Online-Simulator<\/strong><\/h4>\n<p><img loading=\"lazy\" decoding=\"async\" class=\"aligncenter\" src=\"https:\/\/www.project-management-prepcast.com\/images\/product-page\/pmp\/PMP_Exam_Simulator_Realistics_Questions.png\" alt=\"Screenshot from the PM Prepcast simulator\" width=\"322\" height=\"270\" \/><\/p>\n<ul>\n<li>\u00dcber 2.000 \u00dcbungsfragen<\/li>\n<li>Hilft dabei, Routine und Geschwindigkeit zu entwickeln.<\/li>\n<li>Wird von Lernenden genutzt, um Wissensl\u00fccken zu erkennen und zu schlie\u00dfen.<\/li>\n<\/ul>\n<h3>Seminarinhalte und Agenda<\/h3>\n<p style=\"padding-left: 40px;\"><strong>1. Einf\u00fchrung<\/strong><\/p>\n<p style=\"padding-left: 80px;\">\u2013 PMP \u2013 die Grundlagen<br \/>\n\u2013 Was ist der PMI?<br \/>\n\u2013 Der Vorbereitungs- und Bewerbungsprozess<br \/>\n\u2013 Literatur<br \/>\n\u2013 W\u00e4hrend der Pr\u00fcfung<\/p>\n<p style=\"padding-left: 40px;\"><strong>2. Die Kernliteratur f\u00fcr die Pr\u00fcfung<\/strong><\/p>\n<p style=\"padding-left: 80px;\">\u2013 PMBOK-Leitfaden<br \/>\n\u2013 Leitfaden f\u00fcr agile Praktiken<br \/>\n\u2013 Leitfaden f\u00fcr die Praxis von Prozessgruppen<\/p>\n<p style=\"padding-left: 40px;\"><strong>3. Leistungsbereich \u201e<\/strong><strong>Menschen&quot;<\/strong><\/p>\n<p style=\"padding-left: 80px;\">\u2013 Konfliktmanagement<br \/>\n\u2013 Teambildung<br \/>\n- F\u00fchrung<br \/>\n\u2013 Dienende F\u00fchrung<br \/>\n\u2013 Interkulturelle Teams<\/p>\n<p style=\"padding-left: 40px;\"><strong>4. Leistungsbereich \u201e<\/strong><strong>Verfahren&quot;<\/strong><\/p>\n<p style=\"padding-left: 80px;\">\u2013 Anforderungsmanagement<br \/>\n\u2013 Umfangmanagement<br \/>\n\u2013 Terminmanagement<br \/>\n\u2013 Kostenmanagement<br \/>\n\u2013 Ressourcenmanagement<br \/>\n\u2013 Risikomanagement<br \/>\n\u2013 Beschaffungsmanagement<br \/>\n\u2013 Kommunikationsmanagement<br \/>\n\u2013 \u00c4nderungsantragsmanagement<\/p>\n<p style=\"padding-left: 40px;\"><strong>5. Leistungsbereich \u201eGesch\u00e4ftsumfeld\u201c<\/strong><\/p>\n<p style=\"padding-left: 80px;\">\u2013 Investitionsanalyse<br \/>\n\u2013 Ver\u00e4nderungsmanagement<br \/>\n\u2013 Modelle f\u00fcr Unsicherheit<\/p>\n<p style=\"padding-left: 40px;\"><strong>N\u00e4chste Schritte<\/strong><\/p>\n<h3>Weitere Dienstleistungen<\/h3>\n<ul>\n<li>Unterst\u00fctzung bei der Pr\u00fcfungsanmeldung, um beim ersten Versuch von PMI zur Pr\u00fcfung zugelassen zu werden.<\/li>\n<li>Studienworkshops f\u00fcr Lernende zur Beantwortung von Fragen und zur Kl\u00e4rung von Bedenken.<\/li>\n<li>PDU-Workshops nach der Pr\u00fcfung zur Erlangung von Rezertifizierungspunkten (Professional Development Units \u2013 PDUs)<\/li>\n<\/ul>\n<h3>Bemerkungen:<\/h3>\n<ul>\n<li>F\u00fcr eine Firmenzertifizierung w\u00e4hlen Sie bitte die Online- oder Pr\u00e4senzversion. Ein PMP-Kurs sollte idealerweise bis zu 12 Teilnehmer haben, maximal jedoch 15. Bei einer gr\u00f6\u00dferen Teilnehmerzahl passen Sie die Anzahl der Seminareinheiten entsprechend an. Gemeinsam finden wir dann den f\u00fcr Sie passenden Kurstermin. <a href=\"https:\/\/oliverlehmann.com\/de\/trainer\/availability\/\" target=\"_blank\" rel=\"noopener\">Verf\u00fcgbarkeitsplan<\/a>.<\/li>\n<li>Bei Pr\u00e4senzveranstaltungen au\u00dferhalb des Gro\u00dfraums M\u00fcnchen k\u00f6nnen die Hotel- und Reisekosten erstattet werden.<\/li>\n<li>F\u00fcr Kunden in Deutschland wird die Mehrwertsteuer auf der Rechnung separat ausgewiesen. F\u00fcr Gesch\u00e4ftskunden innerhalb der EU gilt das Reverse-Charge-Verfahren.<\/li>\n<li>Der Trainer hat die PMI-Zertifizierung sowohl als PMP als auch als ATP-Instructor** bestanden. Der Kurs ist jedoch kein offizieller ATP-Kurs.<\/li>\n<\/ul>\n<p>Kontakt: Oliver F. Lehmann (<a href=\"mailto:oliver@oliverlehmann.com\" target=\"_blank\" rel=\"noopener\">E-Mail<\/a>, <a href=\"https:\/\/www.linkedin.com\/in\/oliverlehmann\/\" target=\"_blank\" rel=\"noopener\">LinkedIn<\/a>)<\/p>\n<p>________________________________________<\/p>\n<p>*: 36 Monate\/3 Jahre mit mindestens einem Bachelor-Abschluss oder einem gleichwertigen internationalen Abschluss. 60 Monate\/5 Jahre mit mindestens einem Realschulabschluss. Andere Bewerber werden von PMI nicht akzeptiert. Es k\u00f6nnte f\u00fcr sie hilfreich sein, sich Folgendes anzusehen: <a title=\"PBP-Zertifizierung\" href=\"https:\/\/oliverlehmann.com\/de\/pm-training\/individual-pbp-certification\/\">https:\/\/oliverlehmann.com\/de\/pm-training\/individual-pbp-certification<\/a>, wo \u201eStra\u00dfenintelligenz\u201c willkommen ist.<br \/>\n**: ATP: Autorisierter Schulungsanbieter, PMI-Programm f\u00fcr Schulungsinstitute<\/p>","protected":false},"excerpt":{"rendered":"<p><a href=\"#tab-description\">Klicken Sie hier f\u00fcr Details und Inhalte des Seminars.<\/a><\/p>\n<p>F\u00fcr eine Firmenzertifizierung w\u00e4hlen Sie bitte die Online- oder Pr\u00e4senzversion. Ein PMP-Kurs sollte idealerweise bis zu 12 Teilnehmer haben, maximal jedoch 15. Bei einer gr\u00f6\u00dferen Teilnehmerzahl passen Sie die Anzahl der Seminareinheiten entsprechend an. Gemeinsam finden wir dann den f\u00fcr Sie passenden Kurstermin. <a href=\"https:\/\/oliverlehmann.com\/de\/trainer\/availability\/\" target=\"_blank\" rel=\"noopener\">Verf\u00fcgbarkeitsplan<\/a>.<\/p>\n<p>Bei Pr\u00e4senzveranstaltungen au\u00dferhalb des Gro\u00dfraums M\u00fcnchen k\u00f6nnen die Hotel- und Reisekosten erstattet werden.<\/p>\n<p>F\u00fcr Kunden in Deutschland wird die Mehrwertsteuer auf der Rechnung separat ausgewiesen. F\u00fcr Gesch\u00e4ftskunden innerhalb der EU gilt das Reverse-Charge-Verfahren.<\/p>\n<p>Das Seminar umfasst:<\/p>\n<ul>\n<li><strong data-start=\"4\" data-end=\"63\">Projektmanagement-Professional (PMP) <\/strong>Training<\/li>\n<\/ul>\n<p><strong data-start=\"412\" data-end=\"431\">Die PMP-Zertifizierung <\/strong>wird von PMI separat durchgef\u00fchrt und in Rechnung gestellt.<\/p>\n<p>Unterst\u00fctzende Literatur beinhaltet:<\/p>\n<ul>\n<li><strong>Seminarunterlagen\u00a0<\/strong><br \/>\nAls digitaler Seminarbegleiter<\/li>\n<li><strong>PMP Study Workbook<\/strong><br \/>\nEin digitales Handbuch, voller Wissen, um die erworbenen F\u00e4higkeiten nach der Qualifikation anzuwenden<\/li>\n<li><strong>PMP-Pr\u00fcfungssimulator<\/strong><br \/>\nOnline-Testsimulator mit \u00fcber 2000 \u00dcbungsfragen zur Pr\u00fcfungsvorbereitung und zur Messung der Pr\u00fcfungsreife<\/li>\n<\/ul>","protected":false},"featured_media":5224,"comment_status":"closed","ping_status":"closed","template":"","meta":[],"product_brand":[],"product_cat":[47],"product_tag":[],"class_list":{"0":"post-5207","1":"product","2":"type-product","3":"status-publish","4":"has-post-thumbnail","6":"product_cat-corp_qualification","8":"first","9":"instock","10":"taxable","11":"shipping-taxable","12":"purchasable","13":"product-type-variable"},"aioseo_notices":[],"_links":{"self":[{"href":"https:\/\/oliverlehmann.com\/de\/wp-json\/wp\/v2\/product\/5207","targetHints":{"allow":["GET"]}}],"collection":[{"href":"https:\/\/oliverlehmann.com\/de\/wp-json\/wp\/v2\/product"}],"about":[{"href":"https:\/\/oliverlehmann.com\/de\/wp-json\/wp\/v2\/types\/product"}],"replies":[{"embeddable":true,"href":"https:\/\/oliverlehmann.com\/de\/wp-json\/wp\/v2\/comments?post=5207"}],"wp:featuredmedia":[{"embeddable":true,"href":"https:\/\/oliverlehmann.com\/de\/wp-json\/wp\/v2\/media\/5224"}],"wp:attachment":[{"href":"https:\/\/oliverlehmann.com\/de\/wp-json\/wp\/v2\/media?parent=5207"}],"wp:term":[{"taxonomy":"product_brand","embeddable":true,"href":"https:\/\/oliverlehmann.com\/de\/wp-json\/wp\/v2\/product_brand?post=5207"},{"taxonomy":"product_cat","embeddable":true,"href":"https:\/\/oliverlehmann.com\/de\/wp-json\/wp\/v2\/product_cat?post=5207"},{"taxonomy":"product_tag","embeddable":true,"href":"https:\/\/oliverlehmann.com\/de\/wp-json\/wp\/v2\/product_tag?post=5207"}],"curies":[{"name":"wp","href":"https:\/\/api.w.org\/{rel}","templated":true}]}}