{"id":5383,"date":"2025-08-11T16:16:57","date_gmt":"2025-08-11T15:16:57","guid":{"rendered":"https:\/\/oliverlehmann.com\/?post_type=product&#038;p=5383"},"modified":"2025-11-29T11:01:39","modified_gmt":"2025-11-29T10:01:39","slug":"pbp-qualification-live-corporate-sponsorship","status":"publish","type":"product","link":"https:\/\/oliverlehmann.com\/de\/produkt\/pbp-qualification-live-corporate-sponsorship\/","title":{"rendered":"PBP-Qualifizierung (Gutscheine)"},"content":{"rendered":"<p data-start=\"151\" data-end=\"568\"><strong>Dieses Angebot erm\u00f6glicht es Organisationen, eine Reihe digitaler Gutscheine f\u00fcr ihre Mitarbeiter und andere verbundene Personen zu kaufen und die Pr\u00fcfung f\u00fcr sie im Voraus zu bezahlen. <\/strong>Von den Empf\u00e4ngern als Gutscheine verwendet <strong><a title=\"PBP-Zertifizierung\" href=\"https:\/\/oliverlehmann.com\/de\/pm-training\/individual-pbp-certification\/\" target=\"_blank\" rel=\"noopener\">w\u00e4hrend der individuellen Seminar-\/Pr\u00fcfungsanmeldung<\/a><\/strong>Sie reduzieren den Preis f\u00fcr die Qualifikation und die Pr\u00fcfung auf null.<\/p>\n<p data-start=\"151\" data-end=\"568\">Die Zertifizierung zum Project Business Professional (PBP) ist ein intensives und zielgerichtetes Trainingsprogramm f\u00fcr Fachkr\u00e4fte, die unternehmens\u00fcbergreifende Projekte im Rahmen von Vertr\u00e4gen leiten. In vier kompakten, aber anspruchsvollen 3,5-st\u00fcndigen Einheiten erwerben die Teilnehmenden praxisnahe Kenntnisse in den rechtlichen, kaufm\u00e4nnischen und F\u00fchrungsaspekten des Projektmanagements. Der Kurs schlie\u00dft mit einer Zertifizierungspr\u00fcfung ab, die auf realen Fallbeispielen basiert.<\/p>\n<p data-start=\"570\" data-end=\"790\">Erfolgreiche Kandidaten erhalten die <strong data-start=\"601\" data-end=\"620\">PBP-Zertifikat<\/strong> von <strong data-start=\"630\" data-end=\"661\">Project Business Foundation<\/strong>und demonstrierten damit ihre Bereitschaft, Kundenprojekte nicht nur als Projektmanager, sondern auch als <strong data-start=\"758\" data-end=\"789\">echte Gesch\u00e4ftsleute<\/strong>.<\/p>\n<p data-start=\"792\" data-end=\"893\">Das Seminarpaket beinhaltet wichtige Literatur zur Unterst\u00fctzung des Lernens und der praktischen Anwendung:<\/p>\n<ul data-start=\"895\" data-end=\"1123\">\n<li data-start=\"895\" data-end=\"971\">\n<p data-start=\"897\" data-end=\"971\"><strong data-start=\"897\" data-end=\"920\">Das Seminarhandbuch<br \/>\n<\/strong>\u2013 Ein kompakter Begleiter w\u00e4hrend der Unterrichtsstunden.<\/p>\n<\/li>\n<li data-start=\"972\" data-end=\"1123\">\n<p data-start=\"974\" data-end=\"1123\"><strong data-start=\"974\" data-end=\"1009\">Das Projekt-Business-Kompendium<br \/>\n<\/strong>\u2013 Ein Nachschlagewerk voller praktischem Wissen, um die F\u00e4higkeiten auch nach der Qualifizierung weiter anzuwenden und zu vertiefen.<\/p>\n<\/li>\n<\/ul>\n<p>Details zur Zertifizierung: <a href=\"https:\/\/project-business.org\/certification\/pbp-certification\" target=\"_blank\" rel=\"noopener\">https:\/\/project-business.org\/certification\/pbp-certification<\/a><\/p>\n<p><img loading=\"lazy\" decoding=\"async\" class=\"aligncenter size-medium\" src=\"https:\/\/oliverlehmann.com\/wp-content\/uploads\/image-90-300x284.png\" alt=\"PBP Logo\" width=\"300\" height=\"284\" \/><\/p>\n<h6>Hinweis: Die Gutscheine sind 1 Jahr lang g\u00fcltig. Nicht genutzte Gutscheine werden nicht erstattet.<\/h6>","protected":false},"excerpt":{"rendered":"<p data-start=\"151\" data-end=\"568\"><strong>Dieses Angebot erm\u00f6glicht es Organisationen, eine Reihe digitaler Gutscheine f\u00fcr ihre Mitarbeiter und andere verbundene Personen zu kaufen und die Pr\u00fcfung f\u00fcr sie im Voraus zu bezahlen. <\/strong>Von den Empf\u00e4ngern als Gutscheine verwendet <strong><a title=\"PBP-Zertifizierung\" href=\"https:\/\/oliverlehmann.com\/de\/pm-training\/individual-pbp-certification\/\" target=\"_blank\" rel=\"noopener\">w\u00e4hrend der individuellen Seminar-\/Pr\u00fcfungsanmeldung<\/a><\/strong>Sie reduzieren den Preis f\u00fcr die Qualifikation und die Pr\u00fcfung auf null.<\/p>\n<p>Die Qualifikation umfasst:<\/p>\n<ul>\n<li><strong data-start=\"4\" data-end=\"63\">Projekt-Business-Professional (PBP) <\/strong>Training<\/li>\n<li><strong data-start=\"412\" data-end=\"431\">PBP-Zertifizierung <\/strong>durch die Project Business Foundation<\/li>\n<\/ul>\n<p>Unterst\u00fctzende Literatur beinhaltet:<\/p>\n<ul>\n<li><strong>Seminarunterlagen\u00a0<\/strong><br \/>\nAls digitaler Seminarbegleiter<\/li>\n<li><strong>Projekt-Business-Kompendium\u00a0<\/strong><br \/>\nEin digitales Handbuch, voller Wissen, um die erworbenen F\u00e4higkeiten nach der Qualifikation anzuwenden<\/li>\n<\/ul>\n<p>Details zur Zertifizierung: <a href=\"https:\/\/project-business.org\/certification\/pbp-certification\" target=\"_blank\" rel=\"noopener\">https:\/\/project-business.org\/certification\/pbp-certification<\/a><\/p>","protected":false},"featured_media":5430,"comment_status":"closed","ping_status":"closed","template":"","meta":[],"product_brand":[],"product_cat":[47],"product_tag":[],"class_list":{"0":"post-5383","1":"product","2":"type-product","3":"status-publish","4":"has-post-thumbnail","6":"product_cat-corp_qualification","8":"first","9":"instock","10":"virtual","11":"taxable","12":"purchasable","13":"product-type-simple"},"aioseo_notices":[],"_links":{"self":[{"href":"https:\/\/oliverlehmann.com\/de\/wp-json\/wp\/v2\/product\/5383","targetHints":{"allow":["GET"]}}],"collection":[{"href":"https:\/\/oliverlehmann.com\/de\/wp-json\/wp\/v2\/product"}],"about":[{"href":"https:\/\/oliverlehmann.com\/de\/wp-json\/wp\/v2\/types\/product"}],"replies":[{"embeddable":true,"href":"https:\/\/oliverlehmann.com\/de\/wp-json\/wp\/v2\/comments?post=5383"}],"wp:featuredmedia":[{"embeddable":true,"href":"https:\/\/oliverlehmann.com\/de\/wp-json\/wp\/v2\/media\/5430"}],"wp:attachment":[{"href":"https:\/\/oliverlehmann.com\/de\/wp-json\/wp\/v2\/media?parent=5383"}],"wp:term":[{"taxonomy":"product_brand","embeddable":true,"href":"https:\/\/oliverlehmann.com\/de\/wp-json\/wp\/v2\/product_brand?post=5383"},{"taxonomy":"product_cat","embeddable":true,"href":"https:\/\/oliverlehmann.com\/de\/wp-json\/wp\/v2\/product_cat?post=5383"},{"taxonomy":"product_tag","embeddable":true,"href":"https:\/\/oliverlehmann.com\/de\/wp-json\/wp\/v2\/product_tag?post=5383"}],"curies":[{"name":"wp","href":"https:\/\/api.w.org\/{rel}","templated":true}]}}