{"id":5436,"date":"2025-08-12T11:19:10","date_gmt":"2025-08-12T10:19:10","guid":{"rendered":"https:\/\/oliverlehmann.com\/?post_type=product&#038;p=5436"},"modified":"2025-11-29T11:02:06","modified_gmt":"2025-11-29T10:02:06","slug":"ace-qualification-corporate-sponsorship","status":"publish","type":"product","link":"https:\/\/oliverlehmann.com\/de\/produkt\/ace-qualification-corporate-sponsorship\/","title":{"rendered":"ACE-Qualifizierung (Gutscheine)"},"content":{"rendered":"<p data-start=\"151\" data-end=\"568\"><strong>Dieses Angebot erm\u00f6glicht es Organisationen, digitale Gutscheine f\u00fcr ihre Mitarbeiter und andere verbundene Personen zu kaufen und die Zertifizierung f\u00fcr sie im Voraus zu bezahlen. <\/strong>Von den Empf\u00e4ngern als Gutscheine verwendet <strong><a title=\"PBP-Zertifizierung\" href=\"https:\/\/oliverlehmann.com\/de\/pm-training\/individual-pbp-certification\/\" target=\"_blank\" rel=\"noopener\">w\u00e4hrend der Registrierung f\u00fcr die individuelle ACE-Bewertung<\/a><\/strong>Die Gutscheine reduzieren den Preis der Untersuchung auf null.<\/p>\n<p>Die\u00a0<strong data-start=\"4\" data-end=\"63\">Zugelassener Berater und Ausbilder (ACE) f\u00fcr Projekt-Business-Management\u00a0<\/strong>ist ein betreutes Selbstlernprogramm f\u00fcr Experten im Management unternehmens\u00fcbergreifender Projekte im Rahmen von Vertr\u00e4gen. Es besteht aus drei Einreichungen, in denen die Kandidaten ihr Verst\u00e4ndnis und ihr aktives Interesse am Thema Projektmanagement nachweisen. Das Programm endet mit der dritten Einreichung und der Verleihung des ACE-Zertifikats durch die [Organisation einf\u00fcgen].\u00a0<a href=\"https:\/\/project-business.org\/certification\/ace-certification\/\" target=\"_blank\" rel=\"noopener\">Project Business Foundation<\/a>.<\/p>\n<p>Einsendungen k\u00f6nnen Folgendes umfassen:<\/p>\n<ul>\n<li>Artikel<\/li>\n<li>Videos<\/li>\n<li>Pr\u00e4sentationen<\/li>\n<li>Interviews<\/li>\n<li>\u2026oder andere Medien, wie in der\u00a0<a href=\"https:\/\/project-business.org\/wp-content\/PDFs\/ACE_Handbook.pdf\" target=\"_blank\" rel=\"noopener\">ACE-Handbuch<\/a><\/li>\n<\/ul>\n<p>Erfolgreiche Kandidaten erhalten die\u00a0<strong data-start=\"412\" data-end=\"431\">ACE-Zertifikat<\/strong> von der Project Business Foundation, die ihre F\u00e4higkeit unter Beweis stellt, Praktiker und Organisationen zu beraten und zu schulen, die Kundenprojekte verwalten oder Projektarbeiten an Netzwerke von Auftragnehmern auslagern.<\/p>\n<p data-start=\"151\" data-end=\"568\">Details zur Zertifizierung: <a href=\"https:\/\/oliverlehmann.com\/de\/ace-certification\/\" target=\"_blank\" rel=\"noopener\">https:\/\/project-business.org\/certification\/ace-certification<\/a><\/p>\n<p><img loading=\"lazy\" decoding=\"async\" class=\"alignnone size-medium wp-image-4841 aligncenter\" src=\"https:\/\/oliverlehmann.com\/wp-content\/uploads\/image-91-300x284.png\" alt=\"\" width=\"300\" height=\"284\" srcset=\"https:\/\/oliverlehmann.com\/wp-content\/uploads\/image-91-300x284.png 300w, https:\/\/oliverlehmann.com\/wp-content\/uploads\/image-91-768x727.png 768w, https:\/\/oliverlehmann.com\/wp-content\/uploads\/image-91-13x12.png 13w, https:\/\/oliverlehmann.com\/wp-content\/uploads\/image-91.png 853w\" sizes=\"auto, (max-width: 300px) 100vw, 300px\" \/><\/p>\n<h6>Hinweis: Die Gutscheine sind 1 Jahr lang g\u00fcltig. Nicht genutzte Gutscheine werden nicht erstattet.<\/h6>","protected":false},"excerpt":{"rendered":"<p data-start=\"151\" data-end=\"568\"><strong>Dieses Angebot erm\u00f6glicht es Organisationen, eine Reihe digitaler Gutscheine f\u00fcr ihre Mitarbeiter und andere verbundene Personen zu kaufen und die Zertifizierung f\u00fcr sie im Voraus zu bezahlen. <\/strong>Von den Empf\u00e4ngern als Gutscheine verwendet <strong><a title=\"PBP-Zertifizierung\" href=\"https:\/\/oliverlehmann.com\/de\/pm-training\/individual-pbp-certification\/\" target=\"_blank\" rel=\"noopener\">w\u00e4hrend der Registrierung f\u00fcr die individuelle ACE-Bewertung<\/a><\/strong>Sie reduzieren den Preis der Begutachtung auf null.<\/p>\n<p>Die\u00a0<strong data-start=\"4\" data-end=\"63\">Zugelassener Berater und Ausbilder (ACE) f\u00fcr Projekt-Business-Management\u00a0<\/strong>ist ein betreutes Selbstlernprogramm f\u00fcr Experten im Management unternehmens\u00fcbergreifender Projekte im Rahmen von Vertr\u00e4gen. Es besteht aus drei Einreichungen, in denen die Kandidaten ihr Verst\u00e4ndnis und ihr aktives Interesse am Thema Projektmanagement nachweisen. Das Programm endet mit der dritten Einreichung und der Verleihung des ACE-Zertifikats durch die [Organisation einf\u00fcgen].\u00a0<a href=\"https:\/\/project-business.org\/certification\/ace-certification\/\" target=\"_blank\" rel=\"noopener\">Project Business Foundation<\/a>.<\/p>\n<p>Details zur Zertifizierung: <a href=\"https:\/\/oliverlehmann.com\/de\/ace-certification\/\" target=\"_blank\" rel=\"noopener\">https:\/\/project-business.org\/certification\/ace-certification<\/a><\/p>\n<p>&nbsp;<\/p>","protected":false},"featured_media":5441,"comment_status":"closed","ping_status":"closed","template":"","meta":[],"product_brand":[],"product_cat":[47],"product_tag":[],"class_list":{"0":"post-5436","1":"product","2":"type-product","3":"status-publish","4":"has-post-thumbnail","6":"product_cat-corp_qualification","8":"first","9":"instock","10":"virtual","11":"taxable","12":"purchasable","13":"product-type-simple"},"aioseo_notices":[],"_links":{"self":[{"href":"https:\/\/oliverlehmann.com\/de\/wp-json\/wp\/v2\/product\/5436","targetHints":{"allow":["GET"]}}],"collection":[{"href":"https:\/\/oliverlehmann.com\/de\/wp-json\/wp\/v2\/product"}],"about":[{"href":"https:\/\/oliverlehmann.com\/de\/wp-json\/wp\/v2\/types\/product"}],"replies":[{"embeddable":true,"href":"https:\/\/oliverlehmann.com\/de\/wp-json\/wp\/v2\/comments?post=5436"}],"wp:featuredmedia":[{"embeddable":true,"href":"https:\/\/oliverlehmann.com\/de\/wp-json\/wp\/v2\/media\/5441"}],"wp:attachment":[{"href":"https:\/\/oliverlehmann.com\/de\/wp-json\/wp\/v2\/media?parent=5436"}],"wp:term":[{"taxonomy":"product_brand","embeddable":true,"href":"https:\/\/oliverlehmann.com\/de\/wp-json\/wp\/v2\/product_brand?post=5436"},{"taxonomy":"product_cat","embeddable":true,"href":"https:\/\/oliverlehmann.com\/de\/wp-json\/wp\/v2\/product_cat?post=5436"},{"taxonomy":"product_tag","embeddable":true,"href":"https:\/\/oliverlehmann.com\/de\/wp-json\/wp\/v2\/product_tag?post=5436"}],"curies":[{"name":"wp","href":"https:\/\/api.w.org\/{rel}","templated":true}]}}