{"id":5692,"date":"2025-08-18T07:46:36","date_gmt":"2025-08-18T06:46:36","guid":{"rendered":"https:\/\/oliverlehmann.com\/?post_type=product&#038;p=5692"},"modified":"2025-09-09T12:15:57","modified_gmt":"2025-09-09T11:15:57","slug":"capm-qualification-live-corporate-class-copy","status":"publish","type":"product","link":"https:\/\/oliverlehmann.com\/de\/produkt\/capm-qualification-live-corporate-class-copy\/","title":{"rendered":"CAPM-Qualifikation Live (Firmenkurs)"},"content":{"rendered":"<p>Das Unternehmen <strong data-start=\"4\" data-end=\"63\">Vorbereitungskurs f\u00fcr die Zertifizierung zum Certified Associate in Project Management (CAPM)<\/strong> ist ein intensives und zielgerichtetes Trainingsprogramm f\u00fcr Einsteiger im Projektmanagement. In drei Intensivkursen (23 Unterrichtsstunden) erf\u00fcllen die Teilnehmer die Voraussetzungen f\u00fcr die Pr\u00fcfungszulassung und erwerben fundierte Kenntnisse im Projektmanagement, einschlie\u00dflich praktischer Fertigkeiten in Projektmanagementmethoden wie:<\/p>\n<ul>\n<li>Traditionelle Methoden\n<ul>\n<li>&quot;Wasserfall&quot;<\/li>\n<li>\u201eRollende Welle\u201c<\/li>\n<\/ul>\n<\/li>\n<li>Agile Methoden<\/li>\n<li>Hybridans\u00e4tze, die die oben genannten Methoden kombinieren<\/li>\n<\/ul>\n<p>Unternehmen, die Projekte als Auftragnehmer f\u00fcr zahlende Kunden durchf\u00fchren, profitieren davon, leichter neue Auftr\u00e4ge zu gewinnen. Der Trainer wird diesen praktischen Aspekt des erworbenen Wissens besonders hervorheben.<\/p>\n<p>Der Kurs schlie\u00dft mit einer Teilnahmebescheinigung ab, die den Teilnehmern als Nachweis gegen\u00fcber PMI dient, dass sie \u201e23 Unterrichtsstunden\u201c absolviert haben \u2013 eine Voraussetzung f\u00fcr die Pr\u00fcfungszulassung. Die Pr\u00fcfung wird von PMI durchgef\u00fchrt und separat in Rechnung gestellt.<\/p>\n<p>Wir empfehlen Studenten dringend, dem PMI (Project Management Institute) zumindest f\u00fcr das Jahr, in dem sie auf die Zertifizierung hinarbeiten, als Mitglied beizutreten.<\/p>\n<p>Erfolgreiche Kandidaten erhalten die <strong data-start=\"412\" data-end=\"431\">CAPM-Zertifikat<\/strong> von PMI, was ihre F\u00e4higkeit beweist, Kundenprojekte als echte Projektprofis zu managen.<\/p>\n<h3>Seminarliteratur<\/h3>\n<h4><strong>Das Seminarhandbuch<\/strong><\/h4>\n<p><img loading=\"lazy\" decoding=\"async\" class=\"wp-image-5697 size-medium aligncenter\" src=\"https:\/\/oliverlehmann.com\/wp-content\/uploads\/CAPM-Handout-Title-211x300.png\" alt=\"\" width=\"211\" height=\"300\" srcset=\"https:\/\/oliverlehmann.com\/wp-content\/uploads\/CAPM-Handout-Title-211x300.png 211w, https:\/\/oliverlehmann.com\/wp-content\/uploads\/CAPM-Handout-Title-721x1024.png 721w, https:\/\/oliverlehmann.com\/wp-content\/uploads\/CAPM-Handout-Title-768x1091.png 768w, https:\/\/oliverlehmann.com\/wp-content\/uploads\/CAPM-Handout-Title-8x12.png 8w, https:\/\/oliverlehmann.com\/wp-content\/uploads\/CAPM-Handout-Title-600x852.png 600w, https:\/\/oliverlehmann.com\/wp-content\/uploads\/CAPM-Handout-Title.png 1048w\" sizes=\"auto, (max-width: 211px) 100vw, 211px\" \/><\/p>\n<ul>\n<li>265 Seiten<\/li>\n<li>Wurde von den Teilnehmern w\u00e4hrend des Seminars verwendet.<\/li>\n<li>Enth\u00e4lt 110 \u00dcbungsfragen.<\/li>\n<\/ul>\n<h4><strong>Die Studierenden erhalten au\u00dferdem:\u00a0<\/strong><strong>Das PMP-Studienbuch<\/strong><\/h4>\n<p><img loading=\"lazy\" decoding=\"async\" class=\"alignnone size-medium wp-image-5347 aligncenter\" src=\"https:\/\/oliverlehmann.com\/wp-content\/uploads\/PMP-Study-Workbook-211x300.jpg\" alt=\"\" width=\"211\" height=\"300\" srcset=\"https:\/\/oliverlehmann.com\/wp-content\/uploads\/PMP-Study-Workbook-211x300.jpg 211w, https:\/\/oliverlehmann.com\/wp-content\/uploads\/PMP-Study-Workbook-720x1024.jpg 720w, https:\/\/oliverlehmann.com\/wp-content\/uploads\/PMP-Study-Workbook-768x1092.jpg 768w, https:\/\/oliverlehmann.com\/wp-content\/uploads\/PMP-Study-Workbook-8x12.jpg 8w, https:\/\/oliverlehmann.com\/wp-content\/uploads\/PMP-Study-Workbook-600x853.jpg 600w, https:\/\/oliverlehmann.com\/wp-content\/uploads\/PMP-Study-Workbook.jpg 907w\" sizes=\"auto, (max-width: 211px) 100vw, 211px\" \/><\/p>\n<ul>\n<li>462 Seiten<\/li>\n<li>Vollgepackt mit Wissen, um die erlernten F\u00e4higkeiten nach dem Abschluss anzuwenden.<\/li>\n<li>Dadurch entf\u00e4llt das Lesen von drei B\u00fcchern, wodurch die Vorbereitung und Qualifizierung besser mit dem vollen Terminkalender eines modernen Projektmanagers vereinbar sind.<\/li>\n<li>Enth\u00e4lt 180 zus\u00e4tzliche \u00dcbungsfragen.<\/li>\n<\/ul>\n<h3>Seminarinhalte und Agenda<\/h3>\n<ol>\n<li><strong>Inhalt<\/strong><\/li>\n<li><strong>Einf\u00fchrung<\/strong><\/li>\n<li><strong>Bereich 1: Grundlagen<\/strong><\/li>\n<li><strong>Dom\u00e4ne 2: Vorhersage<\/strong><\/li>\n<li><strong>Dom\u00e4ne 3: Agil<\/strong><\/li>\n<li><strong>Bereich 4: Gesch\u00e4ftsanalyse<br \/>\n<\/strong><\/li>\n<li><strong>N\u00e4chste Schritte<\/strong><\/li>\n<\/ol>\n<h3>Weitere Dienstleistungen<\/h3>\n<ul>\n<li>Unterst\u00fctzung bei der Pr\u00fcfungsanmeldung, um beim ersten Versuch von PMI zur Pr\u00fcfung zugelassen zu werden.<\/li>\n<li>Studienworkshops f\u00fcr Lernende zur Beantwortung von Fragen und zur Kl\u00e4rung von Bedenken.<\/li>\n<li>PDU-Workshops nach der Pr\u00fcfung zur Erlangung von Rezertifizierungspunkten (Professional Development Units \u2013 PDUs)<\/li>\n<\/ul>\n<h3>Bemerkungen:<\/h3>\n<ul>\n<li>F\u00fcr eine Firmenqualifizierung w\u00e4hlen Sie bitte die Online- oder Pr\u00e4senzversion. Ein CAPM-Kurs sollte idealerweise bis zu 12 Teilnehmer haben, maximal jedoch 15. Bei einer gr\u00f6\u00dferen Teilnehmerzahl passen Sie die Anzahl der Seminartermine entsprechend an. Gemeinsam finden wir dann den f\u00fcr Sie passenden Kurstermin. <a href=\"https:\/\/oliverlehmann.com\/de\/trainer\/availability\/\" target=\"_blank\" rel=\"noopener\">Verf\u00fcgbarkeitsplan<\/a>.<\/li>\n<li>Alternativ k\u00f6nnen CAPM-Kandidaten an firmeninternen PMP-Schulungen teilnehmen, die f\u00fcr den Moment m\u00f6glicherweise \u00fcber ihren Bedarf hinausgehen, sich aber sp\u00e4ter als hilfreich erweisen k\u00f6nnten, wenn sie auf die PMP-Zertifizierung \u201eaufwerten\u201c.<\/li>\n<li>Bei Pr\u00e4senzveranstaltungen au\u00dferhalb des Gro\u00dfraums M\u00fcnchen k\u00f6nnen die Hotel- und Reisekosten erstattet werden.<\/li>\n<li>F\u00fcr Kunden in Deutschland wird die Mehrwertsteuer auf der Rechnung separat ausgewiesen. F\u00fcr Gesch\u00e4ftskunden innerhalb der EU gilt das Reverse-Charge-Verfahren.<\/li>\n<li>Der Trainer hat die PMI-Zertifizierung sowohl als CAPM als auch als ATP-Instruktor** bestanden. Der Kurs ist jedoch kein offizieller ATP-Kurs.<\/li>\n<\/ul>\n<p>Kontakt: Oliver F. Lehmann (<a href=\"mailto:oliver@oliverlehmann.com\" target=\"_blank\" rel=\"noopener\">E-Mail<\/a>, <a href=\"https:\/\/www.linkedin.com\/in\/oliverlehmann\/\" target=\"_blank\" rel=\"noopener\">LinkedIn<\/a>)<\/p>\n<p>________________________________________<\/p>\n<p>**: ATP: Autorisierter Schulungsanbieter, PMI-Programm f\u00fcr Schulungsinstitute<\/p>","protected":false},"excerpt":{"rendered":"<p><a href=\"#tab-description\">Klicken Sie hier f\u00fcr Details und Inhalte des Seminars.<\/a><\/p>\n<p>F\u00fcr eine Firmenqualifizierung w\u00e4hlen Sie bitte die Online- oder Pr\u00e4senzversion. Ein CAPM-Kurs sollte idealerweise bis zu 12 Teilnehmer haben, maximal jedoch 15. Bei einer gr\u00f6\u00dferen Teilnehmerzahl passen Sie die Anzahl der Seminartermine entsprechend an. Gemeinsam finden wir dann den f\u00fcr Sie passenden Kurstermin. <a href=\"https:\/\/oliverlehmann.com\/de\/trainer\/availability\/\" target=\"_blank\" rel=\"noopener\">Verf\u00fcgbarkeitsplan<\/a>.<\/p>\n<p>Alternativ k\u00f6nnen CAPM-Kandidaten an firmeninternen PMP-Schulungen teilnehmen, die f\u00fcr den Moment m\u00f6glicherweise \u00fcber ihren Bedarf hinausgehen, sich aber sp\u00e4ter als hilfreich erweisen k\u00f6nnten, wenn sie auf die PMP-Zertifizierung \u201eaufwerten\u201c.<\/p>\n<p>Bei Pr\u00e4senzveranstaltungen au\u00dferhalb des Gro\u00dfraums M\u00fcnchen k\u00f6nnen die Hotel- und Reisekosten erstattet werden.<\/p>\n<p>F\u00fcr Kunden in Deutschland wird die Mehrwertsteuer auf der Rechnung separat ausgewiesen. F\u00fcr Gesch\u00e4ftskunden innerhalb der EU gilt das Reverse-Charge-Verfahren.<\/p>\n<p>Das Seminar umfasst:<\/p>\n<ul>\n<li><strong data-start=\"4\" data-end=\"63\">Zertifizierter Associate in Project Management (CAPM) <\/strong>Training<\/li>\n<\/ul>\n<p><strong data-start=\"412\" data-end=\"431\">Die CAPM-Zertifizierung <\/strong>wird von PMI separat durchgef\u00fchrt und in Rechnung gestellt.<\/p>\n<p>Unterst\u00fctzende Literatur beinhaltet:<\/p>\n<ul>\n<li><strong>Seminarunterlagen\u00a0<\/strong><br \/>\nAls digitaler Seminarbegleiter<\/li>\n<li><strong>PMP Study Workbook<\/strong><br \/>\nEin digitales Handbuch, voller Wissen, um die erworbenen F\u00e4higkeiten nach der Qualifikation anzuwenden<\/li>\n<\/ul>","protected":false},"featured_media":5779,"comment_status":"open","ping_status":"closed","template":"","meta":[],"product_brand":[],"product_cat":[47],"product_tag":[],"class_list":{"0":"post-5692","1":"product","2":"type-product","3":"status-publish","4":"has-post-thumbnail","6":"product_cat-corp_qualification","8":"first","9":"instock","10":"taxable","11":"shipping-taxable","12":"purchasable","13":"product-type-variable"},"aioseo_notices":[],"_links":{"self":[{"href":"https:\/\/oliverlehmann.com\/de\/wp-json\/wp\/v2\/product\/5692","targetHints":{"allow":["GET"]}}],"collection":[{"href":"https:\/\/oliverlehmann.com\/de\/wp-json\/wp\/v2\/product"}],"about":[{"href":"https:\/\/oliverlehmann.com\/de\/wp-json\/wp\/v2\/types\/product"}],"replies":[{"embeddable":true,"href":"https:\/\/oliverlehmann.com\/de\/wp-json\/wp\/v2\/comments?post=5692"}],"wp:featuredmedia":[{"embeddable":true,"href":"https:\/\/oliverlehmann.com\/de\/wp-json\/wp\/v2\/media\/5779"}],"wp:attachment":[{"href":"https:\/\/oliverlehmann.com\/de\/wp-json\/wp\/v2\/media?parent=5692"}],"wp:term":[{"taxonomy":"product_brand","embeddable":true,"href":"https:\/\/oliverlehmann.com\/de\/wp-json\/wp\/v2\/product_brand?post=5692"},{"taxonomy":"product_cat","embeddable":true,"href":"https:\/\/oliverlehmann.com\/de\/wp-json\/wp\/v2\/product_cat?post=5692"},{"taxonomy":"product_tag","embeddable":true,"href":"https:\/\/oliverlehmann.com\/de\/wp-json\/wp\/v2\/product_tag?post=5692"}],"curies":[{"name":"wp","href":"https:\/\/api.w.org\/{rel}","templated":true}]}}